{"id":5170,"date":"2022-09-21T12:35:02","date_gmt":"2022-09-21T12:35:02","guid":{"rendered":"https:\/\/fxglobeeu.wpenginepowered.com\/obchodovani\/licence-predpisy\/"},"modified":"2025-12-15T16:31:57","modified_gmt":"2025-12-15T16:31:57","slug":"licence-predpisy","status":"publish","type":"page","link":"https:\/\/www.fxglobe.eu\/cs\/obchodovani\/licence-predpisy\/","title":{"rendered":"Licence &amp; Regulace"},"content":{"rendered":"\t\t<div data-elementor-type=\"wp-page\" data-elementor-id=\"5170\" class=\"elementor elementor-5170 elementor-566\" data-elementor-post-type=\"page\">\n\t\t\t\t<div class=\"elementor-element elementor-element-0117f53 e-con-full e-flex e-con e-parent\" data-id=\"0117f53\" data-element_type=\"container\" data-e-type=\"container\">\n\t\t\t\t<div class=\"elementor-element elementor-element-a994284 elementor-absolute elementor-hidden-mobile elementor-invisible elementor-widget elementor-widget-image\" data-id=\"a994284\" data-element_type=\"widget\" data-e-type=\"widget\" data-settings=\"{&quot;_position&quot;:&quot;absolute&quot;,&quot;motion_fx_motion_fx_mouse&quot;:&quot;yes&quot;,&quot;motion_fx_mouseTrack_effect&quot;:&quot;yes&quot;,&quot;motion_fx_mouseTrack_speed&quot;:{&quot;unit&quot;:&quot;px&quot;,&quot;size&quot;:0.2,&quot;sizes&quot;:[]},&quot;_animation&quot;:&quot;zoomIn&quot;}\" data-widget_type=\"image.default\">\n\t\t\t\t<div class=\"elementor-widget-container\">\n\t\t\t\t\t\t\t\t\t\t\t\t\t\t\t<img decoding=\"async\" width=\"33\" height=\"33\" src=\"https:\/\/www.fxglobe.eu\/wp-content\/uploads\/2022\/09\/orange-ball.svg\" class=\"attachment-full size-full wp-image-3416\" alt=\"\" \/>\t\t\t\t\t\t\t\t\t\t\t\t\t\t\t<\/div>\n\t\t\t\t<\/div>\n\t\t<div class=\"elementor-element elementor-element-b29c243 e-con-full e-flex e-con e-child\" data-id=\"b29c243\" data-element_type=\"container\" data-e-type=\"container\" data-settings=\"{&quot;background_background&quot;:&quot;classic&quot;}\">\n\t\t\t\t<div class=\"elementor-element elementor-element-1f36460 elementor-widget__width-initial elementor-absolute animated-slow elementor-invisible elementor-widget elementor-widget-image\" data-id=\"1f36460\" data-element_type=\"widget\" data-e-type=\"widget\" data-settings=\"{&quot;_position&quot;:&quot;absolute&quot;,&quot;_animation&quot;:&quot;fadeInLeft&quot;}\" data-widget_type=\"image.default\">\n\t\t\t\t<div class=\"elementor-widget-container\">\n\t\t\t\t\t\t\t\t\t\t\t\t\t\t\t<img decoding=\"async\" width=\"117\" height=\"153\" src=\"https:\/\/www.fxglobe.eu\/wp-content\/uploads\/2022\/09\/Big-ball-left.png\" class=\"attachment-full size-full wp-image-3256\" alt=\"\" \/>\t\t\t\t\t\t\t\t\t\t\t\t\t\t\t<\/div>\n\t\t\t\t<\/div>\n\t\t<div class=\"elementor-element elementor-element-15896d7 e-con-full e-flex e-con e-child\" data-id=\"15896d7\" data-element_type=\"container\" data-e-type=\"container\">\n\t\t\t\t<div class=\"elementor-element elementor-element-b394157 elementor-widget__width-inherit elementor-widget elementor-widget-heading\" data-id=\"b394157\" data-element_type=\"widget\" data-e-type=\"widget\" data-widget_type=\"heading.default\">\n\t\t\t\t<div class=\"elementor-widget-container\">\n\t\t\t\t\t<h6 class=\"elementor-heading-title elementor-size-default\">O n\u00e1s<\/h6>\t\t\t\t<\/div>\n\t\t\t\t<\/div>\n\t\t\t\t<div class=\"elementor-element elementor-element-0a27835 elementor-widget__width-inherit elementor-widget elementor-widget-heading\" data-id=\"0a27835\" data-element_type=\"widget\" data-e-type=\"widget\" data-widget_type=\"heading.default\">\n\t\t\t\t<div class=\"elementor-widget-container\">\n\t\t\t\t\t<h1 class=\"elementor-heading-title elementor-size-default\">Licence &amp; regulace<span style=\"color:#DA2D16\">.<\/span><\/h1>\t\t\t\t<\/div>\n\t\t\t\t<\/div>\n\t\t\t\t<div class=\"elementor-element elementor-element-492295e elementor-widget elementor-widget-text-editor\" data-id=\"492295e\" data-element_type=\"widget\" data-e-type=\"widget\" data-widget_type=\"text-editor.default\">\n\t\t\t\t<div class=\"elementor-widget-container\">\n\t\t\t\t\t\t\t\t\t<p>P\u0159esta\u0148te si d\u011blat starosti, jsme licencov\u00e1ni a regulov\u00e1ni.<\/p>\n\t\t\t\t\t\t\t\t<\/div>\n\t\t\t\t<\/div>\n\t\t\t\t<\/div>\n\t\t\t\t<\/div>\n\t\t\t\t<\/div>\n\t\t<div class=\"elementor-element elementor-element-e483594 e-flex e-con-boxed e-con e-parent\" data-id=\"e483594\" data-element_type=\"container\" data-e-type=\"container\">\n\t\t\t\t\t<div class=\"e-con-inner\">\n\t\t<div class=\"elementor-element elementor-element-b4ea80b e-flex e-con-boxed e-con e-child\" data-id=\"b4ea80b\" data-element_type=\"container\" data-e-type=\"container\" data-settings=\"{&quot;background_background&quot;:&quot;classic&quot;}\">\n\t\t\t\t\t<div class=\"e-con-inner\">\n\t\t\t\t<div class=\"elementor-element elementor-element-386bdad elementor-widget__width-inherit elementor-widget elementor-widget-heading\" data-id=\"386bdad\" data-element_type=\"widget\" data-e-type=\"widget\" data-widget_type=\"heading.default\">\n\t\t\t\t<div class=\"elementor-widget-container\">\n\t\t\t\t\t<h2 class=\"elementor-heading-title elementor-size-default\">Podrobnosti o licenci<span style=\"color:#DA2D16\">.<\/span><\/h2>\t\t\t\t<\/div>\n\t\t\t\t<\/div>\n\t\t\t\t<div class=\"elementor-element elementor-element-ed60b0c elementor-widget elementor-widget-text-editor\" data-id=\"ed60b0c\" data-element_type=\"widget\" data-e-type=\"widget\" data-widget_type=\"text-editor.default\">\n\t\t\t\t<div class=\"elementor-widget-container\">\n\t\t\t\t\t\t\t\t\t<p>SPOLE\u010cNOST FXGLOBE LIMITED JE USAZENA NA KYPRU, JE OPR\u00c1VN\u011aNA A REGULOV\u00c1NA KYPERSKOU KOMIS\u00cd PRO CENN\u00c9 PAP\u00cdRY A BURZU (CYSEC), \u010c\u00cdSLO LICENCE 205\/13.<\/p>\n<p>FXGlobe Limited je kypersk\u00e1 investi\u010dn\u00ed spole\u010dnost s \u0159\u00e1dn\u00fdm povolen\u00edm k poskytov\u00e1n\u00ed investi\u010dn\u00edch slu\u017eeb: p\u0159ij\u00edm\u00e1n\u00ed a p\u0159ed\u00e1v\u00e1n\u00ed p\u0159\u00edkaz\u016f t\u00fdkaj\u00edc\u00edch se jednoho nebo v\u00edce finan\u010dn\u00edch n\u00e1stroj\u016f; prov\u00e1d\u011bn\u00ed p\u0159\u00edkaz\u016f jm\u00e9nem klient\u016f; a dopl\u0148kov\u00fdch slu\u017eeb: \u00faschova a spr\u00e1va finan\u010dn\u00edch n\u00e1stroj\u016f, v\u010detn\u011b opatrovnictv\u00ed a souvisej\u00edc\u00edch slu\u017eeb; poskytov\u00e1n\u00ed \u00fav\u011br\u016f nebo p\u016fj\u010dek na jeden nebo v\u00edce finan\u010dn\u00edch n\u00e1stroj\u016f, pokud se na transakci pod\u00edl\u00ed spole\u010dnost poskytuj\u00edc\u00ed \u00fav\u011br nebo p\u016fj\u010dku; a devizov\u00e9 slu\u017eby, pokud jsou spojeny s poskytov\u00e1n\u00edm investi\u010dn\u00edch slu\u017eeb.<\/p>\n<p>Spole\u010dnost FXGlobe Limited je opr\u00e1vn\u011bna poskytovat sv\u00e9 slu\u017eby p\u0159eshrani\u010dn\u011b v \u010dlensk\u00fdch st\u00e1tech Evropsk\u00e9ho hospod\u00e1\u0159sk\u00e9ho prostoru. FXGlobe Limited poskytuje sv\u00e9 slu\u017eby na z\u00e1klad\u011b licence <a href=\"http:\/\/www.cysec.gov.cy\/en-GB\/entities\/investment-firms\/cypriot\/37672\/\" target=\"_blank\" rel=\"noopener\"> CySEC (registra\u010dn\u00ed \u010d\u00edslo 205\/13) <\/a>.<\/p>\n\t\t\t\t\t\t\t\t<\/div>\n\t\t\t\t<\/div>\n\t\t\t\t\t<\/div>\n\t\t\t\t<\/div>\n\t\t<div class=\"elementor-element elementor-element-43aece1 e-flex e-con-boxed e-con e-child\" data-id=\"43aece1\" data-element_type=\"container\" data-e-type=\"container\" data-settings=\"{&quot;background_background&quot;:&quot;classic&quot;}\">\n\t\t\t\t\t<div class=\"e-con-inner\">\n\t\t\t\t<div class=\"elementor-element elementor-element-296dcba elementor-widget__width-inherit elementor-widget elementor-widget-heading\" data-id=\"296dcba\" data-element_type=\"widget\" data-e-type=\"widget\" data-widget_type=\"heading.default\">\n\t\t\t\t<div class=\"elementor-widget-container\">\n\t\t\t\t\t<h2 class=\"elementor-heading-title elementor-size-default\">Bezpe\u010dn\u00e9 bankovnictv\u00ed &amp; manipulace s pen\u011bzi<span style=\"color:#DA2D16\">.<\/span><\/h2>\t\t\t\t<\/div>\n\t\t\t\t<\/div>\n\t\t\t\t<div class=\"elementor-element elementor-element-a2ae439 elementor-widget elementor-widget-text-editor\" data-id=\"a2ae439\" data-element_type=\"widget\" data-e-type=\"widget\" data-widget_type=\"text-editor.default\">\n\t\t\t\t<div class=\"elementor-widget-container\">\n\t\t\t\t\t\t\t\t\t<p>Pro FXGlobe je nejd\u016fle\u017eit\u011bj\u0161\u00ed bezpe\u010dnost finan\u010dn\u00edch prost\u0159edk\u016f na\u0161ich obchodn\u00edk\u016f. Proto FXGlobe dodr\u017euje nejvy\u0161\u0161\u00ed standardy a uplat\u0148uje p\u0159\u00edsn\u00e1 pravidla p\u0159i nakl\u00e1d\u00e1n\u00ed s va\u0161emi investicemi:<\/p>\n\t\t\t\t\t\t\t\t<\/div>\n\t\t\t\t<\/div>\n\t\t\t\t<div class=\"elementor-element elementor-element-684fffd elementor-icon-list--layout-traditional elementor-list-item-link-full_width elementor-widget elementor-widget-icon-list\" data-id=\"684fffd\" data-element_type=\"widget\" data-e-type=\"widget\" data-widget_type=\"icon-list.default\">\n\t\t\t\t<div class=\"elementor-widget-container\">\n\t\t\t\t\t\t\t<ul class=\"elementor-icon-list-items\">\n\t\t\t\t\t\t\t<li class=\"elementor-icon-list-item\">\n\t\t\t\t\t\t\t\t\t\t\t<span class=\"elementor-icon-list-icon\">\n\t\t\t\t\t\t\t<i aria-hidden=\"true\" class=\"fas fa-circle\"><\/i>\t\t\t\t\t\t<\/span>\n\t\t\t\t\t\t\t\t\t\t<span class=\"elementor-icon-list-text\"> \u017d\u00e1dn\u00e9 dal\u0161\u00ed provize ani opakovan\u00e9 nab\u00eddky <\/span>\n\t\t\t\t\t\t\t\t\t<\/li>\n\t\t\t\t\t\t\t\t<li class=\"elementor-icon-list-item\">\n\t\t\t\t\t\t\t\t\t\t\t<span class=\"elementor-icon-list-icon\">\n\t\t\t\t\t\t\t<i aria-hidden=\"true\" class=\"fas fa-circle\"><\/i>\t\t\t\t\t\t<\/span>\n\t\t\t\t\t\t\t\t\t\t<span class=\"elementor-icon-list-text\"> Va\u0161e finan\u010dn\u00ed prost\u0159edky jsou odd\u011bleny od vlastn\u00edch finan\u010dn\u00edch prost\u0159edk\u016f spole\u010dnosti FXGlobe v evropsk\u00fdch bank\u00e1ch a na\u0161e spole\u010dnost ani \u017e\u00e1dn\u00e1 jin\u00e1 t\u0159et\u00ed strana je nem\u016f\u017ee za \u017e\u00e1dn\u00fdch okolnost\u00ed pou\u017e\u00edt. <\/span>\n\t\t\t\t\t\t\t\t\t<\/li>\n\t\t\t\t\t\t\t\t<li class=\"elementor-icon-list-item\">\n\t\t\t\t\t\t\t\t\t\t\t<span class=\"elementor-icon-list-icon\">\n\t\t\t\t\t\t\t<i aria-hidden=\"true\" class=\"fas fa-circle\"><\/i>\t\t\t\t\t\t<\/span>\n\t\t\t\t\t\t\t\t\t\t<span class=\"elementor-icon-list-text\">Pln\u011b chr\u00e1n\u011bn\u00e9 finan\u010dn\u00ed a osobn\u00ed \u00fadaje<\/span>\n\t\t\t\t\t\t\t\t\t<\/li>\n\t\t\t\t\t\t\t\t<li class=\"elementor-icon-list-item\">\n\t\t\t\t\t\t\t\t\t\t\t<span class=\"elementor-icon-list-icon\">\n\t\t\t\t\t\t\t<i aria-hidden=\"true\" class=\"fas fa-circle\"><\/i>\t\t\t\t\t\t<\/span>\n\t\t\t\t\t\t\t\t\t\t<span class=\"elementor-icon-list-text\"> Jasn\u00e1 kategorizace klient\u016f a postupy hodnocen\u00ed investic pro \u00fa\u010dely \u0159\u00edzen\u00ed rizik <\/span>\n\t\t\t\t\t\t\t\t\t<\/li>\n\t\t\t\t\t\t\t\t<li class=\"elementor-icon-list-item\">\n\t\t\t\t\t\t\t\t\t\t\t<span class=\"elementor-icon-list-icon\">\n\t\t\t\t\t\t\t<i aria-hidden=\"true\" class=\"fas fa-circle\"><\/i>\t\t\t\t\t\t<\/span>\n\t\t\t\t\t\t\t\t\t\t<span class=\"elementor-icon-list-text\"> Transparentnost finan\u010dn\u00edch n\u00e1stroj\u016f s vyu\u017eit\u00edm d\u016fkladn\u00fdch \u00fadaj\u016f o podm\u00ednk\u00e1ch obchodov\u00e1n\u00ed <\/span>\n\t\t\t\t\t\t\t\t\t<\/li>\n\t\t\t\t\t\t<\/ul>\n\t\t\t\t\t\t<\/div>\n\t\t\t\t<\/div>\n\t\t\t\t<div class=\"elementor-element elementor-element-aee31ee elementor-widget elementor-widget-text-editor\" data-id=\"aee31ee\" data-element_type=\"widget\" data-e-type=\"widget\" data-widget_type=\"text-editor.default\">\n\t\t\t\t<div class=\"elementor-widget-container\">\n\t\t\t\t\t\t\t\t\t<p>Chcete-li si prohl\u00e9dnout \u00fapn\u00e9 zn\u011bn\u00ed pr\u00e1vn\u00edch dokument\u016f, v\u010detn\u011b informac\u00ed o rizic\u00edch a z\u00e1sad ochrany osobn\u00edch \u00fadaj\u016f, <a href=\"https:\/\/www.fxglobe.eu\/cs\/obchodovani\/pravni-dokumenty\/\" target=\"_blank\" rel=\"noopener\">pod\u00edvejte se na na\u0161i str\u00e1nku s pr\u00e1vn\u00edmi dokumenty.<\/a><\/p>\n\t\t\t\t\t\t\t\t<\/div>\n\t\t\t\t<\/div>\n\t\t\t\t\t<\/div>\n\t\t\t\t<\/div>\n\t\t\t\t\t<\/div>\n\t\t\t\t<\/div>\n\t\t\t\t<\/div>\n\t\t","protected":false},"excerpt":{"rendered":"<p>O n\u00e1s Licence &amp; regulace. P\u0159esta\u0148te si d\u011blat starosti, jsme licencov\u00e1ni a regulov\u00e1ni. Podrobnosti o licenci. SPOLE\u010cNOST FXGLOBE LIMITED JE USAZENA NA KYPRU, JE OPR\u00c1VN\u011aNA A REGULOV\u00c1NA KYPERSKOU KOMIS\u00cd PRO CENN\u00c9 PAP\u00cdRY A BURZU (CYSEC), \u010c\u00cdSLO LICENCE 205\/13. FXGlobe Limited je kypersk\u00e1 investi\u010dn\u00ed spole\u010dnost s \u0159\u00e1dn\u00fdm povolen\u00edm k poskytov\u00e1n\u00ed investi\u010dn\u00edch slu\u017eeb: p\u0159ij\u00edm\u00e1n\u00ed a p\u0159ed\u00e1v\u00e1n\u00ed p\u0159\u00edkaz\u016f [&hellip;]<\/p>\n","protected":false},"author":12,"featured_media":0,"parent":5085,"menu_order":0,"comment_status":"closed","ping_status":"closed","template":"","meta":{"_acf_changed":false,"_seopress_robots_primary_cat":"","_seopress_titles_title":"","_seopress_titles_desc":"","_seopress_robots_index":"","footnotes":""},"class_list":["post-5170","page","type-page","status-publish","hentry"],"acf":[],"_links":{"self":[{"href":"https:\/\/www.fxglobe.eu\/cs\/wp-json\/wp\/v2\/pages\/5170","targetHints":{"allow":["GET"]}}],"collection":[{"href":"https:\/\/www.fxglobe.eu\/cs\/wp-json\/wp\/v2\/pages"}],"about":[{"href":"https:\/\/www.fxglobe.eu\/cs\/wp-json\/wp\/v2\/types\/page"}],"author":[{"embeddable":true,"href":"https:\/\/www.fxglobe.eu\/cs\/wp-json\/wp\/v2\/users\/12"}],"replies":[{"embeddable":true,"href":"https:\/\/www.fxglobe.eu\/cs\/wp-json\/wp\/v2\/comments?post=5170"}],"version-history":[{"count":0,"href":"https:\/\/www.fxglobe.eu\/cs\/wp-json\/wp\/v2\/pages\/5170\/revisions"}],"up":[{"embeddable":true,"href":"https:\/\/www.fxglobe.eu\/cs\/wp-json\/wp\/v2\/pages\/5085"}],"wp:attachment":[{"href":"https:\/\/www.fxglobe.eu\/cs\/wp-json\/wp\/v2\/media?parent=5170"}],"curies":[{"name":"wp","href":"https:\/\/api.w.org\/{rel}","templated":true}]}}