{"id":5174,"date":"2022-09-21T12:33:35","date_gmt":"2022-09-21T12:33:35","guid":{"rendered":"https:\/\/fxglobeeu.wpenginepowered.com\/obchodovani\/obchodni-platformy\/"},"modified":"2023-12-27T13:44:52","modified_gmt":"2023-12-27T13:44:52","slug":"obchodni-platformy","status":"publish","type":"page","link":"https:\/\/www.fxglobe.eu\/cs\/obchodovani\/obchodni-platformy\/","title":{"rendered":"Obchodn\u00ed platformy"},"content":{"rendered":"\t\t<div data-elementor-type=\"wp-page\" data-elementor-id=\"5174\" class=\"elementor elementor-5174 elementor-550\" data-elementor-post-type=\"page\">\n\t\t\t\t<div class=\"elementor-element elementor-element-51d6251 e-con-full e-flex e-con e-parent\" data-id=\"51d6251\" data-element_type=\"container\" data-e-type=\"container\">\n\t\t<div class=\"elementor-element elementor-element-5cae2f9 e-con-full e-flex e-con e-parent\" data-id=\"5cae2f9\" data-element_type=\"container\" data-e-type=\"container\" data-settings=\"{&quot;background_background&quot;:&quot;classic&quot;}\">\n\t\t\t\t<div class=\"elementor-element elementor-element-9819bd2 elementor-widget__width-initial elementor-absolute animated-slow elementor-invisible elementor-widget elementor-widget-image\" data-id=\"9819bd2\" data-element_type=\"widget\" data-e-type=\"widget\" data-settings=\"{&quot;_position&quot;:&quot;absolute&quot;,&quot;_animation&quot;:&quot;fadeInLeft&quot;}\" data-widget_type=\"image.default\">\n\t\t\t\t<div class=\"elementor-widget-container\">\n\t\t\t\t\t\t\t\t\t\t\t\t\t\t\t<img decoding=\"async\" width=\"117\" height=\"153\" src=\"https:\/\/www.fxglobe.eu\/wp-content\/uploads\/2022\/09\/Big-ball-left.png\" class=\"attachment-full size-full wp-image-3256\" alt=\"\" \/>\t\t\t\t\t\t\t\t\t\t\t\t\t\t\t<\/div>\n\t\t\t\t<\/div>\n\t\t<div class=\"elementor-element elementor-element-2c0cedd e-con-full e-flex e-con e-parent\" data-id=\"2c0cedd\" data-element_type=\"container\" data-e-type=\"container\">\n\t\t\t\t<div class=\"elementor-element elementor-element-5a3c45d elementor-widget__width-inherit elementor-widget elementor-widget-heading\" data-id=\"5a3c45d\" data-element_type=\"widget\" data-e-type=\"widget\" data-widget_type=\"heading.default\">\n\t\t\t\t<div class=\"elementor-widget-container\">\n\t\t\t\t\t<h6 class=\"elementor-heading-title elementor-size-default\">Obchodov\u00e1n\u00ed<\/h6>\t\t\t\t<\/div>\n\t\t\t\t<\/div>\n\t\t\t\t<div class=\"elementor-element elementor-element-c81bc97 elementor-widget elementor-widget-heading\" data-id=\"c81bc97\" data-element_type=\"widget\" data-e-type=\"widget\" data-widget_type=\"heading.default\">\n\t\t\t\t<div class=\"elementor-widget-container\">\n\t\t\t\t\t<h1 class=\"elementor-heading-title elementor-size-default\">Obchodn\u00ed platformy<span style=\"color:#DA2D16\">.<\/span><\/h1>\t\t\t\t<\/div>\n\t\t\t\t<\/div>\n\t\t\t\t<div class=\"elementor-element elementor-element-55fb098 elementor-widget elementor-widget-text-editor\" data-id=\"55fb098\" data-element_type=\"widget\" data-e-type=\"widget\" data-widget_type=\"text-editor.default\">\n\t\t\t\t<div class=\"elementor-widget-container\">\n\t\t\t\t\t\t\t\t\t<p>Obchodujte s nejspolehliv\u011bj\u0161\u00edmi sv\u011btov\u00fdmi technologiemi.<\/p>\n\t\t\t\t\t\t\t\t<\/div>\n\t\t\t\t<\/div>\n\t\t\t\t<\/div>\n\t\t\t\t<\/div>\n\t\t\t\t<\/div>\n\t\t<div class=\"elementor-element elementor-element-e973cce e-flex e-con-boxed e-con e-parent\" data-id=\"e973cce\" data-element_type=\"container\" data-e-type=\"container\" data-settings=\"{&quot;background_background&quot;:&quot;classic&quot;}\">\n\t\t\t\t\t<div class=\"e-con-inner\">\n\t\t\t\t<div class=\"elementor-element elementor-element-e1d30a6 elementor-widget__width-inherit elementor-widget elementor-widget-heading\" data-id=\"e1d30a6\" data-element_type=\"widget\" data-e-type=\"widget\" data-widget_type=\"heading.default\">\n\t\t\t\t<div class=\"elementor-widget-container\">\n\t\t\t\t\t<h2 class=\"elementor-heading-title elementor-size-default\">Obchodujte kdekoli, kde m\u00e1te p\u0159ipojen\u00ed k internetu<span style=\"color:#DA2D16\">.<\/span><\/h2>\t\t\t\t<\/div>\n\t\t\t\t<\/div>\n\t\t\t\t<div class=\"elementor-element elementor-element-6d30439 elementor-widget__width-inherit elementor-widget elementor-widget-text-editor\" data-id=\"6d30439\" data-element_type=\"widget\" data-e-type=\"widget\" data-widget_type=\"text-editor.default\">\n\t\t\t\t<div class=\"elementor-widget-container\">\n\t\t\t\t\t\t\t\t\t<p>Neexistuj\u00ed \u017e\u00e1dn\u00e1 dal\u0161\u00ed omezen\u00ed. Z\u00edskejte ten nejlep\u0161\u00ed z\u00e1\u017eitek, a\u0165 u\u017e jste doma, v kancel\u00e1\u0159i nebo na cest\u00e1ch. U\u017e\u00edvejte si bezprobl\u00e9mov\u00e9 obchodov\u00e1n\u00ed z jak\u00e9hokoli za\u0159\u00edzen\u00ed a odkudkoli.<\/p>\n\t\t\t\t\t\t\t\t<\/div>\n\t\t\t\t<\/div>\n\t\t<div class=\"elementor-element elementor-element-9fcbc93 e-con-full e-flex e-con e-parent\" data-id=\"9fcbc93\" data-element_type=\"container\" data-e-type=\"container\" data-settings=\"{&quot;background_background&quot;:&quot;classic&quot;}\">\n\t\t\t\t<div class=\"elementor-element elementor-element-b414b55 elementor-position-top elementor-widget elementor-widget-image-box\" data-id=\"b414b55\" data-element_type=\"widget\" data-e-type=\"widget\" data-widget_type=\"image-box.default\">\n\t\t\t\t<div class=\"elementor-widget-container\">\n\t\t\t\t\t<div class=\"elementor-image-box-wrapper\"><figure class=\"elementor-image-box-img\"><img fetchpriority=\"high\" decoding=\"async\" width=\"500\" height=\"128\" src=\"https:\/\/www.fxglobe.eu\/wp-content\/uploads\/2022\/09\/metatrader-4-logo-og.png\" class=\"attachment-full size-full wp-image-3744\" alt=\"\" srcset=\"https:\/\/www.fxglobe.eu\/wp-content\/uploads\/2022\/09\/metatrader-4-logo-og.png 500w, https:\/\/www.fxglobe.eu\/wp-content\/uploads\/2022\/09\/metatrader-4-logo-og-300x77.png 300w\" sizes=\"(max-width: 500px) 100vw, 500px\" \/><\/figure><div class=\"elementor-image-box-content\"><p class=\"elementor-image-box-description\">Na\u0161e platforma MetaTrader 4 je ide\u00e1ln\u00ed strategie pro jakoukoli \u00farove\u0148 obt\u00ed\u017enosti. Je to jedna z nejv\u00fdkon\u011bj\u0161\u00edch obchodn\u00edch platforem a rovn\u011b\u017e je nejobl\u00edben\u011bj\u0161\u00ed a nejpou\u017e\u00edvan\u011bj\u0161\u00ed. Z\u00edskejte skv\u011bl\u00fd obchodn\u00ed z\u00e1\u017eitek, kter\u00fd je ide\u00e1ln\u00ed pro obchodn\u00edky v\u0161ech \u00farovn\u00ed. <\/p><\/div><\/div>\t\t\t\t<\/div>\n\t\t\t\t<\/div>\n\t\t\t\t<div class=\"elementor-element elementor-element-67b4cae elementor-widget elementor-widget-button\" data-id=\"67b4cae\" data-element_type=\"widget\" data-e-type=\"widget\" data-widget_type=\"button.default\">\n\t\t\t\t<div class=\"elementor-widget-container\">\n\t\t\t\t\t\t\t\t\t<div class=\"elementor-button-wrapper\">\n\t\t\t\t\t<a class=\"elementor-button elementor-button-link elementor-size-sm\" href=\"https:\/\/portal.fxglobe.eu\/register-step-1\">\n\t\t\t\t\t\t<span class=\"elementor-button-content-wrapper\">\n\t\t\t\t\t\t<span class=\"elementor-button-icon\">\n\t\t\t\t<svg xmlns=\"http:\/\/www.w3.org\/2000\/svg\" id=\"Capa_1\" height=\"512\" viewBox=\"0 0 486.346 486.346\" width=\"512\"><g><g id=\"arrow-1-e_1_\"><path d=\"m284.232 444.575c-16.757-.68-29.791-14.816-29.111-31.573.282-6.959 2.948-13.609 7.55-18.836l151.833-150.315-151.832-150.314c-11.774-11.844-11.774-30.973 0-42.817 11.81-11.907 31.037-11.986 42.945-.176.059.058.118.117.176.176l171.572 171.572c11.907 11.81 11.986 31.037.176 42.945-.058.059-.117.118-.176.176l-171.573 171.571c-5.923 5.242-13.659 7.965-21.56 7.591z\"><\/path><path d=\"m455.5 272.7h-425.133c-16.771 0-30.367-13.596-30.367-30.367s13.596-30.367 30.367-30.367h425.133c16.771 0 30.367 13.596 30.367 30.367s-13.596 30.367-30.367 30.367z\"><\/path><\/g><\/g><\/svg>\t\t\t<\/span>\n\t\t\t\t\t\t\t\t\t<span class=\"elementor-button-text\">St\u00e1hnout<\/span>\n\t\t\t\t\t<\/span>\n\t\t\t\t\t<\/a>\n\t\t\t\t<\/div>\n\t\t\t\t\t\t\t\t<\/div>\n\t\t\t\t<\/div>\n\t\t\t\t<\/div>\n\t\t\t\t\t<\/div>\n\t\t\t\t<\/div>\n\t\t<div class=\"elementor-element elementor-element-32d821d e-flex e-con-boxed e-con e-parent\" data-id=\"32d821d\" data-element_type=\"container\" data-e-type=\"container\">\n\t\t\t\t\t<div class=\"e-con-inner\">\n\t\t\t\t<div class=\"elementor-element elementor-element-698d4e9 elementor-absolute elementor-hidden-tablet elementor-hidden-mobile elementor-invisible elementor-widget elementor-widget-image\" data-id=\"698d4e9\" data-element_type=\"widget\" data-e-type=\"widget\" data-settings=\"{&quot;_position&quot;:&quot;absolute&quot;,&quot;motion_fx_motion_fx_mouse&quot;:&quot;yes&quot;,&quot;motion_fx_mouseTrack_effect&quot;:&quot;yes&quot;,&quot;motion_fx_mouseTrack_speed&quot;:{&quot;unit&quot;:&quot;px&quot;,&quot;size&quot;:0.6,&quot;sizes&quot;:[]},&quot;_animation&quot;:&quot;zoomIn&quot;}\" data-widget_type=\"image.default\">\n\t\t\t\t<div class=\"elementor-widget-container\">\n\t\t\t\t\t\t\t\t\t\t\t\t\t\t\t<img decoding=\"async\" width=\"33\" height=\"33\" src=\"https:\/\/www.fxglobe.eu\/wp-content\/uploads\/2022\/09\/orange-ball.svg\" class=\"attachment-full size-full wp-image-3416\" alt=\"\" \/>\t\t\t\t\t\t\t\t\t\t\t\t\t\t\t<\/div>\n\t\t\t\t<\/div>\n\t\t\t\t<div class=\"elementor-element elementor-element-ed1af77 elementor-widget__width-initial elementor-widget elementor-widget-image\" data-id=\"ed1af77\" data-element_type=\"widget\" data-e-type=\"widget\" data-widget_type=\"image.default\">\n\t\t\t\t<div class=\"elementor-widget-container\">\n\t\t\t\t\t\t\t\t\t\t\t\t\t\t\t<img loading=\"lazy\" decoding=\"async\" width=\"667\" height=\"758\" src=\"https:\/\/www.fxglobe.eu\/wp-content\/uploads\/2022\/09\/System-support..png\" class=\"attachment-full size-full wp-image-3756\" alt=\"\" srcset=\"https:\/\/www.fxglobe.eu\/wp-content\/uploads\/2022\/09\/System-support..png 667w, https:\/\/www.fxglobe.eu\/wp-content\/uploads\/2022\/09\/System-support.-264x300.png 264w\" sizes=\"(max-width: 667px) 100vw, 667px\" \/>\t\t\t\t\t\t\t\t\t\t\t\t\t\t\t<\/div>\n\t\t\t\t<\/div>\n\t\t<div class=\"elementor-element elementor-element-11e12d9 e-con-full e-flex e-con e-parent\" data-id=\"11e12d9\" data-element_type=\"container\" data-e-type=\"container\">\n\t\t\t\t<div class=\"elementor-element elementor-element-6070fb3 elementor-widget__width-inherit elementor-widget elementor-widget-heading\" data-id=\"6070fb3\" data-element_type=\"widget\" data-e-type=\"widget\" data-widget_type=\"heading.default\">\n\t\t\t\t<div class=\"elementor-widget-container\">\n\t\t\t\t\t<h2 class=\"elementor-heading-title elementor-size-default\">Syst\u00e9mov\u00e1 podpora<span style=\"color:#DA2D16\">.<\/span><\/h2>\t\t\t\t<\/div>\n\t\t\t\t<\/div>\n\t\t\t\t<div class=\"elementor-element elementor-element-eb7d273 elementor-widget elementor-widget-text-editor\" data-id=\"eb7d273\" data-element_type=\"widget\" data-e-type=\"widget\" data-widget_type=\"text-editor.default\">\n\t\t\t\t<div class=\"elementor-widget-container\">\n\t\t\t\t\t\t\t\t\t<p>Na\u0161e videon\u00e1vody, vzd\u011bl\u00e1vac\u00ed kurzy a \u010dasto kladen\u00e9 ot\u00e1zky jsou velmi u\u017eite\u010dn\u00e9, kdy\u017e se u\u010d\u00edte pou\u017e\u00edvat obchodn\u00ed platformy. Ale n\u011bkdy prost\u011b pot\u0159ebujete na pomoc lidskou ruku. Obra\u0165te se na na\u0161i vst\u0159\u00edcnou z\u00e1kaznickou podporu a vy\u017e\u00e1dejte si p\u0159\u00edm\u00e9 pokyny.<\/p>\n\t\t\t\t\t\t\t\t<\/div>\n\t\t\t\t<\/div>\n\t\t\t\t<div class=\"elementor-element elementor-element-f710d6a elementor-widget elementor-widget-button\" data-id=\"f710d6a\" data-element_type=\"widget\" data-e-type=\"widget\" data-widget_type=\"button.default\">\n\t\t\t\t<div class=\"elementor-widget-container\">\n\t\t\t\t\t\t\t\t\t<div class=\"elementor-button-wrapper\">\n\t\t\t\t\t<a class=\"elementor-button elementor-button-link elementor-size-sm\" href=\"https:\/\/www.fxglobe.eu\/cs\/kontakt\/\">\n\t\t\t\t\t\t<span class=\"elementor-button-content-wrapper\">\n\t\t\t\t\t\t<span class=\"elementor-button-icon\">\n\t\t\t\t<svg xmlns=\"http:\/\/www.w3.org\/2000\/svg\" id=\"Capa_1\" height=\"512\" viewBox=\"0 0 486.346 486.346\" width=\"512\"><g><g id=\"arrow-1-e_1_\"><path d=\"m284.232 444.575c-16.757-.68-29.791-14.816-29.111-31.573.282-6.959 2.948-13.609 7.55-18.836l151.833-150.315-151.832-150.314c-11.774-11.844-11.774-30.973 0-42.817 11.81-11.907 31.037-11.986 42.945-.176.059.058.118.117.176.176l171.572 171.572c11.907 11.81 11.986 31.037.176 42.945-.058.059-.117.118-.176.176l-171.573 171.571c-5.923 5.242-13.659 7.965-21.56 7.591z\"><\/path><path d=\"m455.5 272.7h-425.133c-16.771 0-30.367-13.596-30.367-30.367s13.596-30.367 30.367-30.367h425.133c16.771 0 30.367 13.596 30.367 30.367s-13.596 30.367-30.367 30.367z\"><\/path><\/g><\/g><\/svg>\t\t\t<\/span>\n\t\t\t\t\t\t\t\t\t<span class=\"elementor-button-text\">Kontaktujte podporu<\/span>\n\t\t\t\t\t<\/span>\n\t\t\t\t\t<\/a>\n\t\t\t\t<\/div>\n\t\t\t\t\t\t\t\t<\/div>\n\t\t\t\t<\/div>\n\t\t\t\t<\/div>\n\t\t\t\t\t<\/div>\n\t\t\t\t<\/div>\n\t\t\t\t<\/div>\n\t\t","protected":false},"excerpt":{"rendered":"<p>Obchodov\u00e1n\u00ed Obchodn\u00ed platformy. Obchodujte s nejspolehliv\u011bj\u0161\u00edmi sv\u011btov\u00fdmi technologiemi. Obchodujte kdekoli, kde m\u00e1te p\u0159ipojen\u00ed k internetu. Neexistuj\u00ed \u017e\u00e1dn\u00e1 dal\u0161\u00ed omezen\u00ed. Z\u00edskejte ten nejlep\u0161\u00ed z\u00e1\u017eitek, a\u0165 u\u017e jste doma, v kancel\u00e1\u0159i nebo na cest\u00e1ch. U\u017e\u00edvejte si bezprobl\u00e9mov\u00e9 obchodov\u00e1n\u00ed z jak\u00e9hokoli za\u0159\u00edzen\u00ed a odkudkoli. Na\u0161e platforma MetaTrader 4 je ide\u00e1ln\u00ed strategie pro jakoukoli \u00farove\u0148 obt\u00ed\u017enosti. Je to jedna [&hellip;]<\/p>\n","protected":false},"author":12,"featured_media":0,"parent":5085,"menu_order":0,"comment_status":"closed","ping_status":"closed","template":"","meta":{"_acf_changed":false,"_seopress_robots_primary_cat":"","_seopress_titles_title":"","_seopress_titles_desc":"","_seopress_robots_index":"","footnotes":""},"class_list":["post-5174","page","type-page","status-publish","hentry"],"acf":[],"_links":{"self":[{"href":"https:\/\/www.fxglobe.eu\/cs\/wp-json\/wp\/v2\/pages\/5174","targetHints":{"allow":["GET"]}}],"collection":[{"href":"https:\/\/www.fxglobe.eu\/cs\/wp-json\/wp\/v2\/pages"}],"about":[{"href":"https:\/\/www.fxglobe.eu\/cs\/wp-json\/wp\/v2\/types\/page"}],"author":[{"embeddable":true,"href":"https:\/\/www.fxglobe.eu\/cs\/wp-json\/wp\/v2\/users\/12"}],"replies":[{"embeddable":true,"href":"https:\/\/www.fxglobe.eu\/cs\/wp-json\/wp\/v2\/comments?post=5174"}],"version-history":[{"count":0,"href":"https:\/\/www.fxglobe.eu\/cs\/wp-json\/wp\/v2\/pages\/5174\/revisions"}],"up":[{"embeddable":true,"href":"https:\/\/www.fxglobe.eu\/cs\/wp-json\/wp\/v2\/pages\/5085"}],"wp:attachment":[{"href":"https:\/\/www.fxglobe.eu\/cs\/wp-json\/wp\/v2\/media?parent=5174"}],"curies":[{"name":"wp","href":"https:\/\/api.w.org\/{rel}","templated":true}]}}