{"id":5607,"date":"2022-09-21T12:35:02","date_gmt":"2022-09-21T12:35:02","guid":{"rendered":"https:\/\/fxglobeeu.wpenginepowered.com\/trading\/lizenz-regulierung\/"},"modified":"2025-12-15T16:28:33","modified_gmt":"2025-12-15T16:28:33","slug":"lizenz-regulierung","status":"publish","type":"page","link":"https:\/\/www.fxglobe.eu\/de\/trading\/lizenz-regulierung\/","title":{"rendered":"Lizenz &amp; Regulierung"},"content":{"rendered":"\t\t<div data-elementor-type=\"wp-page\" data-elementor-id=\"5607\" class=\"elementor elementor-5607 elementor-566\" data-elementor-post-type=\"page\">\n\t\t\t\t<div class=\"elementor-element elementor-element-0117f53 e-con-full e-flex e-con e-parent\" data-id=\"0117f53\" data-element_type=\"container\" data-e-type=\"container\">\n\t\t\t\t<div class=\"elementor-element elementor-element-a994284 elementor-absolute elementor-hidden-mobile elementor-invisible elementor-widget elementor-widget-image\" data-id=\"a994284\" data-element_type=\"widget\" data-e-type=\"widget\" data-settings=\"{&quot;_position&quot;:&quot;absolute&quot;,&quot;motion_fx_motion_fx_mouse&quot;:&quot;yes&quot;,&quot;motion_fx_mouseTrack_effect&quot;:&quot;yes&quot;,&quot;motion_fx_mouseTrack_speed&quot;:{&quot;unit&quot;:&quot;px&quot;,&quot;size&quot;:0.2,&quot;sizes&quot;:[]},&quot;_animation&quot;:&quot;zoomIn&quot;}\" data-widget_type=\"image.default\">\n\t\t\t\t<div class=\"elementor-widget-container\">\n\t\t\t\t\t\t\t\t\t\t\t\t\t\t\t<img decoding=\"async\" width=\"33\" height=\"33\" src=\"https:\/\/www.fxglobe.eu\/wp-content\/uploads\/2022\/09\/orange-ball.svg\" class=\"attachment-full size-full wp-image-1118\" alt=\"\" \/>\t\t\t\t\t\t\t\t\t\t\t\t\t\t\t<\/div>\n\t\t\t\t<\/div>\n\t\t<div class=\"elementor-element elementor-element-b29c243 e-con-full e-flex e-con e-child\" data-id=\"b29c243\" data-element_type=\"container\" data-e-type=\"container\" data-settings=\"{&quot;background_background&quot;:&quot;classic&quot;}\">\n\t\t\t\t<div class=\"elementor-element elementor-element-1f36460 elementor-widget__width-initial elementor-absolute animated-slow elementor-invisible elementor-widget elementor-widget-image\" data-id=\"1f36460\" data-element_type=\"widget\" data-e-type=\"widget\" data-settings=\"{&quot;_position&quot;:&quot;absolute&quot;,&quot;_animation&quot;:&quot;fadeInLeft&quot;}\" data-widget_type=\"image.default\">\n\t\t\t\t<div class=\"elementor-widget-container\">\n\t\t\t\t\t\t\t\t\t\t\t\t\t\t\t<img decoding=\"async\" width=\"117\" height=\"153\" src=\"https:\/\/www.fxglobe.eu\/wp-content\/uploads\/2022\/09\/Big-ball-left.png\" class=\"attachment-full size-full wp-image-644\" alt=\"\" \/>\t\t\t\t\t\t\t\t\t\t\t\t\t\t\t<\/div>\n\t\t\t\t<\/div>\n\t\t<div class=\"elementor-element elementor-element-15896d7 e-con-full e-flex e-con e-child\" data-id=\"15896d7\" data-element_type=\"container\" data-e-type=\"container\">\n\t\t\t\t<div class=\"elementor-element elementor-element-b394157 elementor-widget__width-inherit elementor-widget elementor-widget-heading\" data-id=\"b394157\" data-element_type=\"widget\" data-e-type=\"widget\" data-widget_type=\"heading.default\">\n\t\t\t\t<div class=\"elementor-widget-container\">\n\t\t\t\t\t<h6 class=\"elementor-heading-title elementor-size-default\">\u00dcber Uns<\/h6>\t\t\t\t<\/div>\n\t\t\t\t<\/div>\n\t\t\t\t<div class=\"elementor-element elementor-element-0a27835 elementor-widget__width-inherit elementor-widget elementor-widget-heading\" data-id=\"0a27835\" data-element_type=\"widget\" data-e-type=\"widget\" data-widget_type=\"heading.default\">\n\t\t\t\t<div class=\"elementor-widget-container\">\n\t\t\t\t\t<h1 class=\"elementor-heading-title elementor-size-default\">Lizenz &amp; Regulierung<span style=\"color:#DA2D16\">.<\/span><\/h1>\t\t\t\t<\/div>\n\t\t\t\t<\/div>\n\t\t\t\t<div class=\"elementor-element elementor-element-492295e elementor-widget elementor-widget-text-editor\" data-id=\"492295e\" data-element_type=\"widget\" data-e-type=\"widget\" data-widget_type=\"text-editor.default\">\n\t\t\t\t<div class=\"elementor-widget-container\">\n\t\t\t\t\t\t\t\t\t<p>Seien Sie beruhigt &#8211; wir sind lizenziert und reguliert.<\/p>\n\t\t\t\t\t\t\t\t<\/div>\n\t\t\t\t<\/div>\n\t\t\t\t<\/div>\n\t\t\t\t<\/div>\n\t\t\t\t<\/div>\n\t\t<div class=\"elementor-element elementor-element-e483594 e-flex e-con-boxed e-con e-parent\" data-id=\"e483594\" data-element_type=\"container\" data-e-type=\"container\">\n\t\t\t\t\t<div class=\"e-con-inner\">\n\t\t<div class=\"elementor-element elementor-element-b4ea80b e-flex e-con-boxed e-con e-child\" data-id=\"b4ea80b\" data-element_type=\"container\" data-e-type=\"container\" data-settings=\"{&quot;background_background&quot;:&quot;classic&quot;}\">\n\t\t\t\t\t<div class=\"e-con-inner\">\n\t\t\t\t<div class=\"elementor-element elementor-element-386bdad elementor-widget__width-inherit elementor-widget elementor-widget-heading\" data-id=\"386bdad\" data-element_type=\"widget\" data-e-type=\"widget\" data-widget_type=\"heading.default\">\n\t\t\t\t<div class=\"elementor-widget-container\">\n\t\t\t\t\t<h2 class=\"elementor-heading-title elementor-size-default\">Lizenz-Details<span style=\"color:#DA2D16\">.<\/span><\/h2>\t\t\t\t<\/div>\n\t\t\t\t<\/div>\n\t\t\t\t<div class=\"elementor-element elementor-element-ed60b0c elementor-widget elementor-widget-text-editor\" data-id=\"ed60b0c\" data-element_type=\"widget\" data-e-type=\"widget\" data-widget_type=\"text-editor.default\">\n\t\t\t\t<div class=\"elementor-widget-container\">\n\t\t\t\t\t\t\t\t\t<p>FXGLOBE LIMITED IST IN ZYPERN ANS\u00c4SSIG UND WIRD VON DER ZYPRIOTISCHEN WERTPAPIER- UND B\u00d6RSENAUFSICHTSBEH\u00d6RDE (CYSEC) ZUGELASSEN UND REGULIERT, LIZENZNUMMER 205\/13<\/p>\n<p>FXGlobe Limited ist eine zypriotische Wertpapierfirma, die ordnungsgem\u00e4\u00df zur Erbringung folgender Wertpapierdienstleistungen zugelassen ist: Annahme und \u00dcbermittlung von Auftr\u00e4gen in Bezug auf ein oder mehrere Finanzinstrumente; Ausf\u00fchrung von Auftr\u00e4gen im Namen von Kunden; und die Nebendienstleistungen der Verwahrung und Verwaltung von Finanzinstrumenten, einschlie\u00dflich der Verwahrung und der damit verbundenen Dienstleistungen; Gew\u00e4hrung von Krediten oder Darlehen f\u00fcr ein oder mehrere Finanzinstrumente, wenn das Unternehmen, das den Kredit oder das Darlehen gew\u00e4hrt, an dem Gesch\u00e4ft beteiligt ist; und Devisengesch\u00e4fte, wenn diese mit der Erbringung von Wertpapierdienstleistungen verbunden sind.<\/p>\n<p>FXGlobe Limited hat die Genehmigung, seine Dienstleistungen grenz\u00fcberschreitend in den Mitgliedsstaaten des Europ\u00e4ischen Wirtschaftsraums anzubieten. FXGlobe Limited erbringt seine Dienstleistungen unter der <a href=\"http:\/\/www.cysec.gov.cy\/en-GB\/entities\/investment-firms\/cypriot\/37672\/\" target=\"_blank\" rel=\"noopener\">CySEC-Lizenz (Registrierungsnummer 205\/13)<\/a>.<\/p>\n\t\t\t\t\t\t\t\t<\/div>\n\t\t\t\t<\/div>\n\t\t\t\t\t<\/div>\n\t\t\t\t<\/div>\n\t\t<div class=\"elementor-element elementor-element-43aece1 e-flex e-con-boxed e-con e-child\" data-id=\"43aece1\" data-element_type=\"container\" data-e-type=\"container\" data-settings=\"{&quot;background_background&quot;:&quot;classic&quot;}\">\n\t\t\t\t\t<div class=\"e-con-inner\">\n\t\t\t\t<div class=\"elementor-element elementor-element-296dcba elementor-widget__width-inherit elementor-widget elementor-widget-heading\" data-id=\"296dcba\" data-element_type=\"widget\" data-e-type=\"widget\" data-widget_type=\"heading.default\">\n\t\t\t\t<div class=\"elementor-widget-container\">\n\t\t\t\t\t<h2 class=\"elementor-heading-title elementor-size-default\">Sicheres Bankgesch\u00e4ft &amp; Umgang mit Geld<span style=\"color:#DA2D16\">.<\/span><\/h2>\t\t\t\t<\/div>\n\t\t\t\t<\/div>\n\t\t\t\t<div class=\"elementor-element elementor-element-a2ae439 elementor-widget elementor-widget-text-editor\" data-id=\"a2ae439\" data-element_type=\"widget\" data-e-type=\"widget\" data-widget_type=\"text-editor.default\">\n\t\t\t\t<div class=\"elementor-widget-container\">\n\t\t\t\t\t\t\t\t\t<p>Das Wichtigste f\u00fcr FXGlobe ist die Sicherheit der Gelder unserer Trader. Aus diesem Grund folgt FXGlobe den h\u00f6chsten Standards und wendet strenge Regeln an, wenn es um Ihre Investition geht:<\/p>\n\t\t\t\t\t\t\t\t<\/div>\n\t\t\t\t<\/div>\n\t\t\t\t<div class=\"elementor-element elementor-element-684fffd elementor-icon-list--layout-traditional elementor-list-item-link-full_width elementor-widget elementor-widget-icon-list\" data-id=\"684fffd\" data-element_type=\"widget\" data-e-type=\"widget\" data-widget_type=\"icon-list.default\">\n\t\t\t\t<div class=\"elementor-widget-container\">\n\t\t\t\t\t\t\t<ul class=\"elementor-icon-list-items\">\n\t\t\t\t\t\t\t<li class=\"elementor-icon-list-item\">\n\t\t\t\t\t\t\t\t\t\t\t<span class=\"elementor-icon-list-icon\">\n\t\t\t\t\t\t\t<i aria-hidden=\"true\" class=\"fas fa-circle\"><\/i>\t\t\t\t\t\t<\/span>\n\t\t\t\t\t\t\t\t\t\t<span class=\"elementor-icon-list-text\"> Keine zus\u00e4tzlichen Provisionen oder erneute Preisangebote <\/span>\n\t\t\t\t\t\t\t\t\t<\/li>\n\t\t\t\t\t\t\t\t<li class=\"elementor-icon-list-item\">\n\t\t\t\t\t\t\t\t\t\t\t<span class=\"elementor-icon-list-icon\">\n\t\t\t\t\t\t\t<i aria-hidden=\"true\" class=\"fas fa-circle\"><\/i>\t\t\t\t\t\t<\/span>\n\t\t\t\t\t\t\t\t\t\t<span class=\"elementor-icon-list-text\"> Ihre Geldmittel sind von den eigenen Geldmitteln von FXGlobe in europ\u00e4ischen Banken getrennt und k\u00f6nnen unter keinen Umst\u00e4nden von unserem Unternehmen oder einer anderen dritten Partei verwendet werden <\/span>\n\t\t\t\t\t\t\t\t\t<\/li>\n\t\t\t\t\t\t\t\t<li class=\"elementor-icon-list-item\">\n\t\t\t\t\t\t\t\t\t\t\t<span class=\"elementor-icon-list-icon\">\n\t\t\t\t\t\t\t<i aria-hidden=\"true\" class=\"fas fa-circle\"><\/i>\t\t\t\t\t\t<\/span>\n\t\t\t\t\t\t\t\t\t\t<span class=\"elementor-icon-list-text\">Vollst\u00e4ndig gesch\u00fctzte finanzielle und pers\u00f6nliche Daten<\/span>\n\t\t\t\t\t\t\t\t\t<\/li>\n\t\t\t\t\t\t\t\t<li class=\"elementor-icon-list-item\">\n\t\t\t\t\t\t\t\t\t\t\t<span class=\"elementor-icon-list-icon\">\n\t\t\t\t\t\t\t<i aria-hidden=\"true\" class=\"fas fa-circle\"><\/i>\t\t\t\t\t\t<\/span>\n\t\t\t\t\t\t\t\t\t\t<span class=\"elementor-icon-list-text\"> Klare Kundenkategorisierung und Investitionsbewertungsverfahren f\u00fcr Risikomanagementzwecke <\/span>\n\t\t\t\t\t\t\t\t\t<\/li>\n\t\t\t\t\t\t\t\t<li class=\"elementor-icon-list-item\">\n\t\t\t\t\t\t\t\t\t\t\t<span class=\"elementor-icon-list-icon\">\n\t\t\t\t\t\t\t<i aria-hidden=\"true\" class=\"fas fa-circle\"><\/i>\t\t\t\t\t\t<\/span>\n\t\t\t\t\t\t\t\t\t\t<span class=\"elementor-icon-list-text\"> Transparenz von Finanzinstrumenten anhand umfassender Daten zu den Handelsbedingungen <\/span>\n\t\t\t\t\t\t\t\t\t<\/li>\n\t\t\t\t\t\t<\/ul>\n\t\t\t\t\t\t<\/div>\n\t\t\t\t<\/div>\n\t\t\t\t<div class=\"elementor-element elementor-element-aee31ee elementor-widget elementor-widget-text-editor\" data-id=\"aee31ee\" data-element_type=\"widget\" data-e-type=\"widget\" data-widget_type=\"text-editor.default\">\n\t\t\t\t<div class=\"elementor-widget-container\">\n\t\t\t\t\t\t\t\t\t<p>Alle rechtlichen Dokumente, einschlie\u00dflich der Risikohinweise und der Datenschutzrichtlinie, finden Sie auf <a href=\"https:\/\/www.fxglobe.eu\/de\/trading\/juristische-dokumente\/\" target=\"_blank\" rel=\"noopener\">unserer Seite mit den rechtlichen Dokumenten.<\/a><\/p>\n\t\t\t\t\t\t\t\t<\/div>\n\t\t\t\t<\/div>\n\t\t\t\t\t<\/div>\n\t\t\t\t<\/div>\n\t\t\t\t\t<\/div>\n\t\t\t\t<\/div>\n\t\t\t\t<\/div>\n\t\t","protected":false},"excerpt":{"rendered":"<p>\u00dcber Uns Lizenz &amp; Regulierung. Seien Sie beruhigt &#8211; wir sind lizenziert und reguliert. Lizenz-Details. FXGLOBE LIMITED IST IN ZYPERN ANS\u00c4SSIG UND WIRD VON DER ZYPRIOTISCHEN WERTPAPIER- UND B\u00d6RSENAUFSICHTSBEH\u00d6RDE (CYSEC) ZUGELASSEN UND REGULIERT, LIZENZNUMMER 205\/13 FXGlobe Limited ist eine zypriotische Wertpapierfirma, die ordnungsgem\u00e4\u00df zur Erbringung folgender Wertpapierdienstleistungen zugelassen ist: Annahme und \u00dcbermittlung von Auftr\u00e4gen in [&hellip;]<\/p>\n","protected":false},"author":12,"featured_media":0,"parent":5436,"menu_order":0,"comment_status":"closed","ping_status":"closed","template":"","meta":{"_acf_changed":false,"_seopress_robots_primary_cat":"","_seopress_titles_title":"","_seopress_titles_desc":"","_seopress_robots_index":"","footnotes":""},"class_list":["post-5607","page","type-page","status-publish","hentry"],"acf":[],"_links":{"self":[{"href":"https:\/\/www.fxglobe.eu\/de\/wp-json\/wp\/v2\/pages\/5607","targetHints":{"allow":["GET"]}}],"collection":[{"href":"https:\/\/www.fxglobe.eu\/de\/wp-json\/wp\/v2\/pages"}],"about":[{"href":"https:\/\/www.fxglobe.eu\/de\/wp-json\/wp\/v2\/types\/page"}],"author":[{"embeddable":true,"href":"https:\/\/www.fxglobe.eu\/de\/wp-json\/wp\/v2\/users\/12"}],"replies":[{"embeddable":true,"href":"https:\/\/www.fxglobe.eu\/de\/wp-json\/wp\/v2\/comments?post=5607"}],"version-history":[{"count":0,"href":"https:\/\/www.fxglobe.eu\/de\/wp-json\/wp\/v2\/pages\/5607\/revisions"}],"up":[{"embeddable":true,"href":"https:\/\/www.fxglobe.eu\/de\/wp-json\/wp\/v2\/pages\/5436"}],"wp:attachment":[{"href":"https:\/\/www.fxglobe.eu\/de\/wp-json\/wp\/v2\/media?parent=5607"}],"curies":[{"name":"wp","href":"https:\/\/api.w.org\/{rel}","templated":true}]}}