{"id":5434,"date":"2022-09-21T12:33:23","date_gmt":"2022-09-21T12:33:23","guid":{"rendered":"https:\/\/fxglobeeu.wpenginepowered.com\/trading\/tipos-de-cuentas\/"},"modified":"2024-03-12T09:53:53","modified_gmt":"2024-03-12T09:53:53","slug":"tipos-de-cuentas","status":"publish","type":"page","link":"https:\/\/www.fxglobe.eu\/es\/trading\/tipos-de-cuentas\/","title":{"rendered":"Tipos de cuentas"},"content":{"rendered":"\t\t<div data-elementor-type=\"wp-page\" data-elementor-id=\"5434\" class=\"elementor elementor-5434 elementor-548\" data-elementor-post-type=\"page\">\n\t\t\t\t<div class=\"elementor-element elementor-element-789e888 e-con-full e-flex e-con e-parent\" data-id=\"789e888\" data-element_type=\"container\" data-e-type=\"container\">\n\t\t<div class=\"elementor-element elementor-element-15549f2 e-con-full e-flex e-con e-parent\" data-id=\"15549f2\" data-element_type=\"container\" data-e-type=\"container\" data-settings=\"{&quot;background_background&quot;:&quot;classic&quot;}\">\n\t\t\t\t<div class=\"elementor-element elementor-element-1697bef elementor-widget__width-initial elementor-absolute animated-slow elementor-invisible elementor-widget elementor-widget-image\" data-id=\"1697bef\" data-element_type=\"widget\" data-e-type=\"widget\" data-settings=\"{&quot;_position&quot;:&quot;absolute&quot;,&quot;_animation&quot;:&quot;fadeInLeft&quot;}\" data-widget_type=\"image.default\">\n\t\t\t\t<div class=\"elementor-widget-container\">\n\t\t\t\t\t\t\t\t\t\t\t\t\t\t\t<img decoding=\"async\" width=\"117\" height=\"153\" src=\"https:\/\/www.fxglobe.eu\/wp-content\/uploads\/2022\/09\/Big-ball-left.png\" class=\"attachment-full size-full wp-image-647\" alt=\"\" \/>\t\t\t\t\t\t\t\t\t\t\t\t\t\t\t<\/div>\n\t\t\t\t<\/div>\n\t\t<div class=\"elementor-element elementor-element-9a89073 e-con-full e-flex e-con e-parent\" data-id=\"9a89073\" data-element_type=\"container\" data-e-type=\"container\">\n\t\t\t\t<div class=\"elementor-element elementor-element-e91fdcc elementor-widget__width-inherit elementor-widget elementor-widget-heading\" data-id=\"e91fdcc\" data-element_type=\"widget\" data-e-type=\"widget\" data-widget_type=\"heading.default\">\n\t\t\t\t<div class=\"elementor-widget-container\">\n\t\t\t\t\t<h6 class=\"elementor-heading-title elementor-size-default\">Comercio<\/h6>\t\t\t\t<\/div>\n\t\t\t\t<\/div>\n\t\t\t\t<div class=\"elementor-element elementor-element-9b9edfd elementor-widget elementor-widget-heading\" data-id=\"9b9edfd\" data-element_type=\"widget\" data-e-type=\"widget\" data-widget_type=\"heading.default\">\n\t\t\t\t<div class=\"elementor-widget-container\">\n\t\t\t\t\t<h1 class=\"elementor-heading-title elementor-size-default\">Tipos de cuentas<span style=\"color:#DA2D16\">.<\/span><\/h1>\t\t\t\t<\/div>\n\t\t\t\t<\/div>\n\t\t\t\t<div class=\"elementor-element elementor-element-4382e06 elementor-widget elementor-widget-text-editor\" data-id=\"4382e06\" data-element_type=\"widget\" data-e-type=\"widget\" data-widget_type=\"text-editor.default\">\n\t\t\t\t<div class=\"elementor-widget-container\">\n\t\t\t\t\t\t\t\t\t<p>Elige el camino que m\u00e1s beneficie a tu comercio.<\/p>\n\t\t\t\t\t\t\t\t<\/div>\n\t\t\t\t<\/div>\n\t\t\t\t<\/div>\n\t\t\t\t<\/div>\n\t\t\t\t<\/div>\n\t\t<div class=\"elementor-element elementor-element-763a5c3 e-flex e-con-boxed e-con e-parent\" data-id=\"763a5c3\" data-element_type=\"container\" data-e-type=\"container\">\n\t\t\t\t\t<div class=\"e-con-inner\">\n\t\t\t\t<div class=\"elementor-element elementor-element-6df3bbe elementor-widget__width-inherit custom-overflow elementor-widget elementor-widget-elementskit-tablepress\" data-id=\"6df3bbe\" data-element_type=\"widget\" data-e-type=\"widget\" data-widget_type=\"elementskit-tablepress.default\">\n\t\t\t\t<div class=\"elementor-widget-container\">\n\t\t\t\t\t<div class=\"elemenetskit-tablepress ekit-wid-con\" id=\"ekit_tablepress_6df3bbe\">\n<table id=\"tablepress-41\" class=\"tablepress tablepress-id-41 theadx tbody-has-connected-cells\">\n<thead>\n<tr class=\"row-1\">\n\t<td class=\"column-1\"><\/td><td class=\"column-2\"><\/td><th class=\"column-3\">Pathfinder<\/th><th class=\"column-4\">Navigator<\/th><th class=\"column-5\">Infinity<\/th>\n<\/tr>\n<\/thead>\n<tbody class=\"row-striping row-hover\">\n<tr class=\"row-2\">\n\t<td rowspan=\"3\" class=\"column-1\">Dep\u00f3sito M\u00ednimo<\/td><td class=\"column-2\"><\/td><td class=\"column-3\"><\/td><td class=\"column-4\"><\/td><td class=\"column-5\"><\/td>\n<\/tr>\n<tr class=\"row-3\">\n\t<td rowspan=\"2\" class=\"column-2\">EUR<\/td><td rowspan=\"2\" class=\"column-3\"> \u20ac  500 <\/td><td rowspan=\"2\" class=\"column-4\"> \u20ac  5,000 <\/td><td rowspan=\"2\" class=\"column-5\"> \u20ac  50,000 <\/td>\n<\/tr>\n<tr class=\"row-4\">\n\t\n<\/tr>\n<tr class=\"row-5\">\n\t<td class=\"column-1\"><\/td><td class=\"column-2\"><\/td><td class=\"column-3\"><\/td><td class=\"column-4\"><\/td><td class=\"column-5\"><\/td>\n<\/tr>\n<tr class=\"row-6\">\n\t<td rowspan=\"6\" class=\"column-1\">Comercio<\/td><td class=\"column-2\">Ejecuci\u00f3n<\/td><td colspan=\"3\" class=\"column-3\">Sin mesa de negociaci\u00f3n<\/td>\n<\/tr>\n<tr class=\"row-7\">\n\t<td class=\"column-2\">Tama\u00f1o M\u00ednimo de Operaci\u00f3n<\/td><td colspan=\"3\" class=\"column-3\">0.01 Lots<\/td>\n<\/tr>\n<tr class=\"row-8\">\n\t<td class=\"column-2\">Comisiones<\/td><td colspan=\"2\" class=\"column-3\">0<\/td><td class=\"column-5\">7 USD por Lote<\/td>\n<\/tr>\n<tr class=\"row-9\">\n\t<td class=\"column-2\">Intercambios<\/td><td colspan=\"3\" class=\"column-3\">-<\/td>\n<\/tr>\n<tr class=\"row-10\">\n\t<td class=\"column-2\">MT4<\/td><td colspan=\"3\" class=\"column-3\">Si<\/td>\n<\/tr>\n<tr class=\"row-11\">\n\t<td class=\"column-2\">Trading Web<\/td><td colspan=\"3\" class=\"column-3\">Si<\/td>\n<\/tr>\n<tr class=\"row-12\">\n\t<td class=\"column-1\"><\/td><td class=\"column-2\"><\/td><td class=\"column-3\"><\/td><td class=\"column-4\"><\/td><td class=\"column-5\"><\/td>\n<\/tr>\n<tr class=\"row-13\">\n\t<td rowspan=\"4\" class=\"column-1\">Finanzas<\/td><td class=\"column-2\">Retiro<\/td><td colspan=\"3\" class=\"column-3\">Todos los m\u00e9todos<\/td>\n<\/tr>\n<tr class=\"row-14\">\n\t<td class=\"column-2\">Dep\u00f3sito<\/td><td colspan=\"3\" class=\"column-3\">Todos los m\u00e9todos<\/td>\n<\/tr>\n<tr class=\"row-15\">\n\t<td class=\"column-2\">Tiempo de Ejecuci\u00f3n<\/td><td class=\"column-3\">2 - 8 d\u00edas<\/td><td class=\"column-4\">2 - 7 d\u00edas<\/td><td class=\"column-5\">2 - 3 d\u00edas<\/td>\n<\/tr>\n<tr class=\"row-16\">\n\t<td class=\"column-2\">M\u00e9todos<\/td><td colspan=\"3\" class=\"column-3\">M\u00e1s de 10 m\u00e9todos<\/td>\n<\/tr>\n<tr class=\"row-17\">\n\t<td class=\"column-1\"><\/td><td class=\"column-2\"><\/td><td class=\"column-3\"><\/td><td class=\"column-4\"><\/td><td class=\"column-5\"><\/td>\n<\/tr>\n<\/tbody>\n<\/table>\n<!-- #tablepress-41 from cache --><\/div>\t\t\t\t<\/div>\n\t\t\t\t<\/div>\n\t\t\t\t\t<\/div>\n\t\t\t\t<\/div>\n\t\t\t\t<\/div>\n\t\t","protected":false},"excerpt":{"rendered":"<p>Comercio Tipos de cuentas. Elige el camino que m\u00e1s beneficie a tu comercio. Bearbeiten Pathfinder Navigator Infinity Dep\u00f3sito M\u00ednimo EUR \u20ac 250 \u20ac 2,500 \u20ac 25,000 Comercio Ejecuci\u00f3n Sin mesa de negociaci\u00f3n Tama\u00f1o M\u00ednimo de Operaci\u00f3n 0.01 Lots Comisiones 0 7 USD por Lote Intercambios &#8211; MT4 Si Trading Web Si Finanzas Retiro Todos los [&hellip;]<\/p>\n","protected":false},"author":12,"featured_media":0,"parent":5431,"menu_order":0,"comment_status":"closed","ping_status":"closed","template":"","meta":{"_acf_changed":false,"_seopress_robots_primary_cat":"","_seopress_titles_title":"","_seopress_titles_desc":"","_seopress_robots_index":"","footnotes":""},"class_list":["post-5434","page","type-page","status-publish","hentry"],"acf":[],"_links":{"self":[{"href":"https:\/\/www.fxglobe.eu\/es\/wp-json\/wp\/v2\/pages\/5434","targetHints":{"allow":["GET"]}}],"collection":[{"href":"https:\/\/www.fxglobe.eu\/es\/wp-json\/wp\/v2\/pages"}],"about":[{"href":"https:\/\/www.fxglobe.eu\/es\/wp-json\/wp\/v2\/types\/page"}],"author":[{"embeddable":true,"href":"https:\/\/www.fxglobe.eu\/es\/wp-json\/wp\/v2\/users\/12"}],"replies":[{"embeddable":true,"href":"https:\/\/www.fxglobe.eu\/es\/wp-json\/wp\/v2\/comments?post=5434"}],"version-history":[{"count":0,"href":"https:\/\/www.fxglobe.eu\/es\/wp-json\/wp\/v2\/pages\/5434\/revisions"}],"up":[{"embeddable":true,"href":"https:\/\/www.fxglobe.eu\/es\/wp-json\/wp\/v2\/pages\/5431"}],"wp:attachment":[{"href":"https:\/\/www.fxglobe.eu\/es\/wp-json\/wp\/v2\/media?parent=5434"}],"curies":[{"name":"wp","href":"https:\/\/api.w.org\/{rel}","templated":true}]}}