{"id":5466,"date":"2022-09-21T12:35:02","date_gmt":"2022-09-21T12:35:02","guid":{"rendered":"https:\/\/fxglobeeu.wpenginepowered.com\/trading\/licencia-y-regulacion\/"},"modified":"2025-12-15T16:29:53","modified_gmt":"2025-12-15T16:29:53","slug":"licencia-y-regulacion","status":"publish","type":"page","link":"https:\/\/www.fxglobe.eu\/es\/trading\/licencia-y-regulacion\/","title":{"rendered":"Licencia y Regulaci\u00f3n"},"content":{"rendered":"\t\t<div data-elementor-type=\"wp-page\" data-elementor-id=\"5466\" class=\"elementor elementor-5466 elementor-566\" data-elementor-post-type=\"page\">\n\t\t\t\t<div class=\"elementor-element elementor-element-0117f53 e-con-full e-flex e-con e-parent\" data-id=\"0117f53\" data-element_type=\"container\" data-e-type=\"container\">\n\t\t\t\t<div class=\"elementor-element elementor-element-a994284 elementor-absolute elementor-hidden-mobile elementor-invisible elementor-widget elementor-widget-image\" data-id=\"a994284\" data-element_type=\"widget\" data-e-type=\"widget\" data-settings=\"{&quot;_position&quot;:&quot;absolute&quot;,&quot;motion_fx_motion_fx_mouse&quot;:&quot;yes&quot;,&quot;motion_fx_mouseTrack_effect&quot;:&quot;yes&quot;,&quot;motion_fx_mouseTrack_speed&quot;:{&quot;unit&quot;:&quot;px&quot;,&quot;size&quot;:0.2,&quot;sizes&quot;:[]},&quot;_animation&quot;:&quot;zoomIn&quot;}\" data-widget_type=\"image.default\">\n\t\t\t\t<div class=\"elementor-widget-container\">\n\t\t\t\t\t\t\t\t\t\t\t\t\t\t\t<img decoding=\"async\" width=\"33\" height=\"33\" src=\"https:\/\/www.fxglobe.eu\/wp-content\/uploads\/2022\/09\/orange-ball.svg\" class=\"attachment-full size-full wp-image-1121\" alt=\"\" \/>\t\t\t\t\t\t\t\t\t\t\t\t\t\t\t<\/div>\n\t\t\t\t<\/div>\n\t\t<div class=\"elementor-element elementor-element-b29c243 e-con-full e-flex e-con e-child\" data-id=\"b29c243\" data-element_type=\"container\" data-e-type=\"container\" data-settings=\"{&quot;background_background&quot;:&quot;classic&quot;}\">\n\t\t\t\t<div class=\"elementor-element elementor-element-1f36460 elementor-widget__width-initial elementor-absolute animated-slow elementor-invisible elementor-widget elementor-widget-image\" data-id=\"1f36460\" data-element_type=\"widget\" data-e-type=\"widget\" data-settings=\"{&quot;_position&quot;:&quot;absolute&quot;,&quot;_animation&quot;:&quot;fadeInLeft&quot;}\" data-widget_type=\"image.default\">\n\t\t\t\t<div class=\"elementor-widget-container\">\n\t\t\t\t\t\t\t\t\t\t\t\t\t\t\t<img decoding=\"async\" width=\"117\" height=\"153\" src=\"https:\/\/www.fxglobe.eu\/wp-content\/uploads\/2022\/09\/Big-ball-left.png\" class=\"attachment-full size-full wp-image-647\" alt=\"\" \/>\t\t\t\t\t\t\t\t\t\t\t\t\t\t\t<\/div>\n\t\t\t\t<\/div>\n\t\t<div class=\"elementor-element elementor-element-15896d7 e-con-full e-flex e-con e-child\" data-id=\"15896d7\" data-element_type=\"container\" data-e-type=\"container\">\n\t\t\t\t<div class=\"elementor-element elementor-element-b394157 elementor-widget__width-inherit elementor-widget elementor-widget-heading\" data-id=\"b394157\" data-element_type=\"widget\" data-e-type=\"widget\" data-widget_type=\"heading.default\">\n\t\t\t\t<div class=\"elementor-widget-container\">\n\t\t\t\t\t<h6 class=\"elementor-heading-title elementor-size-default\">Sobre Nosotros<\/h6>\t\t\t\t<\/div>\n\t\t\t\t<\/div>\n\t\t\t\t<div class=\"elementor-element elementor-element-0a27835 elementor-widget__width-inherit elementor-widget elementor-widget-heading\" data-id=\"0a27835\" data-element_type=\"widget\" data-e-type=\"widget\" data-widget_type=\"heading.default\">\n\t\t\t\t<div class=\"elementor-widget-container\">\n\t\t\t\t\t<h1 class=\"elementor-heading-title elementor-size-default\">Licencia y regulaci\u00f3n<span style=\"color:#DA2D16\">.<\/span><\/h1>\t\t\t\t<\/div>\n\t\t\t\t<\/div>\n\t\t\t\t<div class=\"elementor-element elementor-element-492295e elementor-widget elementor-widget-text-editor\" data-id=\"492295e\" data-element_type=\"widget\" data-e-type=\"widget\" data-widget_type=\"text-editor.default\">\n\t\t\t\t<div class=\"elementor-widget-container\">\n\t\t\t\t\t\t\t\t\t<p>Respira tranquilo\/a: estamos autorizados y regulados.<\/p>\n\t\t\t\t\t\t\t\t<\/div>\n\t\t\t\t<\/div>\n\t\t\t\t<\/div>\n\t\t\t\t<\/div>\n\t\t\t\t<\/div>\n\t\t<div class=\"elementor-element elementor-element-e483594 e-flex e-con-boxed e-con e-parent\" data-id=\"e483594\" data-element_type=\"container\" data-e-type=\"container\">\n\t\t\t\t\t<div class=\"e-con-inner\">\n\t\t<div class=\"elementor-element elementor-element-b4ea80b e-flex e-con-boxed e-con e-child\" data-id=\"b4ea80b\" data-element_type=\"container\" data-e-type=\"container\" data-settings=\"{&quot;background_background&quot;:&quot;classic&quot;}\">\n\t\t\t\t\t<div class=\"e-con-inner\">\n\t\t\t\t<div class=\"elementor-element elementor-element-386bdad elementor-widget__width-inherit elementor-widget elementor-widget-heading\" data-id=\"386bdad\" data-element_type=\"widget\" data-e-type=\"widget\" data-widget_type=\"heading.default\">\n\t\t\t\t<div class=\"elementor-widget-container\">\n\t\t\t\t\t<h2 class=\"elementor-heading-title elementor-size-default\">Detalles de la licencia<span style=\"color:#DA2D16\">.<\/span><\/h2>\t\t\t\t<\/div>\n\t\t\t\t<\/div>\n\t\t\t\t<div class=\"elementor-element elementor-element-ed60b0c elementor-widget elementor-widget-text-editor\" data-id=\"ed60b0c\" data-element_type=\"widget\" data-e-type=\"widget\" data-widget_type=\"text-editor.default\">\n\t\t\t\t<div class=\"elementor-widget-container\">\n\t\t\t\t\t\t\t\t\t<p>FXGLOBE LIMITED EST\u00c1 ESTABLECIDA EN CHIPRE, AUTORIZADA Y REGULADA POR LA COMISI\u00d3N DE VALORES Y BOLSA DE CHIPRE (CYSEC), CON EL N\u00daMERO DE LICENCIA 205\/13.<\/p><p>FXGlobe Limited es una Empresa de Inversi\u00f3n Chipriota debidamente autorizada para proporcionar los servicios de inversi\u00f3n de: Recepci\u00f3n y transmisi\u00f3n de \u00f3rdenes con respecto a uno o m\u00e1s instrumentos financieros; Ejecuci\u00f3n de \u00f3rdenes en nombre de clientes; y los servicios auxiliares de Custodia y administraci\u00f3n de instrumentos financieros, incluida la custodia y servicios relacionados; Concesi\u00f3n de cr\u00e9ditos o pr\u00e9stamos a uno o m\u00e1s instrumentos financieros, cuando la empresa que concede el cr\u00e9dito o pr\u00e9stamo participe en la transacci\u00f3n; y servicios de cambio de divisas cuando est\u00e9n relacionados con la prestaci\u00f3n de servicios de inversi\u00f3n.<\/p><p>FXGlobe Limited est\u00e1 autorizada para ofrecer sus servicios transfronterizos a los estados miembros del Espacio Econ\u00f3mico Europeo. FXGlobe Limited presta sus servicios bajo la licencia <a href=\"http:\/\/www.cysec.gov.cy\/en-GB\/entities\/investment-firms\/cypriot\/37672\/\" target=\"_blank\" rel=\"noopener\">CySEC (n\u00famero de registro 205\/13)<\/a>.<\/p>\t\t\t\t\t\t\t\t<\/div>\n\t\t\t\t<\/div>\n\t\t\t\t\t<\/div>\n\t\t\t\t<\/div>\n\t\t<div class=\"elementor-element elementor-element-43aece1 e-flex e-con-boxed e-con e-child\" data-id=\"43aece1\" data-element_type=\"container\" data-e-type=\"container\" data-settings=\"{&quot;background_background&quot;:&quot;classic&quot;}\">\n\t\t\t\t\t<div class=\"e-con-inner\">\n\t\t\t\t<div class=\"elementor-element elementor-element-296dcba elementor-widget__width-inherit elementor-widget elementor-widget-heading\" data-id=\"296dcba\" data-element_type=\"widget\" data-e-type=\"widget\" data-widget_type=\"heading.default\">\n\t\t\t\t<div class=\"elementor-widget-container\">\n\t\t\t\t\t<h2 class=\"elementor-heading-title elementor-size-default\">Seguridad bancaria y manejo de dinero<span style=\"color:#DA2D16\">.<\/span><\/h2>\t\t\t\t<\/div>\n\t\t\t\t<\/div>\n\t\t\t\t<div class=\"elementor-element elementor-element-a2ae439 elementor-widget elementor-widget-text-editor\" data-id=\"a2ae439\" data-element_type=\"widget\" data-e-type=\"widget\" data-widget_type=\"text-editor.default\">\n\t\t\t\t<div class=\"elementor-widget-container\">\n\t\t\t\t\t\t\t\t\t<p>Lo m\u00e1s importante para FXGlobe es la seguridad de los fondos de nuestros operadores. Por eso, FXGlobe sigue los est\u00e1ndares m\u00e1s altos y emplea reglas estrictas al manejar su inversi\u00f3n:<\/p>\n\t\t\t\t\t\t\t\t<\/div>\n\t\t\t\t<\/div>\n\t\t\t\t<div class=\"elementor-element elementor-element-684fffd elementor-icon-list--layout-traditional elementor-list-item-link-full_width elementor-widget elementor-widget-icon-list\" data-id=\"684fffd\" data-element_type=\"widget\" data-e-type=\"widget\" data-widget_type=\"icon-list.default\">\n\t\t\t\t<div class=\"elementor-widget-container\">\n\t\t\t\t\t\t\t<ul class=\"elementor-icon-list-items\">\n\t\t\t\t\t\t\t<li class=\"elementor-icon-list-item\">\n\t\t\t\t\t\t\t\t\t\t\t<span class=\"elementor-icon-list-icon\">\n\t\t\t\t\t\t\t<i aria-hidden=\"true\" class=\"fas fa-circle\"><\/i>\t\t\t\t\t\t<\/span>\n\t\t\t\t\t\t\t\t\t\t<span class=\"elementor-icon-list-text\"> No hay comisiones adicionales ni recotizaciones <\/span>\n\t\t\t\t\t\t\t\t\t<\/li>\n\t\t\t\t\t\t\t\t<li class=\"elementor-icon-list-item\">\n\t\t\t\t\t\t\t\t\t\t\t<span class=\"elementor-icon-list-icon\">\n\t\t\t\t\t\t\t<i aria-hidden=\"true\" class=\"fas fa-circle\"><\/i>\t\t\t\t\t\t<\/span>\n\t\t\t\t\t\t\t\t\t\t<span class=\"elementor-icon-list-text\"> Tus fondos est\u00e1n segregados de los fondos de FXGlobe en bancos europeos de primer nivel y no pueden ser utilizados por nuestra empresa ni por ning\u00fan otro tercero, bajo ninguna circunstancia <\/span>\n\t\t\t\t\t\t\t\t\t<\/li>\n\t\t\t\t\t\t\t\t<li class=\"elementor-icon-list-item\">\n\t\t\t\t\t\t\t\t\t\t\t<span class=\"elementor-icon-list-icon\">\n\t\t\t\t\t\t\t<i aria-hidden=\"true\" class=\"fas fa-circle\"><\/i>\t\t\t\t\t\t<\/span>\n\t\t\t\t\t\t\t\t\t\t<span class=\"elementor-icon-list-text\">Datos financieros y personales totalmente protegidos<\/span>\n\t\t\t\t\t\t\t\t\t<\/li>\n\t\t\t\t\t\t\t\t<li class=\"elementor-icon-list-item\">\n\t\t\t\t\t\t\t\t\t\t\t<span class=\"elementor-icon-list-icon\">\n\t\t\t\t\t\t\t<i aria-hidden=\"true\" class=\"fas fa-circle\"><\/i>\t\t\t\t\t\t<\/span>\n\t\t\t\t\t\t\t\t\t\t<span class=\"elementor-icon-list-text\"> Procedimientos claros de categorizaci\u00f3n de los clientes y de evaluaci\u00f3n de las inversiones con fines de gesti\u00f3n de riesgos <\/span>\n\t\t\t\t\t\t\t\t\t<\/li>\n\t\t\t\t\t\t\t\t<li class=\"elementor-icon-list-item\">\n\t\t\t\t\t\t\t\t\t\t\t<span class=\"elementor-icon-list-icon\">\n\t\t\t\t\t\t\t<i aria-hidden=\"true\" class=\"fas fa-circle\"><\/i>\t\t\t\t\t\t<\/span>\n\t\t\t\t\t\t\t\t\t\t<span class=\"elementor-icon-list-text\"> Transparencia de los instrumentos financieros mediante datos exhaustivos sobre las condiciones de negociaci\u00f3n <\/span>\n\t\t\t\t\t\t\t\t\t<\/li>\n\t\t\t\t\t\t<\/ul>\n\t\t\t\t\t\t<\/div>\n\t\t\t\t<\/div>\n\t\t\t\t<div class=\"elementor-element elementor-element-aee31ee elementor-widget elementor-widget-text-editor\" data-id=\"aee31ee\" data-element_type=\"widget\" data-e-type=\"widget\" data-widget_type=\"text-editor.default\">\n\t\t\t\t<div class=\"elementor-widget-container\">\n\t\t\t\t\t\t\t\t\t<p>Para ver todos los documentos legales, incluida la Declaraci\u00f3n de Riesgos y la Pol\u00edtica de Privacidad, consulte nuestra <a href=\"https:\/\/www.fxglobe.eu\/es\/trading\/documentos-legales\/\" target=\"_blank\" rel=\"noopener\">p\u00e1gina de documentos legales.<\/a><\/p>\n\t\t\t\t\t\t\t\t<\/div>\n\t\t\t\t<\/div>\n\t\t\t\t\t<\/div>\n\t\t\t\t<\/div>\n\t\t\t\t\t<\/div>\n\t\t\t\t<\/div>\n\t\t\t\t<\/div>\n\t\t","protected":false},"excerpt":{"rendered":"<p>Sobre Nosotros Licencia y regulaci\u00f3n. Respira tranquilo\/a: estamos autorizados y regulados. Detalles de la licencia. FXGLOBE LIMITED EST\u00c1 ESTABLECIDA EN CHIPRE, AUTORIZADA Y REGULADA POR LA COMISI\u00d3N DE VALORES Y BOLSA DE CHIPRE (CYSEC), CON EL N\u00daMERO DE LICENCIA 205\/13. FXGlobe Limited es una Empresa de Inversi\u00f3n Chipriota debidamente autorizada para proporcionar los servicios de [&hellip;]<\/p>\n","protected":false},"author":12,"featured_media":0,"parent":5431,"menu_order":0,"comment_status":"closed","ping_status":"closed","template":"","meta":{"_acf_changed":false,"_seopress_robots_primary_cat":"","_seopress_titles_title":"","_seopress_titles_desc":"","_seopress_robots_index":"","footnotes":""},"class_list":["post-5466","page","type-page","status-publish","hentry"],"acf":[],"_links":{"self":[{"href":"https:\/\/www.fxglobe.eu\/es\/wp-json\/wp\/v2\/pages\/5466","targetHints":{"allow":["GET"]}}],"collection":[{"href":"https:\/\/www.fxglobe.eu\/es\/wp-json\/wp\/v2\/pages"}],"about":[{"href":"https:\/\/www.fxglobe.eu\/es\/wp-json\/wp\/v2\/types\/page"}],"author":[{"embeddable":true,"href":"https:\/\/www.fxglobe.eu\/es\/wp-json\/wp\/v2\/users\/12"}],"replies":[{"embeddable":true,"href":"https:\/\/www.fxglobe.eu\/es\/wp-json\/wp\/v2\/comments?post=5466"}],"version-history":[{"count":0,"href":"https:\/\/www.fxglobe.eu\/es\/wp-json\/wp\/v2\/pages\/5466\/revisions"}],"up":[{"embeddable":true,"href":"https:\/\/www.fxglobe.eu\/es\/wp-json\/wp\/v2\/pages\/5431"}],"wp:attachment":[{"href":"https:\/\/www.fxglobe.eu\/es\/wp-json\/wp\/v2\/media?parent=5466"}],"curies":[{"name":"wp","href":"https:\/\/api.w.org\/{rel}","templated":true}]}}