{"id":5575,"date":"2022-09-21T12:33:23","date_gmt":"2022-09-21T12:33:23","guid":{"rendered":"https:\/\/fxglobeeu.wpenginepowered.com\/trading\/types-de-comptes\/"},"modified":"2024-03-12T14:29:03","modified_gmt":"2024-03-12T14:29:03","slug":"types-de-comptes","status":"publish","type":"page","link":"https:\/\/www.fxglobe.eu\/fr\/trading\/types-de-comptes\/","title":{"rendered":"Types de comptes"},"content":{"rendered":"\t\t<div data-elementor-type=\"wp-page\" data-elementor-id=\"5575\" class=\"elementor elementor-5575 elementor-548\" data-elementor-post-type=\"page\">\n\t\t\t\t<div class=\"elementor-element elementor-element-789e888 e-con-full e-flex e-con e-parent\" data-id=\"789e888\" data-element_type=\"container\" data-e-type=\"container\">\n\t\t<div class=\"elementor-element elementor-element-15549f2 e-con-full e-flex e-con e-parent\" data-id=\"15549f2\" data-element_type=\"container\" data-e-type=\"container\" data-settings=\"{&quot;background_background&quot;:&quot;classic&quot;}\">\n\t\t\t\t<div class=\"elementor-element elementor-element-1697bef elementor-widget__width-initial elementor-absolute animated-slow elementor-invisible elementor-widget elementor-widget-image\" data-id=\"1697bef\" data-element_type=\"widget\" data-e-type=\"widget\" data-settings=\"{&quot;_position&quot;:&quot;absolute&quot;,&quot;_animation&quot;:&quot;fadeInLeft&quot;}\" data-widget_type=\"image.default\">\n\t\t\t\t<div class=\"elementor-widget-container\">\n\t\t\t\t\t\t\t\t\t\t\t\t\t\t\t<img decoding=\"async\" width=\"117\" height=\"153\" src=\"https:\/\/www.fxglobe.eu\/wp-content\/uploads\/2022\/09\/Big-ball-left.png\" class=\"attachment-full size-full wp-image-643\" alt=\"\" \/>\t\t\t\t\t\t\t\t\t\t\t\t\t\t\t<\/div>\n\t\t\t\t<\/div>\n\t\t<div class=\"elementor-element elementor-element-9a89073 e-con-full e-flex e-con e-parent\" data-id=\"9a89073\" data-element_type=\"container\" data-e-type=\"container\">\n\t\t\t\t<div class=\"elementor-element elementor-element-e91fdcc elementor-widget__width-inherit elementor-widget elementor-widget-heading\" data-id=\"e91fdcc\" data-element_type=\"widget\" data-e-type=\"widget\" data-widget_type=\"heading.default\">\n\t\t\t\t<div class=\"elementor-widget-container\">\n\t\t\t\t\t<h6 class=\"elementor-heading-title elementor-size-default\">Trading<\/h6>\t\t\t\t<\/div>\n\t\t\t\t<\/div>\n\t\t\t\t<div class=\"elementor-element elementor-element-9b9edfd elementor-widget elementor-widget-heading\" data-id=\"9b9edfd\" data-element_type=\"widget\" data-e-type=\"widget\" data-widget_type=\"heading.default\">\n\t\t\t\t<div class=\"elementor-widget-container\">\n\t\t\t\t\t<h1 class=\"elementor-heading-title elementor-size-default\">Types de comptes<span style=\"color:#DA2D16\">.<\/span><\/h1>\t\t\t\t<\/div>\n\t\t\t\t<\/div>\n\t\t\t\t<div class=\"elementor-element elementor-element-4382e06 elementor-widget elementor-widget-text-editor\" data-id=\"4382e06\" data-element_type=\"widget\" data-e-type=\"widget\" data-widget_type=\"text-editor.default\">\n\t\t\t\t<div class=\"elementor-widget-container\">\n\t\t\t\t\t\t\t\t\t<p>Choisissez la m\u00e9thode qui sera la plus avantageuse pour votre trading.<\/p>\n\t\t\t\t\t\t\t\t<\/div>\n\t\t\t\t<\/div>\n\t\t\t\t<\/div>\n\t\t\t\t<\/div>\n\t\t\t\t<\/div>\n\t\t<div class=\"elementor-element elementor-element-763a5c3 e-flex e-con-boxed e-con e-parent\" data-id=\"763a5c3\" data-element_type=\"container\" data-e-type=\"container\">\n\t\t\t\t\t<div class=\"e-con-inner\">\n\t\t\t\t<div class=\"elementor-element elementor-element-6df3bbe elementor-widget__width-inherit custom-overflow elementor-widget elementor-widget-elementskit-tablepress\" data-id=\"6df3bbe\" data-element_type=\"widget\" data-e-type=\"widget\" data-widget_type=\"elementskit-tablepress.default\">\n\t\t\t\t<div class=\"elementor-widget-container\">\n\t\t\t\t\t<div class=\"elemenetskit-tablepress ekit-wid-con\" id=\"ekit_tablepress_6df3bbe\">\n<table id=\"tablepress-39\" class=\"tablepress tablepress-id-39 theadx tbody-has-connected-cells\">\n<thead>\n<tr class=\"row-1\">\n\t<td class=\"column-1\"><\/td><td class=\"column-2\"><\/td><th class=\"column-3\">Pathfinder<\/th><th class=\"column-4\">Navigator<\/th><th class=\"column-5\">Infinity<\/th>\n<\/tr>\n<\/thead>\n<tbody class=\"row-striping row-hover\">\n<tr class=\"row-2\">\n\t<td rowspan=\"3\" class=\"column-1\">D\u00e9p\u00f4t minimum<\/td><td class=\"column-2\"><\/td><td class=\"column-3\"><\/td><td class=\"column-4\"><\/td><td class=\"column-5\"><\/td>\n<\/tr>\n<tr class=\"row-3\">\n\t<td rowspan=\"2\" class=\"column-2\">EUR<\/td><td rowspan=\"2\" class=\"column-3\"> \u20ac  500 <\/td><td rowspan=\"2\" class=\"column-4\"> \u20ac  5,000 <\/td><td rowspan=\"2\" class=\"column-5\"> \u20ac  50,000 <\/td>\n<\/tr>\n<tr class=\"row-4\">\n\t\n<\/tr>\n<tr class=\"row-5\">\n\t<td class=\"column-1\"><\/td><td class=\"column-2\"><\/td><td class=\"column-3\"><\/td><td class=\"column-4\"><\/td><td class=\"column-5\"><\/td>\n<\/tr>\n<tr class=\"row-6\">\n\t<td rowspan=\"6\" class=\"column-1\">Trading<\/td><td class=\"column-2\">Ex\u00e9cution<\/td><td colspan=\"3\" class=\"column-3\">Pas de comptoir de n\u00e9gociation<\/td>\n<\/tr>\n<tr class=\"row-7\">\n\t<td class=\"column-2\">Taille minimale de l'op\u00e9ration<\/td><td colspan=\"3\" class=\"column-3\">0.01 Lots<\/td>\n<\/tr>\n<tr class=\"row-8\">\n\t<td class=\"column-2\">Commissions<\/td><td colspan=\"2\" class=\"column-3\">0<\/td><td class=\"column-5\">7 USD par lot<\/td>\n<\/tr>\n<tr class=\"row-9\">\n\t<td class=\"column-2\">Echanges<\/td><td colspan=\"3\" class=\"column-3\">-<\/td>\n<\/tr>\n<tr class=\"row-10\">\n\t<td class=\"column-2\">MT4<\/td><td colspan=\"3\" class=\"column-3\">Oui<\/td>\n<\/tr>\n<tr class=\"row-11\">\n\t<td class=\"column-2\">Trader en ligne<\/td><td colspan=\"3\" class=\"column-3\">Oui<\/td>\n<\/tr>\n<tr class=\"row-12\">\n\t<td class=\"column-1\"><\/td><td class=\"column-2\"><\/td><td class=\"column-3\"><\/td><td class=\"column-4\"><\/td><td class=\"column-5\"><\/td>\n<\/tr>\n<tr class=\"row-13\">\n\t<td rowspan=\"4\" class=\"column-1\">Finance<\/td><td class=\"column-2\">Retrait<\/td><td colspan=\"3\" class=\"column-3\">Toutes les m\u00e9thodes<\/td>\n<\/tr>\n<tr class=\"row-14\">\n\t<td class=\"column-2\">D\u00e9p\u00f4t<\/td><td colspan=\"3\" class=\"column-3\">Toutes les m\u00e9thodes<\/td>\n<\/tr>\n<tr class=\"row-15\">\n\t<td class=\"column-2\">Temps d'ex\u00e9cution<\/td><td class=\"column-3\">2 - 8 jours<\/td><td class=\"column-4\">2 - 7 jours<\/td><td class=\"column-5\">2 - 3 jours<\/td>\n<\/tr>\n<tr class=\"row-16\">\n\t<td class=\"column-2\">M\u00e9thodes de paiement<\/td><td colspan=\"3\" class=\"column-3\">Plus de 10 m\u00e9thodes<\/td>\n<\/tr>\n<tr class=\"row-17\">\n\t<td class=\"column-1\"><\/td><td class=\"column-2\"><\/td><td class=\"column-3\"><\/td><td class=\"column-4\"><\/td><td class=\"column-5\"><\/td>\n<\/tr>\n<\/tbody>\n<\/table>\n<!-- #tablepress-39 from cache --><\/div>\t\t\t\t<\/div>\n\t\t\t\t<\/div>\n\t\t\t\t\t<\/div>\n\t\t\t\t<\/div>\n\t\t\t\t<\/div>\n\t\t","protected":false},"excerpt":{"rendered":"<p>Trading Types de comptes. Choisissez la m\u00e9thode qui sera la plus avantageuse pour votre trading. Edit Pathfinder Navigator Infinity D\u00e9p\u00f4t minimum EUR \u20ac 250 \u20ac 2,500 \u20ac 25,000 Trading Ex\u00e9cution Pas de comptoir de n\u00e9gociation Taille minimale de l&rsquo;op\u00e9ration 0.01 Lots Commissions 0 7 USD par lot Echanges &#8211; MT4 Oui Trader en ligne Oui [&hellip;]<\/p>\n","protected":false},"author":12,"featured_media":0,"parent":5573,"menu_order":0,"comment_status":"closed","ping_status":"closed","template":"","meta":{"_acf_changed":false,"_seopress_robots_primary_cat":"","_seopress_titles_title":"","_seopress_titles_desc":"","_seopress_robots_index":"","footnotes":""},"class_list":["post-5575","page","type-page","status-publish","hentry"],"acf":[],"_links":{"self":[{"href":"https:\/\/www.fxglobe.eu\/fr\/wp-json\/wp\/v2\/pages\/5575","targetHints":{"allow":["GET"]}}],"collection":[{"href":"https:\/\/www.fxglobe.eu\/fr\/wp-json\/wp\/v2\/pages"}],"about":[{"href":"https:\/\/www.fxglobe.eu\/fr\/wp-json\/wp\/v2\/types\/page"}],"author":[{"embeddable":true,"href":"https:\/\/www.fxglobe.eu\/fr\/wp-json\/wp\/v2\/users\/12"}],"replies":[{"embeddable":true,"href":"https:\/\/www.fxglobe.eu\/fr\/wp-json\/wp\/v2\/comments?post=5575"}],"version-history":[{"count":0,"href":"https:\/\/www.fxglobe.eu\/fr\/wp-json\/wp\/v2\/pages\/5575\/revisions"}],"up":[{"embeddable":true,"href":"https:\/\/www.fxglobe.eu\/fr\/wp-json\/wp\/v2\/pages\/5573"}],"wp:attachment":[{"href":"https:\/\/www.fxglobe.eu\/fr\/wp-json\/wp\/v2\/media?parent=5575"}],"curies":[{"name":"wp","href":"https:\/\/api.w.org\/{rel}","templated":true}]}}