{"id":5587,"date":"2022-09-21T12:35:02","date_gmt":"2022-09-21T12:35:02","guid":{"rendered":"https:\/\/fxglobeeu.wpenginepowered.com\/trading\/licence-et-reglementation\/"},"modified":"2025-12-15T16:24:00","modified_gmt":"2025-12-15T16:24:00","slug":"licence-et-reglementation","status":"publish","type":"page","link":"https:\/\/www.fxglobe.eu\/fr\/trading\/licence-et-reglementation\/","title":{"rendered":"Licence et r\u00e9glementation"},"content":{"rendered":"\t\t<div data-elementor-type=\"wp-page\" data-elementor-id=\"5587\" class=\"elementor elementor-5587 elementor-566\" data-elementor-post-type=\"page\">\n\t\t\t\t<div class=\"elementor-element elementor-element-0117f53 e-con-full e-flex e-con e-parent\" data-id=\"0117f53\" data-element_type=\"container\" data-e-type=\"container\">\n\t\t\t\t<div class=\"elementor-element elementor-element-a994284 elementor-absolute elementor-hidden-mobile elementor-invisible elementor-widget elementor-widget-image\" data-id=\"a994284\" data-element_type=\"widget\" data-e-type=\"widget\" data-settings=\"{&quot;_position&quot;:&quot;absolute&quot;,&quot;motion_fx_motion_fx_mouse&quot;:&quot;yes&quot;,&quot;motion_fx_mouseTrack_effect&quot;:&quot;yes&quot;,&quot;motion_fx_mouseTrack_speed&quot;:{&quot;unit&quot;:&quot;px&quot;,&quot;size&quot;:0.2,&quot;sizes&quot;:[]},&quot;_animation&quot;:&quot;zoomIn&quot;}\" data-widget_type=\"image.default\">\n\t\t\t\t<div class=\"elementor-widget-container\">\n\t\t\t\t\t\t\t\t\t\t\t\t\t\t\t<img decoding=\"async\" width=\"33\" height=\"33\" src=\"https:\/\/www.fxglobe.eu\/wp-content\/uploads\/2022\/09\/orange-ball.svg\" class=\"attachment-full size-full wp-image-1117\" alt=\"\" \/>\t\t\t\t\t\t\t\t\t\t\t\t\t\t\t<\/div>\n\t\t\t\t<\/div>\n\t\t<div class=\"elementor-element elementor-element-b29c243 e-con-full e-flex e-con e-child\" data-id=\"b29c243\" data-element_type=\"container\" data-e-type=\"container\" data-settings=\"{&quot;background_background&quot;:&quot;classic&quot;}\">\n\t\t\t\t<div class=\"elementor-element elementor-element-1f36460 elementor-widget__width-initial elementor-absolute animated-slow elementor-invisible elementor-widget elementor-widget-image\" data-id=\"1f36460\" data-element_type=\"widget\" data-e-type=\"widget\" data-settings=\"{&quot;_position&quot;:&quot;absolute&quot;,&quot;_animation&quot;:&quot;fadeInLeft&quot;}\" data-widget_type=\"image.default\">\n\t\t\t\t<div class=\"elementor-widget-container\">\n\t\t\t\t\t\t\t\t\t\t\t\t\t\t\t<img decoding=\"async\" width=\"117\" height=\"153\" src=\"https:\/\/www.fxglobe.eu\/wp-content\/uploads\/2022\/09\/Big-ball-left.png\" class=\"attachment-full size-full wp-image-643\" alt=\"\" \/>\t\t\t\t\t\t\t\t\t\t\t\t\t\t\t<\/div>\n\t\t\t\t<\/div>\n\t\t<div class=\"elementor-element elementor-element-15896d7 e-con-full e-flex e-con e-child\" data-id=\"15896d7\" data-element_type=\"container\" data-e-type=\"container\">\n\t\t\t\t<div class=\"elementor-element elementor-element-b394157 elementor-widget__width-inherit elementor-widget elementor-widget-heading\" data-id=\"b394157\" data-element_type=\"widget\" data-e-type=\"widget\" data-widget_type=\"heading.default\">\n\t\t\t\t<div class=\"elementor-widget-container\">\n\t\t\t\t\t<h6 class=\"elementor-heading-title elementor-size-default\">\u00c0 propos de nous<\/h6>\t\t\t\t<\/div>\n\t\t\t\t<\/div>\n\t\t\t\t<div class=\"elementor-element elementor-element-0a27835 elementor-widget__width-inherit elementor-widget elementor-widget-heading\" data-id=\"0a27835\" data-element_type=\"widget\" data-e-type=\"widget\" data-widget_type=\"heading.default\">\n\t\t\t\t<div class=\"elementor-widget-container\">\n\t\t\t\t\t<h1 class=\"elementor-heading-title elementor-size-default\">Licence et r\u00e9glementation<span style=\"color:#DA2D16\">.<\/span><\/h1>\t\t\t\t<\/div>\n\t\t\t\t<\/div>\n\t\t\t\t<div class=\"elementor-element elementor-element-492295e elementor-widget elementor-widget-text-editor\" data-id=\"492295e\" data-element_type=\"widget\" data-e-type=\"widget\" data-widget_type=\"text-editor.default\">\n\t\t\t\t<div class=\"elementor-widget-container\">\n\t\t\t\t\t\t\t\t\t<p>Respirez tranquillement\u2014nous sommes agr\u00e9\u00e9s et r\u00e9glement\u00e9s.<\/p>\n\t\t\t\t\t\t\t\t<\/div>\n\t\t\t\t<\/div>\n\t\t\t\t<\/div>\n\t\t\t\t<\/div>\n\t\t\t\t<\/div>\n\t\t<div class=\"elementor-element elementor-element-e483594 e-flex e-con-boxed e-con e-parent\" data-id=\"e483594\" data-element_type=\"container\" data-e-type=\"container\">\n\t\t\t\t\t<div class=\"e-con-inner\">\n\t\t<div class=\"elementor-element elementor-element-b4ea80b e-flex e-con-boxed e-con e-child\" data-id=\"b4ea80b\" data-element_type=\"container\" data-e-type=\"container\" data-settings=\"{&quot;background_background&quot;:&quot;classic&quot;}\">\n\t\t\t\t\t<div class=\"e-con-inner\">\n\t\t\t\t<div class=\"elementor-element elementor-element-386bdad elementor-widget__width-inherit elementor-widget elementor-widget-heading\" data-id=\"386bdad\" data-element_type=\"widget\" data-e-type=\"widget\" data-widget_type=\"heading.default\">\n\t\t\t\t<div class=\"elementor-widget-container\">\n\t\t\t\t\t<h2 class=\"elementor-heading-title elementor-size-default\">D\u00e9tails de la licence<span style=\"color:#DA2D16\">.<\/span><\/h2>\t\t\t\t<\/div>\n\t\t\t\t<\/div>\n\t\t\t\t<div class=\"elementor-element elementor-element-ed60b0c elementor-widget elementor-widget-text-editor\" data-id=\"ed60b0c\" data-element_type=\"widget\" data-e-type=\"widget\" data-widget_type=\"text-editor.default\">\n\t\t\t\t<div class=\"elementor-widget-container\">\n\t\t\t\t\t\t\t\t\t<p>FXGLOBE LIMITED EST \u00c9TABLIE \u00c0 CHYPRE, ELLE EST AUTORIS\u00c9E ET R\u00c9GLEMENT\u00c9E PAR LA CYPRUS SECURITIES AND EXCHANGE COMMISSION (CYSEC), NUM\u00c9RO DE LICENCE 205\/13<\/p>\n<p>FXGlobe Limited est une entreprise d&rsquo;investissement chypriote d\u00fbment autoris\u00e9e \u00e0 fournir les services d&rsquo;investissement suivants : R\u00e9ception et transmission d&rsquo;ordres relatifs \u00e0 un ou plusieurs instruments financiers ; Ex\u00e9cution d&rsquo;ordres pour le compte de clients ; et les services auxiliaires de Garde et administration d&rsquo;instruments financiers, y compris la conservation et les services connexes ; Octroi de cr\u00e9dits ou de pr\u00eats \u00e0 un ou plusieurs instruments financiers, lorsque l&rsquo;entreprise qui accorde le cr\u00e9dit ou le pr\u00eat est impliqu\u00e9e dans la transaction ; et Services de change lorsque ceux-ci sont li\u00e9s \u00e0 la fourniture de services d&rsquo;investissement.<\/p>\n<p>FXGlobe Limited est autoris\u00e9 \u00e0 fournir des services transfrontaliers aux \u00c9tats membres de l&rsquo;Espace \u00e9conomique europ\u00e9en. FXGlobe Limited fournit ses services sous la licence de la <a href=\"http:\/\/www.cysec.gov.cy\/en-GB\/entities\/investment-firms\/cypriot\/37672\/\" target=\"_blank\" rel=\"noopener\">CySEC (num\u00e9ro d&rsquo;enregistrement 205\/13)<\/a>.<\/p>\n\t\t\t\t\t\t\t\t<\/div>\n\t\t\t\t<\/div>\n\t\t\t\t\t<\/div>\n\t\t\t\t<\/div>\n\t\t<div class=\"elementor-element elementor-element-43aece1 e-flex e-con-boxed e-con e-child\" data-id=\"43aece1\" data-element_type=\"container\" data-e-type=\"container\" data-settings=\"{&quot;background_background&quot;:&quot;classic&quot;}\">\n\t\t\t\t\t<div class=\"e-con-inner\">\n\t\t\t\t<div class=\"elementor-element elementor-element-296dcba elementor-widget__width-inherit elementor-widget elementor-widget-heading\" data-id=\"296dcba\" data-element_type=\"widget\" data-e-type=\"widget\" data-widget_type=\"heading.default\">\n\t\t\t\t<div class=\"elementor-widget-container\">\n\t\t\t\t\t<h2 class=\"elementor-heading-title elementor-size-default\">S\u00e9curit\u00e9 bancaire et manipulation des fonds<span style=\"color:#DA2D16\">.<\/span><\/h2>\t\t\t\t<\/div>\n\t\t\t\t<\/div>\n\t\t\t\t<div class=\"elementor-element elementor-element-a2ae439 elementor-widget elementor-widget-text-editor\" data-id=\"a2ae439\" data-element_type=\"widget\" data-e-type=\"widget\" data-widget_type=\"text-editor.default\">\n\t\t\t\t<div class=\"elementor-widget-container\">\n\t\t\t\t\t\t\t\t\t<p>La chose la plus importante pour FXGlobe est la s\u00e9curit\u00e9 des fonds de nos traders. C&rsquo;est pourquoi FXGlobe suit les normes les plus \u00e9lev\u00e9es et applique des r\u00e8gles strictes lors du traitement de votre investissement:<\/p>\n\t\t\t\t\t\t\t\t<\/div>\n\t\t\t\t<\/div>\n\t\t\t\t<div class=\"elementor-element elementor-element-684fffd elementor-icon-list--layout-traditional elementor-list-item-link-full_width elementor-widget elementor-widget-icon-list\" data-id=\"684fffd\" data-element_type=\"widget\" data-e-type=\"widget\" data-widget_type=\"icon-list.default\">\n\t\t\t\t<div class=\"elementor-widget-container\">\n\t\t\t\t\t\t\t<ul class=\"elementor-icon-list-items\">\n\t\t\t\t\t\t\t<li class=\"elementor-icon-list-item\">\n\t\t\t\t\t\t\t\t\t\t\t<span class=\"elementor-icon-list-icon\">\n\t\t\t\t\t\t\t<i aria-hidden=\"true\" class=\"fas fa-circle\"><\/i>\t\t\t\t\t\t<\/span>\n\t\t\t\t\t\t\t\t\t\t<span class=\"elementor-icon-list-text\"> Pas de commission suppl\u00e9mentaire ni de nouvelle estimation <\/span>\n\t\t\t\t\t\t\t\t\t<\/li>\n\t\t\t\t\t\t\t\t<li class=\"elementor-icon-list-item\">\n\t\t\t\t\t\t\t\t\t\t\t<span class=\"elementor-icon-list-icon\">\n\t\t\t\t\t\t\t<i aria-hidden=\"true\" class=\"fas fa-circle\"><\/i>\t\t\t\t\t\t<\/span>\n\t\t\t\t\t\t\t\t\t\t<span class=\"elementor-icon-list-text\"> Vos fonds sont s\u00e9par\u00e9s des fonds propres de FXGlobe dans des banques europ\u00e9ennes et ne peuvent en aucun cas \u00eatre utilis\u00e9s par notre soci\u00e9t\u00e9 ou tout autre tiers. <\/span>\n\t\t\t\t\t\t\t\t\t<\/li>\n\t\t\t\t\t\t\t\t<li class=\"elementor-icon-list-item\">\n\t\t\t\t\t\t\t\t\t\t\t<span class=\"elementor-icon-list-icon\">\n\t\t\t\t\t\t\t<i aria-hidden=\"true\" class=\"fas fa-circle\"><\/i>\t\t\t\t\t\t<\/span>\n\t\t\t\t\t\t\t\t\t\t<span class=\"elementor-icon-list-text\">Donn\u00e9es financi\u00e8res et personnelles enti\u00e8rement prot\u00e9g\u00e9es<\/span>\n\t\t\t\t\t\t\t\t\t<\/li>\n\t\t\t\t\t\t\t\t<li class=\"elementor-icon-list-item\">\n\t\t\t\t\t\t\t\t\t\t\t<span class=\"elementor-icon-list-icon\">\n\t\t\t\t\t\t\t<i aria-hidden=\"true\" class=\"fas fa-circle\"><\/i>\t\t\t\t\t\t<\/span>\n\t\t\t\t\t\t\t\t\t\t<span class=\"elementor-icon-list-text\"> Des proc\u00e9dures claires de cat\u00e9gorisation des clients et d'\u00e9valuation des investissements pour la gestion des risques. <\/span>\n\t\t\t\t\t\t\t\t\t<\/li>\n\t\t\t\t\t\t\t\t<li class=\"elementor-icon-list-item\">\n\t\t\t\t\t\t\t\t\t\t\t<span class=\"elementor-icon-list-icon\">\n\t\t\t\t\t\t\t<i aria-hidden=\"true\" class=\"fas fa-circle\"><\/i>\t\t\t\t\t\t<\/span>\n\t\t\t\t\t\t\t\t\t\t<span class=\"elementor-icon-list-text\"> Transparence des instruments financiers en utilisant des donn\u00e9es approfondies sur les conditions de trading <\/span>\n\t\t\t\t\t\t\t\t\t<\/li>\n\t\t\t\t\t\t<\/ul>\n\t\t\t\t\t\t<\/div>\n\t\t\t\t<\/div>\n\t\t\t\t<div class=\"elementor-element elementor-element-aee31ee elementor-widget elementor-widget-text-editor\" data-id=\"aee31ee\" data-element_type=\"widget\" data-e-type=\"widget\" data-widget_type=\"text-editor.default\">\n\t\t\t\t<div class=\"elementor-widget-container\">\n\t\t\t\t\t\t\t\t\t<p>Pour consulter tous les documents juridiques, y compris la divulgation des risques et la politique de confidentialit\u00e9, <a href=\"https:\/\/www.fxglobe.eu\/fr\/trading\/documents-juridiques\/\" target=\"_blank\" rel=\"noopener\">voir notre page de documents juridiques.<\/a><\/p>\n\t\t\t\t\t\t\t\t<\/div>\n\t\t\t\t<\/div>\n\t\t\t\t\t<\/div>\n\t\t\t\t<\/div>\n\t\t\t\t\t<\/div>\n\t\t\t\t<\/div>\n\t\t\t\t<\/div>\n\t\t","protected":false},"excerpt":{"rendered":"<p>\u00c0 propos de nous Licence et r\u00e9glementation. Respirez tranquillement\u2014nous sommes agr\u00e9\u00e9s et r\u00e9glement\u00e9s. D\u00e9tails de la licence. FXGLOBE LIMITED EST \u00c9TABLIE \u00c0 CHYPRE, ELLE EST AUTORIS\u00c9E ET R\u00c9GLEMENT\u00c9E PAR LA CYPRUS SECURITIES AND EXCHANGE COMMISSION (CYSEC), NUM\u00c9RO DE LICENCE 205\/13 FXGlobe Limited est une entreprise d&rsquo;investissement chypriote d\u00fbment autoris\u00e9e \u00e0 fournir les services d&rsquo;investissement suivants [&hellip;]<\/p>\n","protected":false},"author":12,"featured_media":0,"parent":5573,"menu_order":0,"comment_status":"closed","ping_status":"closed","template":"","meta":{"_acf_changed":false,"_seopress_robots_primary_cat":"","_seopress_titles_title":"","_seopress_titles_desc":"","_seopress_robots_index":"","footnotes":""},"class_list":["post-5587","page","type-page","status-publish","hentry"],"acf":[],"_links":{"self":[{"href":"https:\/\/www.fxglobe.eu\/fr\/wp-json\/wp\/v2\/pages\/5587","targetHints":{"allow":["GET"]}}],"collection":[{"href":"https:\/\/www.fxglobe.eu\/fr\/wp-json\/wp\/v2\/pages"}],"about":[{"href":"https:\/\/www.fxglobe.eu\/fr\/wp-json\/wp\/v2\/types\/page"}],"author":[{"embeddable":true,"href":"https:\/\/www.fxglobe.eu\/fr\/wp-json\/wp\/v2\/users\/12"}],"replies":[{"embeddable":true,"href":"https:\/\/www.fxglobe.eu\/fr\/wp-json\/wp\/v2\/comments?post=5587"}],"version-history":[{"count":0,"href":"https:\/\/www.fxglobe.eu\/fr\/wp-json\/wp\/v2\/pages\/5587\/revisions"}],"up":[{"embeddable":true,"href":"https:\/\/www.fxglobe.eu\/fr\/wp-json\/wp\/v2\/pages\/5573"}],"wp:attachment":[{"href":"https:\/\/www.fxglobe.eu\/fr\/wp-json\/wp\/v2\/media?parent=5587"}],"curies":[{"name":"wp","href":"https:\/\/api.w.org\/{rel}","templated":true}]}}