{"id":5344,"date":"2022-09-14T13:04:20","date_gmt":"2022-09-14T13:04:20","guid":{"rendered":"https:\/\/fxglobeeu.wpenginepowered.com\/pagina-de-amostra\/"},"modified":"2023-01-13T07:20:08","modified_gmt":"2023-01-13T07:20:08","slug":"pagina-de-amostra","status":"publish","type":"page","link":"https:\/\/www.fxglobe.eu\/pt-pt\/pagina-de-amostra\/","title":{"rendered":"P\u00e1gina de Amostra"},"content":{"rendered":"\n<p>Isto \u00e9 uma p\u00e1gina de exemplo. \u00c9 diferente de uma publica\u00e7\u00e3o de blog porque ficar\u00e1 num s\u00f3 lugar e aparecer\u00e1 na navega\u00e7\u00e3o do seu site (na maioria dos temas). A maioria das pessoas come\u00e7a com uma p\u00e1gina Sobre que os apresenta aos potenciais visitantes do site. Poder\u00e1 dizer algo do g\u00e9nero:<\/p>\n\n<blockquote class=\"wp-block-quote is-layout-flow wp-block-quote-is-layout-flow\"><p>Ol\u00e1 a todos! Sou carteiro de dia, potencial ator de noite e este \u00e9 o meu site. Vivo em Los Angeles, tenho um c\u00e3o chamado Jack e gosto de pi\u00f1a coladas. (E de ficar \u00e0 chuva.)<\/p><\/blockquote>\n\n<p>&#8230;ou algo assim:<\/p>\n\n<blockquote class=\"wp-block-quote is-layout-flow wp-block-quote-is-layout-flow\"><p>A XYZ Doohickey Company foi fundada em 1971 e desde ent\u00e3o tem fornecido bugigangas de qualidade ao p\u00fablico. Localizada na cidade de Gotham, XYZ emprega mais de 2.000 pessoas e faz todo o tipo de coisas espetaculares para a comunidade de Gotham.<\/p><\/blockquote>\n\n<p>Como novo utilizador do WordPress, deve ir ao <a href=\"https:\/\/www.fxglobe.eu\/wp-admin\/\">seu painel de controlo<\/a> para apagar esta p\u00e1gina e criar novas p\u00e1ginas para o seu conte\u00fado. Divirta-se!<\/p>\n","protected":false},"excerpt":{"rendered":"<p>Isto \u00e9 uma p\u00e1gina de exemplo. \u00c9 diferente de uma publica\u00e7\u00e3o de blog porque ficar\u00e1 num s\u00f3 lugar e aparecer\u00e1 na navega\u00e7\u00e3o do seu site (na maioria dos temas). A maioria das pessoas come\u00e7a com uma p\u00e1gina Sobre que os apresenta aos potenciais visitantes do site. Poder\u00e1 dizer algo do g\u00e9nero: Ol\u00e1 a todos! Sou [&hellip;]<\/p>\n","protected":false},"author":12,"featured_media":0,"parent":0,"menu_order":0,"comment_status":"closed","ping_status":"open","template":"","meta":{"_acf_changed":false,"_seopress_robots_primary_cat":"","_seopress_titles_title":"","_seopress_titles_desc":"","_seopress_robots_index":"","footnotes":""},"class_list":["post-5344","page","type-page","status-publish","hentry"],"acf":[],"_links":{"self":[{"href":"https:\/\/www.fxglobe.eu\/pt-pt\/wp-json\/wp\/v2\/pages\/5344","targetHints":{"allow":["GET"]}}],"collection":[{"href":"https:\/\/www.fxglobe.eu\/pt-pt\/wp-json\/wp\/v2\/pages"}],"about":[{"href":"https:\/\/www.fxglobe.eu\/pt-pt\/wp-json\/wp\/v2\/types\/page"}],"author":[{"embeddable":true,"href":"https:\/\/www.fxglobe.eu\/pt-pt\/wp-json\/wp\/v2\/users\/12"}],"replies":[{"embeddable":true,"href":"https:\/\/www.fxglobe.eu\/pt-pt\/wp-json\/wp\/v2\/comments?post=5344"}],"version-history":[{"count":0,"href":"https:\/\/www.fxglobe.eu\/pt-pt\/wp-json\/wp\/v2\/pages\/5344\/revisions"}],"wp:attachment":[{"href":"https:\/\/www.fxglobe.eu\/pt-pt\/wp-json\/wp\/v2\/media?parent=5344"}],"curies":[{"name":"wp","href":"https:\/\/api.w.org\/{rel}","templated":true}]}}