{"id":5349,"date":"2022-09-21T12:33:23","date_gmt":"2022-09-21T12:33:23","guid":{"rendered":"https:\/\/fxglobeeu.wpenginepowered.com\/trading\/tipos-de-contas\/"},"modified":"2024-03-12T14:27:37","modified_gmt":"2024-03-12T14:27:37","slug":"tipos-de-contas","status":"publish","type":"page","link":"https:\/\/www.fxglobe.eu\/pt-pt\/trading\/tipos-de-contas\/","title":{"rendered":"Tipos de contas"},"content":{"rendered":"\t\t<div data-elementor-type=\"wp-page\" data-elementor-id=\"5349\" class=\"elementor elementor-5349 elementor-548\" data-elementor-post-type=\"page\">\n\t\t\t\t<div class=\"elementor-element elementor-element-789e888 e-con-full e-flex e-con e-parent\" data-id=\"789e888\" data-element_type=\"container\" data-e-type=\"container\">\n\t\t<div class=\"elementor-element elementor-element-15549f2 e-con-full e-flex e-con e-parent\" data-id=\"15549f2\" data-element_type=\"container\" data-e-type=\"container\" data-settings=\"{&quot;background_background&quot;:&quot;classic&quot;}\">\n\t\t\t\t<div class=\"elementor-element elementor-element-1697bef elementor-widget__width-initial elementor-absolute animated-slow elementor-invisible elementor-widget elementor-widget-image\" data-id=\"1697bef\" data-element_type=\"widget\" data-e-type=\"widget\" data-settings=\"{&quot;_position&quot;:&quot;absolute&quot;,&quot;_animation&quot;:&quot;fadeInLeft&quot;}\" data-widget_type=\"image.default\">\n\t\t\t\t<div class=\"elementor-widget-container\">\n\t\t\t\t\t\t\t\t\t\t\t\t\t\t\t<img decoding=\"async\" width=\"117\" height=\"153\" src=\"https:\/\/www.fxglobe.eu\/wp-content\/uploads\/2022\/09\/Big-ball-left.png\" class=\"attachment-full size-full wp-image-3259\" alt=\"\" \/>\t\t\t\t\t\t\t\t\t\t\t\t\t\t\t<\/div>\n\t\t\t\t<\/div>\n\t\t<div class=\"elementor-element elementor-element-9a89073 e-con-full e-flex e-con e-parent\" data-id=\"9a89073\" data-element_type=\"container\" data-e-type=\"container\">\n\t\t\t\t<div class=\"elementor-element elementor-element-e91fdcc elementor-widget__width-inherit elementor-widget elementor-widget-heading\" data-id=\"e91fdcc\" data-element_type=\"widget\" data-e-type=\"widget\" data-widget_type=\"heading.default\">\n\t\t\t\t<div class=\"elementor-widget-container\">\n\t\t\t\t\t<h6 class=\"elementor-heading-title elementor-size-default\">Com\u00e9rcio<\/h6>\t\t\t\t<\/div>\n\t\t\t\t<\/div>\n\t\t\t\t<div class=\"elementor-element elementor-element-9b9edfd elementor-widget elementor-widget-heading\" data-id=\"9b9edfd\" data-element_type=\"widget\" data-e-type=\"widget\" data-widget_type=\"heading.default\">\n\t\t\t\t<div class=\"elementor-widget-container\">\n\t\t\t\t\t<h1 class=\"elementor-heading-title elementor-size-default\">Tipos de contas<span style=\"color:#DA2D16\">.<\/span><\/h1>\t\t\t\t<\/div>\n\t\t\t\t<\/div>\n\t\t\t\t<div class=\"elementor-element elementor-element-4382e06 elementor-widget elementor-widget-text-editor\" data-id=\"4382e06\" data-element_type=\"widget\" data-e-type=\"widget\" data-widget_type=\"text-editor.default\">\n\t\t\t\t<div class=\"elementor-widget-container\">\n\t\t\t\t\t\t\t\t\t<p>Escolha o caminho que mais beneficiar\u00e1 o seu trading.<\/p>\n\t\t\t\t\t\t\t\t<\/div>\n\t\t\t\t<\/div>\n\t\t\t\t<\/div>\n\t\t\t\t<\/div>\n\t\t\t\t<\/div>\n\t\t<div class=\"elementor-element elementor-element-763a5c3 e-flex e-con-boxed e-con e-parent\" data-id=\"763a5c3\" data-element_type=\"container\" data-e-type=\"container\">\n\t\t\t\t\t<div class=\"e-con-inner\">\n\t\t\t\t<div class=\"elementor-element elementor-element-6df3bbe elementor-widget__width-inherit custom-overflow elementor-widget elementor-widget-elementskit-tablepress\" data-id=\"6df3bbe\" data-element_type=\"widget\" data-e-type=\"widget\" data-widget_type=\"elementskit-tablepress.default\">\n\t\t\t\t<div class=\"elementor-widget-container\">\n\t\t\t\t\t<div class=\"elemenetskit-tablepress ekit-wid-con\" id=\"ekit_tablepress_6df3bbe\">\n<table id=\"tablepress-51\" class=\"tablepress tablepress-id-51 theadx tbody-has-connected-cells\">\n<thead>\n<tr class=\"row-1\">\n\t<td class=\"column-1\"><\/td><td class=\"column-2\"><\/td><th class=\"column-3\">Explorador<\/th><th class=\"column-4\">Navegador<\/th><th class=\"column-5\">Infinity<\/th>\n<\/tr>\n<\/thead>\n<tbody class=\"row-striping row-hover\">\n<tr class=\"row-2\">\n\t<td rowspan=\"3\" class=\"column-1\">Dep\u00f3sito m\u00ednimo<\/td><td class=\"column-2\"><\/td><td class=\"column-3\"><\/td><td class=\"column-4\"><\/td><td class=\"column-5\"><\/td>\n<\/tr>\n<tr class=\"row-3\">\n\t<td rowspan=\"2\" class=\"column-2\">EUR<\/td><td rowspan=\"2\" class=\"column-3\"> \u20ac  500 <\/td><td rowspan=\"2\" class=\"column-4\"> \u20ac  5,000 <\/td><td rowspan=\"2\" class=\"column-5\"> \u20ac  50,000 <\/td>\n<\/tr>\n<tr class=\"row-4\">\n\t\n<\/tr>\n<tr class=\"row-5\">\n\t<td class=\"column-1\"><\/td><td class=\"column-2\"><\/td><td class=\"column-3\"><\/td><td class=\"column-4\"><\/td><td class=\"column-5\"><\/td>\n<\/tr>\n<tr class=\"row-6\">\n\t<td rowspan=\"6\" class=\"column-1\">Com\u00e9rcio<\/td><td class=\"column-2\">Execu\u00e7\u00e3o<\/td><td colspan=\"3\" class=\"column-3\">Mesa de negocia\u00e7\u00e3o n\u00ba.<\/td>\n<\/tr>\n<tr class=\"row-7\">\n\t<td class=\"column-2\">Valor m\u00ednimo da negocia\u00e7\u00e3o<\/td><td colspan=\"3\" class=\"column-3\">0.01 Lots<\/td>\n<\/tr>\n<tr class=\"row-8\">\n\t<td class=\"column-2\">Comiss\u00f5es<\/td><td colspan=\"2\" class=\"column-3\">0<\/td><td class=\"column-5\">7 USD por lote<\/td>\n<\/tr>\n<tr class=\"row-9\">\n\t<td class=\"column-2\">Swaps<\/td><td colspan=\"3\" class=\"column-3\">-<\/td>\n<\/tr>\n<tr class=\"row-10\">\n\t<td class=\"column-2\">MT4<\/td><td colspan=\"3\" class=\"column-3\">Sim<\/td>\n<\/tr>\n<tr class=\"row-11\">\n\t<td class=\"column-2\">Web Trader<\/td><td colspan=\"3\" class=\"column-3\">Sim<\/td>\n<\/tr>\n<tr class=\"row-12\">\n\t<td class=\"column-1\"><\/td><td class=\"column-2\"><\/td><td class=\"column-3\"><\/td><td class=\"column-4\"><\/td><td class=\"column-5\"><\/td>\n<\/tr>\n<tr class=\"row-13\">\n\t<td rowspan=\"4\" class=\"column-1\">Finan\u00e7as<\/td><td class=\"column-2\">Retirada<\/td><td colspan=\"3\" class=\"column-3\">Todos os M\u00e9todos<br \/>\n<\/td>\n<\/tr>\n<tr class=\"row-14\">\n\t<td class=\"column-2\">Dep\u00f3sito<\/td><td colspan=\"3\" class=\"column-3\">Todos os M\u00e9todos<br \/>\n<\/td>\n<\/tr>\n<tr class=\"row-15\">\n\t<td class=\"column-2\">Tempo de execu\u00e7\u00e3o<\/td><td class=\"column-3\">2-8 dias<\/td><td class=\"column-4\">2-7 dias<\/td><td class=\"column-5\">2-3 dias<\/td>\n<\/tr>\n<tr class=\"row-16\">\n\t<td class=\"column-2\">M\u00e9todos<\/td><td colspan=\"3\" class=\"column-3\">Mais de 10 m\u00e9todos<\/td>\n<\/tr>\n<tr class=\"row-17\">\n\t<td class=\"column-1\"><\/td><td class=\"column-2\"><\/td><td class=\"column-3\"><\/td><td class=\"column-4\"><\/td><td class=\"column-5\"><\/td>\n<\/tr>\n<\/tbody>\n<\/table>\n<!-- #tablepress-51 from cache --><\/div>\t\t\t\t<\/div>\n\t\t\t\t<\/div>\n\t\t\t\t\t<\/div>\n\t\t\t\t<\/div>\n\t\t\t\t<\/div>\n\t\t","protected":false},"excerpt":{"rendered":"<p>Com\u00e9rcio Tipos de contas. Escolha o caminho que mais beneficiar\u00e1 o seu trading. Edit Explorador Navegador Infinity Dep\u00f3sito m\u00ednimo EUR \u20ac 250 \u20ac 2,500 \u20ac 25,000 Com\u00e9rcio Execu\u00e7\u00e3o Mesa de negocia\u00e7\u00e3o n\u00ba. Valor m\u00ednimo da negocia\u00e7\u00e3o 0.01 Lots Comiss\u00f5es 0 7 USD por lote Swaps &#8211; MT4 Sim Web Trader Sim Finan\u00e7as Retirada Todos os [&hellip;]<\/p>\n","protected":false},"author":12,"featured_media":0,"parent":5347,"menu_order":0,"comment_status":"closed","ping_status":"closed","template":"","meta":{"_acf_changed":false,"_seopress_robots_primary_cat":"","_seopress_titles_title":"","_seopress_titles_desc":"","_seopress_robots_index":"","footnotes":""},"class_list":["post-5349","page","type-page","status-publish","hentry"],"acf":[],"_links":{"self":[{"href":"https:\/\/www.fxglobe.eu\/pt-pt\/wp-json\/wp\/v2\/pages\/5349","targetHints":{"allow":["GET"]}}],"collection":[{"href":"https:\/\/www.fxglobe.eu\/pt-pt\/wp-json\/wp\/v2\/pages"}],"about":[{"href":"https:\/\/www.fxglobe.eu\/pt-pt\/wp-json\/wp\/v2\/types\/page"}],"author":[{"embeddable":true,"href":"https:\/\/www.fxglobe.eu\/pt-pt\/wp-json\/wp\/v2\/users\/12"}],"replies":[{"embeddable":true,"href":"https:\/\/www.fxglobe.eu\/pt-pt\/wp-json\/wp\/v2\/comments?post=5349"}],"version-history":[{"count":0,"href":"https:\/\/www.fxglobe.eu\/pt-pt\/wp-json\/wp\/v2\/pages\/5349\/revisions"}],"up":[{"embeddable":true,"href":"https:\/\/www.fxglobe.eu\/pt-pt\/wp-json\/wp\/v2\/pages\/5347"}],"wp:attachment":[{"href":"https:\/\/www.fxglobe.eu\/pt-pt\/wp-json\/wp\/v2\/media?parent=5349"}],"curies":[{"name":"wp","href":"https:\/\/api.w.org\/{rel}","templated":true}]}}