{"id":14191,"date":"2023-11-02T10:36:18","date_gmt":"2023-11-02T10:36:18","guid":{"rendered":"https:\/\/fxglobeeu.wpenginepowered.com\/inregistrare\/"},"modified":"2024-08-06T10:05:53","modified_gmt":"2024-08-06T10:05:53","slug":"inregistrare","status":"publish","type":"page","link":"https:\/\/www.fxglobe.eu\/ro\/inregistrare\/","title":{"rendered":"\u00cenregistrare"},"content":{"rendered":"\t\t<div data-elementor-type=\"wp-page\" data-elementor-id=\"14191\" class=\"elementor elementor-14191 elementor-10823\" data-elementor-post-type=\"page\">\n\t\t\t\t<div class=\"elementor-element elementor-element-3eb82e8 e-flex e-con-boxed e-con e-parent\" data-id=\"3eb82e8\" data-element_type=\"container\" data-e-type=\"container\">\n\t\t\t\t\t<div class=\"e-con-inner\">\n\t\t<div class=\"elementor-element elementor-element-b01fe97 e-con-full e-flex e-con e-parent\" data-id=\"b01fe97\" data-element_type=\"container\" data-e-type=\"container\">\n\t\t\t\t<\/div>\n\t\t<div class=\"elementor-element elementor-element-27bfd75 e-con-full e-flex e-con e-parent\" data-id=\"27bfd75\" data-element_type=\"container\" data-e-type=\"container\">\n\t\t\t\t<div class=\"elementor-element elementor-element-fbdc842 elementor-button-align-stretch elementor-widget elementor-widget-form\" data-id=\"fbdc842\" data-element_type=\"widget\" data-e-type=\"widget\" data-settings=\"{&quot;step_next_label&quot;:&quot;Urm\\u0103torul&quot;,&quot;step_previous_label&quot;:&quot;Anterior&quot;,&quot;button_width&quot;:&quot;100&quot;,&quot;step_type&quot;:&quot;number_text&quot;,&quot;step_icon_shape&quot;:&quot;circle&quot;}\" data-widget_type=\"form.default\">\n\t\t\t\t<div class=\"elementor-widget-container\">\n\t\t\t\t\t\t\t<form class=\"elementor-form\" method=\"post\" name=\"\u00cenregistrare\" aria-label=\"\u00cenregistrare\">\n\t\t\t<input type=\"hidden\" name=\"post_id\" value=\"14191\"\/>\n\t\t\t<input type=\"hidden\" name=\"form_id\" value=\"fbdc842\"\/>\n\t\t\t<input type=\"hidden\" name=\"referer_title\" value=\"\u00cenregistrare\" \/>\n\n\t\t\t\t\t\t\t<input type=\"hidden\" name=\"queried_id\" value=\"14191\"\/>\n\t\t\t\n\t\t\t<div class=\"elementor-form-fields-wrapper elementor-labels-above\">\n\t\t\t\t\t\t\t\t<div class=\"elementor-field-type-text elementor-field-group elementor-column elementor-field-group-first_name elementor-col-100 elementor-field-required\">\n\t\t\t\t\t\t\t\t\t\t\t\t<label for=\"form-field-first_name\" class=\"elementor-field-label\">\n\t\t\t\t\t\t\t\tPrimul nume\t\t\t\t\t\t\t<\/label>\n\t\t\t\t\t\t\t\t\t\t\t\t\t\t<input size=\"1\" type=\"text\" name=\"form_fields[first_name]\" id=\"form-field-first_name\" class=\"elementor-field elementor-size-sm  elementor-field-textual\" placeholder=\"Primul nume\" required=\"required\">\n\t\t\t\t\t\t\t\t\t\t\t<\/div>\n\t\t\t\t\t\t\t\t<div class=\"elementor-field-type-text elementor-field-group elementor-column elementor-field-group-last_name elementor-col-100 elementor-field-required\">\n\t\t\t\t\t\t\t\t\t\t\t\t<label for=\"form-field-last_name\" class=\"elementor-field-label\">\n\t\t\t\t\t\t\t\tNumele de familie\t\t\t\t\t\t\t<\/label>\n\t\t\t\t\t\t\t\t\t\t\t\t\t\t<input size=\"1\" type=\"text\" name=\"form_fields[last_name]\" id=\"form-field-last_name\" class=\"elementor-field elementor-size-sm  elementor-field-textual\" placeholder=\"Numele de familie\" required=\"required\">\n\t\t\t\t\t\t\t\t\t\t\t<\/div>\n\t\t\t\t\t\t\t\t<div class=\"elementor-field-type-email elementor-field-group elementor-column elementor-field-group-email elementor-col-100 elementor-field-required\">\n\t\t\t\t\t\t\t\t\t\t\t\t<label for=\"form-field-email\" class=\"elementor-field-label\">\n\t\t\t\t\t\t\t\tEmail\t\t\t\t\t\t\t<\/label>\n\t\t\t\t\t\t\t\t\t\t\t\t\t\t<input size=\"1\" type=\"email\" name=\"form_fields[email]\" id=\"form-field-email\" class=\"elementor-field elementor-size-sm  elementor-field-textual\" placeholder=\"Email\" required=\"required\">\n\t\t\t\t\t\t\t\t\t\t\t<\/div>\n\t\t\t\t\t\t\t\t<div class=\"elementor-field-type-select elementor-field-group elementor-column elementor-field-group-Country elementor-col-100 elementor-field-required\">\n\t\t\t\t\t\t\t\t\t\t\t\t<label for=\"form-field-Country\" class=\"elementor-field-label\">\n\t\t\t\t\t\t\t\t\u021aara\t\t\t\t\t\t\t<\/label>\n\t\t\t\t\t\t\t\t<div class=\"elementor-field elementor-select-wrapper remove-before \">\n\t\t\t<div class=\"select-caret-down-wrapper\">\n\t\t\t\t<i aria-hidden=\"true\" class=\"eicon-caret-down\"><\/i>\t\t\t<\/div>\n\t\t\t<select name=\"form_fields[Country]\" id=\"form-field-Country\" class=\"elementor-field-textual elementor-size-sm\" required=\"required\">\n\t\t\t\t\t\t\t\t\t<option value=\"Aruba\">Aruba<\/option>\n\t\t\t\t\t\t\t\t\t<option value=\"Afganistan\">Afganistan<\/option>\n\t\t\t\t\t\t\t\t\t<option value=\"Angola\">Angola<\/option>\n\t\t\t\t\t\t\t\t\t<option value=\"Albania\">Albania<\/option>\n\t\t\t\t\t\t\t\t\t<option value=\"Andorra\">Andorra<\/option>\n\t\t\t\t\t\t\t\t\t<option value=\"Emiratele Arabe Unite\">Emiratele Arabe Unite<\/option>\n\t\t\t\t\t\t\t\t\t<option value=\"Argentina\">Argentina<\/option>\n\t\t\t\t\t\t\t\t\t<option value=\"Armenia\">Armenia<\/option>\n\t\t\t\t\t\t\t\t\t<option value=\"Samoa American\u0103\">Samoa American\u0103<\/option>\n\t\t\t\t\t\t\t\t\t<option value=\"Antigua \u0219i Barbuda\">Antigua \u0219i Barbuda<\/option>\n\t\t\t\t\t\t\t\t\t<option value=\"Australia\">Australia<\/option>\n\t\t\t\t\t\t\t\t\t<option value=\"Austria\">Austria<\/option>\n\t\t\t\t\t\t\t\t\t<option value=\"Azerbaidjan\">Azerbaidjan<\/option>\n\t\t\t\t\t\t\t\t\t<option value=\"Burundi\">Burundi<\/option>\n\t\t\t\t\t\t\t\t\t<option value=\"Belgia\">Belgia<\/option>\n\t\t\t\t\t\t\t\t\t<option value=\"Benin\">Benin<\/option>\n\t\t\t\t\t\t\t\t\t<option value=\"Burkina Faso\">Burkina Faso<\/option>\n\t\t\t\t\t\t\t\t\t<option value=\"Bangladesh\">Bangladesh<\/option>\n\t\t\t\t\t\t\t\t\t<option value=\"Bulgaria\">Bulgaria<\/option>\n\t\t\t\t\t\t\t\t\t<option value=\"Bahrain\">Bahrain<\/option>\n\t\t\t\t\t\t\t\t\t<option value=\"Bahamas, The\">Bahamas, The<\/option>\n\t\t\t\t\t\t\t\t\t<option value=\"Bosnia \u0219i Her\u021begovina\">Bosnia \u0219i Her\u021begovina<\/option>\n\t\t\t\t\t\t\t\t\t<option value=\"Belarus\">Belarus<\/option>\n\t\t\t\t\t\t\t\t\t<option value=\"Belize\">Belize<\/option>\n\t\t\t\t\t\t\t\t\t<option value=\"Bermuda\">Bermuda<\/option>\n\t\t\t\t\t\t\t\t\t<option value=\"Bolivia\">Bolivia<\/option>\n\t\t\t\t\t\t\t\t\t<option value=\"Brazilia\">Brazilia<\/option>\n\t\t\t\t\t\t\t\t\t<option value=\"Barbados\">Barbados<\/option>\n\t\t\t\t\t\t\t\t\t<option value=\"Brunei Darussalam\">Brunei Darussalam<\/option>\n\t\t\t\t\t\t\t\t\t<option value=\"Bhutan\">Bhutan<\/option>\n\t\t\t\t\t\t\t\t\t<option value=\"Botswana\">Botswana<\/option>\n\t\t\t\t\t\t\t\t\t<option value=\"Republica Centrafrican\u0103\">Republica Centrafrican\u0103<\/option>\n\t\t\t\t\t\t\t\t\t<option value=\"Canada\">Canada<\/option>\n\t\t\t\t\t\t\t\t\t<option value=\"Elve\u021bia\">Elve\u021bia<\/option>\n\t\t\t\t\t\t\t\t\t<option value=\"Insulele Canalului\">Insulele Canalului<\/option>\n\t\t\t\t\t\t\t\t\t<option value=\"Chile\">Chile<\/option>\n\t\t\t\t\t\t\t\t\t<option value=\"China\">China<\/option>\n\t\t\t\t\t\t\t\t\t<option value=\"Coasta de Filde\u0219\">Coasta de Filde\u0219<\/option>\n\t\t\t\t\t\t\t\t\t<option value=\"Camerun\">Camerun<\/option>\n\t\t\t\t\t\t\t\t\t<option value=\"Congo, Dem. Rep.\">Congo, Dem. Rep.<\/option>\n\t\t\t\t\t\t\t\t\t<option value=\"Congo, Rep.\">Congo, Rep.<\/option>\n\t\t\t\t\t\t\t\t\t<option value=\"Columbia\">Columbia<\/option>\n\t\t\t\t\t\t\t\t\t<option value=\"Comore\">Comore<\/option>\n\t\t\t\t\t\t\t\t\t<option value=\"Cabo Verde\">Cabo Verde<\/option>\n\t\t\t\t\t\t\t\t\t<option value=\"Costa Rica\">Costa Rica<\/option>\n\t\t\t\t\t\t\t\t\t<option value=\"Cuba\">Cuba<\/option>\n\t\t\t\t\t\t\t\t\t<option value=\"Curacao\">Curacao<\/option>\n\t\t\t\t\t\t\t\t\t<option value=\"Insulele Cayman\">Insulele Cayman<\/option>\n\t\t\t\t\t\t\t\t\t<option value=\"Cipru\">Cipru<\/option>\n\t\t\t\t\t\t\t\t\t<option value=\"Republica Ceh\u0103\">Republica Ceh\u0103<\/option>\n\t\t\t\t\t\t\t\t\t<option value=\"Germania\">Germania<\/option>\n\t\t\t\t\t\t\t\t\t<option value=\"Djibouti\">Djibouti<\/option>\n\t\t\t\t\t\t\t\t\t<option value=\"Dominica\">Dominica<\/option>\n\t\t\t\t\t\t\t\t\t<option value=\"Danemarca\">Danemarca<\/option>\n\t\t\t\t\t\t\t\t\t<option value=\"Republica Dominican\u0103\">Republica Dominican\u0103<\/option>\n\t\t\t\t\t\t\t\t\t<option value=\"Algeria\">Algeria<\/option>\n\t\t\t\t\t\t\t\t\t<option value=\"Ecuador\">Ecuador<\/option>\n\t\t\t\t\t\t\t\t\t<option value=\"Egipt, Rep. Arab\u0103\">Egipt, Rep. Arab\u0103<\/option>\n\t\t\t\t\t\t\t\t\t<option value=\"Eritreea\">Eritreea<\/option>\n\t\t\t\t\t\t\t\t\t<option value=\"Spania\">Spania<\/option>\n\t\t\t\t\t\t\t\t\t<option value=\"Estonia\">Estonia<\/option>\n\t\t\t\t\t\t\t\t\t<option value=\"Etiopia\">Etiopia<\/option>\n\t\t\t\t\t\t\t\t\t<option value=\"Finlanda\">Finlanda<\/option>\n\t\t\t\t\t\t\t\t\t<option value=\"Fiji\">Fiji<\/option>\n\t\t\t\t\t\t\t\t\t<option value=\"Fran\u021ba\">Fran\u021ba<\/option>\n\t\t\t\t\t\t\t\t\t<option value=\"Insulele Feroe\">Insulele Feroe<\/option>\n\t\t\t\t\t\t\t\t\t<option value=\"Micronezia, Fed. Sf.\">Micronezia, Fed. Sf.<\/option>\n\t\t\t\t\t\t\t\t\t<option value=\"Gabon\">Gabon<\/option>\n\t\t\t\t\t\t\t\t\t<option value=\"Regatul Unit\">Regatul Unit<\/option>\n\t\t\t\t\t\t\t\t\t<option value=\"Georgia\">Georgia<\/option>\n\t\t\t\t\t\t\t\t\t<option value=\"Ghana\">Ghana<\/option>\n\t\t\t\t\t\t\t\t\t<option value=\"Gibraltar\">Gibraltar<\/option>\n\t\t\t\t\t\t\t\t\t<option value=\"Guineea\">Guineea<\/option>\n\t\t\t\t\t\t\t\t\t<option value=\"Gambia, The\">Gambia, The<\/option>\n\t\t\t\t\t\t\t\t\t<option value=\"Guineea-Bissau\">Guineea-Bissau<\/option>\n\t\t\t\t\t\t\t\t\t<option value=\"Guineea Ecuatorial\u0103\">Guineea Ecuatorial\u0103<\/option>\n\t\t\t\t\t\t\t\t\t<option value=\"Grecia\">Grecia<\/option>\n\t\t\t\t\t\t\t\t\t<option value=\"Grenada\">Grenada<\/option>\n\t\t\t\t\t\t\t\t\t<option value=\"Groenlanda\">Groenlanda<\/option>\n\t\t\t\t\t\t\t\t\t<option value=\"Guatemala\">Guatemala<\/option>\n\t\t\t\t\t\t\t\t\t<option value=\"Guam\">Guam<\/option>\n\t\t\t\t\t\t\t\t\t<option value=\"Guyana\">Guyana<\/option>\n\t\t\t\t\t\t\t\t\t<option value=\"Hong Kong SAR, China\">Hong Kong SAR, China<\/option>\n\t\t\t\t\t\t\t\t\t<option value=\"Honduras\">Honduras<\/option>\n\t\t\t\t\t\t\t\t\t<option value=\"Croa\u021bia\">Croa\u021bia<\/option>\n\t\t\t\t\t\t\t\t\t<option value=\"Haiti\">Haiti<\/option>\n\t\t\t\t\t\t\t\t\t<option value=\"Ungaria\">Ungaria<\/option>\n\t\t\t\t\t\t\t\t\t<option value=\"Indonezia\">Indonezia<\/option>\n\t\t\t\t\t\t\t\t\t<option value=\"Insula Man\">Insula Man<\/option>\n\t\t\t\t\t\t\t\t\t<option value=\"India\">India<\/option>\n\t\t\t\t\t\t\t\t\t<option value=\"Irlanda\">Irlanda<\/option>\n\t\t\t\t\t\t\t\t\t<option value=\"Iran, Rep. Islamic\u0103\">Iran, Rep. Islamic\u0103<\/option>\n\t\t\t\t\t\t\t\t\t<option value=\"Irak\">Irak<\/option>\n\t\t\t\t\t\t\t\t\t<option value=\"Islanda\">Islanda<\/option>\n\t\t\t\t\t\t\t\t\t<option value=\"Israel\">Israel<\/option>\n\t\t\t\t\t\t\t\t\t<option value=\"Italia\">Italia<\/option>\n\t\t\t\t\t\t\t\t\t<option value=\"Jamaica\">Jamaica<\/option>\n\t\t\t\t\t\t\t\t\t<option value=\"Jordan\">Jordan<\/option>\n\t\t\t\t\t\t\t\t\t<option value=\"Japonia\">Japonia<\/option>\n\t\t\t\t\t\t\t\t\t<option value=\"Kazahstan\">Kazahstan<\/option>\n\t\t\t\t\t\t\t\t\t<option value=\"Kenya\">Kenya<\/option>\n\t\t\t\t\t\t\t\t\t<option value=\"Republica K\u00e2rg\u00e2zstan\">Republica K\u00e2rg\u00e2zstan<\/option>\n\t\t\t\t\t\t\t\t\t<option value=\"Cambodgia\">Cambodgia<\/option>\n\t\t\t\t\t\t\t\t\t<option value=\"Kiribati\">Kiribati<\/option>\n\t\t\t\t\t\t\t\t\t<option value=\"Saint Kitts \u0219i Nevis\">Saint Kitts \u0219i Nevis<\/option>\n\t\t\t\t\t\t\t\t\t<option value=\"Coreea, Rep.\">Coreea, Rep.<\/option>\n\t\t\t\t\t\t\t\t\t<option value=\"Kuweit\">Kuweit<\/option>\n\t\t\t\t\t\t\t\t\t<option value=\"Laos PDR\">Laos PDR<\/option>\n\t\t\t\t\t\t\t\t\t<option value=\"Liban\">Liban<\/option>\n\t\t\t\t\t\t\t\t\t<option value=\"Liberia\">Liberia<\/option>\n\t\t\t\t\t\t\t\t\t<option value=\"Libia\">Libia<\/option>\n\t\t\t\t\t\t\t\t\t<option value=\"Sf\u00e2nta Lucia\">Sf\u00e2nta Lucia<\/option>\n\t\t\t\t\t\t\t\t\t<option value=\"Liechtenstein\">Liechtenstein<\/option>\n\t\t\t\t\t\t\t\t\t<option value=\"Sri Lanka\">Sri Lanka<\/option>\n\t\t\t\t\t\t\t\t\t<option value=\"Lesotho\">Lesotho<\/option>\n\t\t\t\t\t\t\t\t\t<option value=\"Lituania\">Lituania<\/option>\n\t\t\t\t\t\t\t\t\t<option value=\"Luxemburg\">Luxemburg<\/option>\n\t\t\t\t\t\t\t\t\t<option value=\"Letonia\">Letonia<\/option>\n\t\t\t\t\t\t\t\t\t<option value=\"Macao SAR, China\">Macao SAR, China<\/option>\n\t\t\t\t\t\t\t\t\t<option value=\"Saint Martin (partea francez\u0103)\">Saint Martin (partea francez\u0103)<\/option>\n\t\t\t\t\t\t\t\t\t<option value=\"Maroc\">Maroc<\/option>\n\t\t\t\t\t\t\t\t\t<option value=\"Monaco\">Monaco<\/option>\n\t\t\t\t\t\t\t\t\t<option value=\"Moldova\">Moldova<\/option>\n\t\t\t\t\t\t\t\t\t<option value=\"Madagascar\">Madagascar<\/option>\n\t\t\t\t\t\t\t\t\t<option value=\"Maldive\">Maldive<\/option>\n\t\t\t\t\t\t\t\t\t<option value=\"Mexic\">Mexic<\/option>\n\t\t\t\t\t\t\t\t\t<option value=\"Insulele Marshall\">Insulele Marshall<\/option>\n\t\t\t\t\t\t\t\t\t<option value=\"Macedonia, FYR\">Macedonia, FYR<\/option>\n\t\t\t\t\t\t\t\t\t<option value=\"Mali\">Mali<\/option>\n\t\t\t\t\t\t\t\t\t<option value=\"Malta\">Malta<\/option>\n\t\t\t\t\t\t\t\t\t<option value=\"Myanmar\">Myanmar<\/option>\n\t\t\t\t\t\t\t\t\t<option value=\"Muntenegru\">Muntenegru<\/option>\n\t\t\t\t\t\t\t\t\t<option value=\"Mongolia\">Mongolia<\/option>\n\t\t\t\t\t\t\t\t\t<option value=\"Insulele Mariane de Nord\">Insulele Mariane de Nord<\/option>\n\t\t\t\t\t\t\t\t\t<option value=\"Mozambic\">Mozambic<\/option>\n\t\t\t\t\t\t\t\t\t<option value=\"Mauritania\">Mauritania<\/option>\n\t\t\t\t\t\t\t\t\t<option value=\"Mauritius\">Mauritius<\/option>\n\t\t\t\t\t\t\t\t\t<option value=\"Malawi\">Malawi<\/option>\n\t\t\t\t\t\t\t\t\t<option value=\"Malaezia\">Malaezia<\/option>\n\t\t\t\t\t\t\t\t\t<option value=\"Namibia\">Namibia<\/option>\n\t\t\t\t\t\t\t\t\t<option value=\"Noua Caledonie\">Noua Caledonie<\/option>\n\t\t\t\t\t\t\t\t\t<option value=\"Niger\">Niger<\/option>\n\t\t\t\t\t\t\t\t\t<option value=\"Nigeria\">Nigeria<\/option>\n\t\t\t\t\t\t\t\t\t<option value=\"Nicaragua\">Nicaragua<\/option>\n\t\t\t\t\t\t\t\t\t<option value=\"Olanda\">Olanda<\/option>\n\t\t\t\t\t\t\t\t\t<option value=\"Norvegia\">Norvegia<\/option>\n\t\t\t\t\t\t\t\t\t<option value=\"Nepal\">Nepal<\/option>\n\t\t\t\t\t\t\t\t\t<option value=\"Nauru\">Nauru<\/option>\n\t\t\t\t\t\t\t\t\t<option value=\"Noua Zeeland\u0103\">Noua Zeeland\u0103<\/option>\n\t\t\t\t\t\t\t\t\t<option value=\"Oman\">Oman<\/option>\n\t\t\t\t\t\t\t\t\t<option value=\"Pakistan\">Pakistan<\/option>\n\t\t\t\t\t\t\t\t\t<option value=\"Panama\">Panama<\/option>\n\t\t\t\t\t\t\t\t\t<option value=\"Peru\">Peru<\/option>\n\t\t\t\t\t\t\t\t\t<option value=\"Filipine\">Filipine<\/option>\n\t\t\t\t\t\t\t\t\t<option value=\"Palau\">Palau<\/option>\n\t\t\t\t\t\t\t\t\t<option value=\"Papua Noua Guinee\">Papua Noua Guinee<\/option>\n\t\t\t\t\t\t\t\t\t<option value=\"Polonia\">Polonia<\/option>\n\t\t\t\t\t\t\t\t\t<option value=\"Puerto Rico\">Puerto Rico<\/option>\n\t\t\t\t\t\t\t\t\t<option value=\"Coreea, Dem. Reprezentantul poporului.\">Coreea, Dem. Reprezentantul poporului.<\/option>\n\t\t\t\t\t\t\t\t\t<option value=\"Portugalia\">Portugalia<\/option>\n\t\t\t\t\t\t\t\t\t<option value=\"Paraguay\">Paraguay<\/option>\n\t\t\t\t\t\t\t\t\t<option value=\"Cisiordania \u0219i Gaza\">Cisiordania \u0219i Gaza<\/option>\n\t\t\t\t\t\t\t\t\t<option value=\"Polinezia Francez\u0103\">Polinezia Francez\u0103<\/option>\n\t\t\t\t\t\t\t\t\t<option value=\"Qatar\">Qatar<\/option>\n\t\t\t\t\t\t\t\t\t<option value=\"Rom\u00e2nia\">Rom\u00e2nia<\/option>\n\t\t\t\t\t\t\t\t\t<option value=\"Federa\u021bia Rus\u0103\">Federa\u021bia Rus\u0103<\/option>\n\t\t\t\t\t\t\t\t\t<option value=\"Rwanda\">Rwanda<\/option>\n\t\t\t\t\t\t\t\t\t<option value=\"Arabia Saudit\u0103\">Arabia Saudit\u0103<\/option>\n\t\t\t\t\t\t\t\t\t<option value=\"Sudan\">Sudan<\/option>\n\t\t\t\t\t\t\t\t\t<option value=\"Senegal\">Senegal<\/option>\n\t\t\t\t\t\t\t\t\t<option value=\"Singapore\">Singapore<\/option>\n\t\t\t\t\t\t\t\t\t<option value=\"Insulele Solomon\">Insulele Solomon<\/option>\n\t\t\t\t\t\t\t\t\t<option value=\"Sierra Leone\">Sierra Leone<\/option>\n\t\t\t\t\t\t\t\t\t<option value=\"El Salvador\">El Salvador<\/option>\n\t\t\t\t\t\t\t\t\t<option value=\"San Marino\">San Marino<\/option>\n\t\t\t\t\t\t\t\t\t<option value=\"Somalia\">Somalia<\/option>\n\t\t\t\t\t\t\t\t\t<option value=\"Serbia\">Serbia<\/option>\n\t\t\t\t\t\t\t\t\t<option value=\"Sudanul de Sud\">Sudanul de Sud<\/option>\n\t\t\t\t\t\t\t\t\t<option value=\"Sao Tome \u0219i Principe\">Sao Tome \u0219i Principe<\/option>\n\t\t\t\t\t\t\t\t\t<option value=\"Surinam\">Surinam<\/option>\n\t\t\t\t\t\t\t\t\t<option value=\"Republica Slovac\u0103\">Republica Slovac\u0103<\/option>\n\t\t\t\t\t\t\t\t\t<option value=\"Slovenia\">Slovenia<\/option>\n\t\t\t\t\t\t\t\t\t<option value=\"Suedia\">Suedia<\/option>\n\t\t\t\t\t\t\t\t\t<option value=\"Swaziland\">Swaziland<\/option>\n\t\t\t\t\t\t\t\t\t<option value=\"Sint Maarten (partea olandez\u0103)\">Sint Maarten (partea olandez\u0103)<\/option>\n\t\t\t\t\t\t\t\t\t<option value=\"Seychelles\">Seychelles<\/option>\n\t\t\t\t\t\t\t\t\t<option value=\"Republica Arab\u0103 Sirian\u0103\">Republica Arab\u0103 Sirian\u0103<\/option>\n\t\t\t\t\t\t\t\t\t<option value=\"Insulele Turks \u0219i Caicos\">Insulele Turks \u0219i Caicos<\/option>\n\t\t\t\t\t\t\t\t\t<option value=\"Chad\">Chad<\/option>\n\t\t\t\t\t\t\t\t\t<option value=\"Togo\">Togo<\/option>\n\t\t\t\t\t\t\t\t\t<option value=\"Thailanda\">Thailanda<\/option>\n\t\t\t\t\t\t\t\t\t<option value=\"Tadjikistan\">Tadjikistan<\/option>\n\t\t\t\t\t\t\t\t\t<option value=\"Turkmenistan\">Turkmenistan<\/option>\n\t\t\t\t\t\t\t\t\t<option value=\"Timor-Leste\">Timor-Leste<\/option>\n\t\t\t\t\t\t\t\t\t<option value=\"Tonga\">Tonga<\/option>\n\t\t\t\t\t\t\t\t\t<option value=\"Trinidad \u0219i Tobago\">Trinidad \u0219i Tobago<\/option>\n\t\t\t\t\t\t\t\t\t<option value=\"Tunisia\">Tunisia<\/option>\n\t\t\t\t\t\t\t\t\t<option value=\"Turcia\">Turcia<\/option>\n\t\t\t\t\t\t\t\t\t<option value=\"Tuvalu\">Tuvalu<\/option>\n\t\t\t\t\t\t\t\t\t<option value=\"Taiwan, China\">Taiwan, China<\/option>\n\t\t\t\t\t\t\t\t\t<option value=\"Tanzania\">Tanzania<\/option>\n\t\t\t\t\t\t\t\t\t<option value=\"Uganda\">Uganda<\/option>\n\t\t\t\t\t\t\t\t\t<option value=\"Ucraina\">Ucraina<\/option>\n\t\t\t\t\t\t\t\t\t<option value=\"Uruguay\">Uruguay<\/option>\n\t\t\t\t\t\t\t\t\t<option value=\"Statele Unite ale Americii\">Statele Unite ale Americii<\/option>\n\t\t\t\t\t\t\t\t\t<option value=\"Uzbekistan\">Uzbekistan<\/option>\n\t\t\t\t\t\t\t\t\t<option value=\"Sf\u00e2ntul Vincent \u0219i Grenadine\">Sf\u00e2ntul Vincent \u0219i Grenadine<\/option>\n\t\t\t\t\t\t\t\t\t<option value=\"Venezuela, RB\">Venezuela, RB<\/option>\n\t\t\t\t\t\t\t\t\t<option value=\"Insulele Virgine Britanice\">Insulele Virgine Britanice<\/option>\n\t\t\t\t\t\t\t\t\t<option value=\"Insulele Virgine (S.U.A.)\">Insulele Virgine (S.U.A.)<\/option>\n\t\t\t\t\t\t\t\t\t<option value=\"Vietnam\">Vietnam<\/option>\n\t\t\t\t\t\t\t\t\t<option value=\"Vanuatu\">Vanuatu<\/option>\n\t\t\t\t\t\t\t\t\t<option value=\"Samoa\">Samoa<\/option>\n\t\t\t\t\t\t\t\t\t<option value=\"Kosovo\">Kosovo<\/option>\n\t\t\t\t\t\t\t\t\t<option value=\"Yemen, Rep.\">Yemen, Rep.<\/option>\n\t\t\t\t\t\t\t\t\t<option value=\"Africa de Sud\">Africa de Sud<\/option>\n\t\t\t\t\t\t\t\t\t<option value=\"Zambia\">Zambia<\/option>\n\t\t\t\t\t\t\t\t\t<option value=\"Zimbabwe\">Zimbabwe<\/option>\n\t\t\t\t\t\t\t<\/select>\n\t\t<\/div>\n\t\t\t\t\t\t<\/div>\n\t\t\t\t\t\t\t\t<div class=\"elementor-field-type-select elementor-field-group elementor-column elementor-field-group-relcountryselection elementor-col-100 elementor-field-required\">\n\t\t\t\t\t\t\t\t\t\t\t\t<label for=\"form-field-relcountryselection\" class=\"elementor-field-label\">\n\t\t\t\t\t\t\t\tCodul \u021b\u0103rii\t\t\t\t\t\t\t<\/label>\n\t\t\t\t\t\t\t\t<div class=\"elementor-field elementor-select-wrapper remove-before \">\n\t\t\t<div class=\"select-caret-down-wrapper\">\n\t\t\t\t<i aria-hidden=\"true\" class=\"eicon-caret-down\"><\/i>\t\t\t<\/div>\n\t\t\t<select name=\"form_fields[relcountryselection]\" id=\"form-field-relcountryselection\" class=\"elementor-field-textual elementor-size-sm\" required=\"required\">\n\t\t\t\t\t\t\t\t\t<option value=\"Selecta\u021bi\">Selecta\u021bi<\/option>\n\t\t\t\t\t\t\t\t\t<option value=\"(+58)\">Venezuela (+58)<\/option>\n\t\t\t\t\t\t\t\t\t<option value=\"(+598)\">Uruguay (+598)<\/option>\n\t\t\t\t\t\t\t\t\t<option value=\"(+51)\">Peru (+51)<\/option>\n\t\t\t\t\t\t\t\t\t<option value=\"(+52)\">Mexic (+52)<\/option>\n\t\t\t\t\t\t\t\t\t<option value=\"(+503)\">El Salvador (+503)<\/option>\n\t\t\t\t\t\t\t\t\t<option value=\"(+593)\">Ecuador (+593)<\/option>\n\t\t\t\t\t\t\t\t\t<option value=\"(+1 809, +1 829)\">Republica Dominican\u0103 (+1 809, +1 829)<\/option>\n\t\t\t\t\t\t\t\t\t<option value=\"(+506)\">Costa Rica (+506)<\/option>\n\t\t\t\t\t\t\t\t\t<option value=\"(+57)\">Columbia (+57)<\/option>\n\t\t\t\t\t\t\t\t\t<option value=\"(+56)\">Chile (+56)<\/option>\n\t\t\t\t\t\t\t\t\t<option value=\"(+591)\">Bolivia (+591)<\/option>\n\t\t\t\t\t\t\t\t\t<option value=\"(+54)\">Argentina (+54)<\/option>\n\t\t\t\t\t\t\t<\/select>\n\t\t<\/div>\n\t\t\t\t\t\t<\/div>\n\t\t\t\t\t\t\t\t<div class=\"elementor-field-type-tel elementor-field-group elementor-column elementor-field-group-field_5e5eac5 elementor-col-100 elementor-field-required\">\n\t\t\t\t\t\t\t\t\t\t\t\t<label for=\"form-field-field_5e5eac5\" class=\"elementor-field-label\">\n\t\t\t\t\t\t\t\tTelefon\t\t\t\t\t\t\t<\/label>\n\t\t\t\t\t\t\t\t<input size=\"1\" type=\"tel\" name=\"form_fields[field_5e5eac5]\" id=\"form-field-field_5e5eac5\" class=\"elementor-field elementor-size-sm  elementor-field-textual\" placeholder=\"Telefon\" required=\"required\" pattern=\"[0-9()#&amp;+*-=.]+\" title=\"Only numbers and phone characters (#, -, *, etc) are accepted.\">\n\n\t\t\t\t\t\t<\/div>\n\t\t\t\t\t\t\t\t<div class=\"elementor-field-type-acceptance elementor-field-group elementor-column elementor-field-group-field_c8c02a0 elementor-col-100 elementor-field-required\">\n\t\t\t\t\t\t\t<div class=\"elementor-field-subgroup\">\n\t\t\t<span class=\"elementor-field-option\">\n\t\t\t\t<input type=\"checkbox\" name=\"form_fields[field_c8c02a0]\" id=\"form-field-field_c8c02a0\" class=\"elementor-field elementor-size-sm  elementor-acceptance-field\" required=\"required\">\n\t\t\t\t<label for=\"form-field-field_c8c02a0\">F\u0103c\u00e2nd clic pe Trimitere, sunte\u021bi de acord \u0219i recunoa\u0219te\u021bi c\u0103 a\u021bi citit, \u00een\u021beles \u0219i acceptat Acordul cu clientul, Politica de executare a ordinelor, Politica de clasificare a clien\u021bilor, Declara\u021bia de risc, Politica de confiden\u021bialitate, Politica privind conflictul de interese. Sunt de acord s\u0103 primesc comunic\u0103ri electronice \u0219i telefonice \u00een leg\u0103tur\u0103 cu contul meu.<\/label>\t\t\t<\/span>\n\t\t<\/div>\n\t\t\t\t\t\t<\/div>\n\t\t\t\t\t\t\t\t<div class=\"elementor-field-type-acceptance elementor-field-group elementor-column elementor-field-group-field_e1be225 elementor-col-100 elementor-field-required\">\n\t\t\t\t\t\t\t<div class=\"elementor-field-subgroup\">\n\t\t\t<span class=\"elementor-field-option\">\n\t\t\t\t<input type=\"checkbox\" name=\"form_fields[field_e1be225]\" id=\"form-field-field_e1be225\" class=\"elementor-field elementor-size-sm  elementor-acceptance-field\" required=\"required\">\n\t\t\t\t<label for=\"form-field-field_e1be225\">Avertisment de risc: Tranzac\u021bionarea produselor cu efect de levier, cum ar fi Forex \u0219i CFD, implic\u0103 un risc substan\u021bial de pierdere \u0219i poate s\u0103 nu fie potrivit\u0103 pentru to\u021bi investitorii. Tranzac\u021bionarea unor astfel de produse este riscant\u0103 \u0219i este posibil s\u0103 v\u0103 pierde\u021bi \u00eentreaga investi\u021bie. Termenii \u0219i Condi\u021biile noastre, Declara\u021bia de renun\u021bare la riscuri \u0219i informa\u021bii despre serviciile FXGlobe pot fi g\u0103site aici. Re\u021bine\u021bi c\u0103 performan\u021bele anterioare nu reprezint\u0103 o indica\u021bie a performan\u021belor viitoare.<\/label>\t\t\t<\/span>\n\t\t<\/div>\n\t\t\t\t\t\t<\/div>\n\t\t\t\t\t\t\t\t<div class=\"elementor-field-group elementor-column elementor-field-type-submit elementor-col-100 e-form__buttons\">\n\t\t\t\t\t<button class=\"elementor-button elementor-size-sm\" type=\"submit\">\n\t\t\t\t\t\t<span class=\"elementor-button-content-wrapper\">\n\t\t\t\t\t\t\t\t\t\t\t\t\t\t\t\t\t\t\t\t\t\t<span class=\"elementor-button-text\">\u00cenregistrare<\/span>\n\t\t\t\t\t\t\t\t\t\t\t\t\t<\/span>\n\t\t\t\t\t<\/button>\n\t\t\t\t<\/div>\n\t\t\t<\/div>\n\t\t<input\n                    class=\"apbct_special_field apbct_email_id__elementor_form\"\n                    name=\"apbct__email_id__elementor_form\"\n                    aria-label=\"apbct__label_id__elementor_form\"\n                    type=\"text\" size=\"30\" maxlength=\"200\" autocomplete=\"off\"\n                    value=\"\"\n                \/><\/form>\n\t\t\t\t\t\t<\/div>\n\t\t\t\t<\/div>\n\t\t\t\t<\/div>\n\t\t\t\t\t<\/div>\n\t\t\t\t<\/div>\n\t\t\t\t<\/div>\n\t\t","protected":false},"excerpt":{"rendered":"","protected":false},"author":12,"featured_media":0,"parent":0,"menu_order":0,"comment_status":"closed","ping_status":"closed","template":"","meta":{"_acf_changed":false,"_seopress_robots_primary_cat":"","_seopress_titles_title":"","_seopress_titles_desc":"","_seopress_robots_index":"","footnotes":""},"class_list":["post-14191","page","type-page","status-publish","hentry"],"acf":[],"_links":{"self":[{"href":"https:\/\/www.fxglobe.eu\/ro\/wp-json\/wp\/v2\/pages\/14191","targetHints":{"allow":["GET"]}}],"collection":[{"href":"https:\/\/www.fxglobe.eu\/ro\/wp-json\/wp\/v2\/pages"}],"about":[{"href":"https:\/\/www.fxglobe.eu\/ro\/wp-json\/wp\/v2\/types\/page"}],"author":[{"embeddable":true,"href":"https:\/\/www.fxglobe.eu\/ro\/wp-json\/wp\/v2\/users\/12"}],"replies":[{"embeddable":true,"href":"https:\/\/www.fxglobe.eu\/ro\/wp-json\/wp\/v2\/comments?post=14191"}],"version-history":[{"count":0,"href":"https:\/\/www.fxglobe.eu\/ro\/wp-json\/wp\/v2\/pages\/14191\/revisions"}],"wp:attachment":[{"href":"https:\/\/www.fxglobe.eu\/ro\/wp-json\/wp\/v2\/media?parent=14191"}],"curies":[{"name":"wp","href":"https:\/\/api.w.org\/{rel}","templated":true}]}}