{"id":14238,"date":"2022-09-21T12:35:02","date_gmt":"2022-09-21T12:35:02","guid":{"rendered":"https:\/\/fxglobeeu.wpenginepowered.com\/comert\/licenta-si-reglementare\/"},"modified":"2025-12-15T16:39:06","modified_gmt":"2025-12-15T16:39:06","slug":"licenta-si-reglementare","status":"publish","type":"page","link":"https:\/\/www.fxglobe.eu\/ro\/comert\/licenta-si-reglementare\/","title":{"rendered":"Licen\u021b\u0103 \u0219i reglementare"},"content":{"rendered":"\t\t<div data-elementor-type=\"wp-page\" data-elementor-id=\"14238\" class=\"elementor elementor-14238 elementor-566\" data-elementor-post-type=\"page\">\n\t\t\t\t<div class=\"elementor-element elementor-element-0117f53 e-con-full e-flex e-con e-parent\" data-id=\"0117f53\" data-element_type=\"container\" data-e-type=\"container\">\n\t\t\t\t<div class=\"elementor-element elementor-element-a994284 elementor-absolute elementor-hidden-mobile elementor-invisible elementor-widget elementor-widget-image\" data-id=\"a994284\" data-element_type=\"widget\" data-e-type=\"widget\" data-settings=\"{&quot;_position&quot;:&quot;absolute&quot;,&quot;motion_fx_motion_fx_mouse&quot;:&quot;yes&quot;,&quot;motion_fx_mouseTrack_effect&quot;:&quot;yes&quot;,&quot;motion_fx_mouseTrack_speed&quot;:{&quot;unit&quot;:&quot;px&quot;,&quot;size&quot;:0.2,&quot;sizes&quot;:[]},&quot;_animation&quot;:&quot;zoomIn&quot;}\" data-widget_type=\"image.default\">\n\t\t\t\t<div class=\"elementor-widget-container\">\n\t\t\t\t\t\t\t\t\t\t\t\t\t\t\t<img decoding=\"async\" width=\"33\" height=\"33\" src=\"https:\/\/www.fxglobe.eu\/wp-content\/uploads\/2022\/09\/orange-ball.svg\" class=\"attachment-full size-full wp-image-14101\" alt=\"\" \/>\t\t\t\t\t\t\t\t\t\t\t\t\t\t\t<\/div>\n\t\t\t\t<\/div>\n\t\t<div class=\"elementor-element elementor-element-b29c243 e-con-full e-flex e-con e-child\" data-id=\"b29c243\" data-element_type=\"container\" data-e-type=\"container\" data-settings=\"{&quot;background_background&quot;:&quot;classic&quot;}\">\n\t\t\t\t<div class=\"elementor-element elementor-element-1f36460 elementor-widget__width-initial elementor-absolute animated-slow elementor-invisible elementor-widget elementor-widget-image\" data-id=\"1f36460\" data-element_type=\"widget\" data-e-type=\"widget\" data-settings=\"{&quot;_position&quot;:&quot;absolute&quot;,&quot;_animation&quot;:&quot;fadeInLeft&quot;}\" data-widget_type=\"image.default\">\n\t\t\t\t<div class=\"elementor-widget-container\">\n\t\t\t\t\t\t\t\t\t\t\t\t\t\t\t<img decoding=\"async\" width=\"117\" height=\"153\" src=\"https:\/\/www.fxglobe.eu\/wp-content\/uploads\/2022\/09\/Big-ball-left.png\" class=\"attachment-full size-full wp-image-14153\" alt=\"\" \/>\t\t\t\t\t\t\t\t\t\t\t\t\t\t\t<\/div>\n\t\t\t\t<\/div>\n\t\t<div class=\"elementor-element elementor-element-15896d7 e-con-full e-flex e-con e-child\" data-id=\"15896d7\" data-element_type=\"container\" data-e-type=\"container\">\n\t\t\t\t<div class=\"elementor-element elementor-element-b394157 elementor-widget__width-inherit elementor-widget elementor-widget-heading\" data-id=\"b394157\" data-element_type=\"widget\" data-e-type=\"widget\" data-widget_type=\"heading.default\">\n\t\t\t\t<div class=\"elementor-widget-container\">\n\t\t\t\t\t<h6 class=\"elementor-heading-title elementor-size-default\">Despre noi<\/h6>\t\t\t\t<\/div>\n\t\t\t\t<\/div>\n\t\t\t\t<div class=\"elementor-element elementor-element-0a27835 elementor-widget__width-inherit elementor-widget elementor-widget-heading\" data-id=\"0a27835\" data-element_type=\"widget\" data-e-type=\"widget\" data-widget_type=\"heading.default\">\n\t\t\t\t<div class=\"elementor-widget-container\">\n\t\t\t\t\t<h1 class=\"elementor-heading-title elementor-size-default\">Licen\u021b\u0103 \u0219i reglementare<span style=\"color:#DA2D16\">.<\/span><\/h1>\t\t\t\t<\/div>\n\t\t\t\t<\/div>\n\t\t\t\t<div class=\"elementor-element elementor-element-492295e elementor-widget elementor-widget-text-editor\" data-id=\"492295e\" data-element_type=\"widget\" data-e-type=\"widget\" data-widget_type=\"text-editor.default\">\n\t\t\t\t<div class=\"elementor-widget-container\">\n\t\t\t\t\t\t\t\t\t<p>Respir\u0103 u\u0219urat &#8211; suntem licen\u021bia\u021bi \u0219i reglementa\u021bi.<\/p>\n\t\t\t\t\t\t\t\t<\/div>\n\t\t\t\t<\/div>\n\t\t\t\t<\/div>\n\t\t\t\t<\/div>\n\t\t\t\t<\/div>\n\t\t<div class=\"elementor-element elementor-element-e483594 e-flex e-con-boxed e-con e-parent\" data-id=\"e483594\" data-element_type=\"container\" data-e-type=\"container\">\n\t\t\t\t\t<div class=\"e-con-inner\">\n\t\t<div class=\"elementor-element elementor-element-b4ea80b e-flex e-con-boxed e-con e-child\" data-id=\"b4ea80b\" data-element_type=\"container\" data-e-type=\"container\" data-settings=\"{&quot;background_background&quot;:&quot;classic&quot;}\">\n\t\t\t\t\t<div class=\"e-con-inner\">\n\t\t\t\t<div class=\"elementor-element elementor-element-386bdad elementor-widget__width-inherit elementor-widget elementor-widget-heading\" data-id=\"386bdad\" data-element_type=\"widget\" data-e-type=\"widget\" data-widget_type=\"heading.default\">\n\t\t\t\t<div class=\"elementor-widget-container\">\n\t\t\t\t\t<h2 class=\"elementor-heading-title elementor-size-default\">Detalii despre licen\u021b\u0103<span style=\"color:#DA2D16\">.<\/span><\/h2>\t\t\t\t<\/div>\n\t\t\t\t<\/div>\n\t\t\t\t<div class=\"elementor-element elementor-element-ed60b0c elementor-widget elementor-widget-text-editor\" data-id=\"ed60b0c\" data-element_type=\"widget\" data-e-type=\"widget\" data-widget_type=\"text-editor.default\">\n\t\t\t\t<div class=\"elementor-widget-container\">\n\t\t\t\t\t\t\t\t\t<p>FXGLOBE LIMITED ESTE STABILIT\u0102 \u00ceN CIPRU, ESTE AUTORIZAT\u0102 \u0218I REGLEMENTAT\u0102 DE C\u0102TRE COMISIA DE VALORI MOBILIARE \u0218I SCHIMB VALUTAR DIN CIPRU (CYSEC), NUM\u0102RUL DE LICEN\u021a\u0102 205\/13.<\/p>\n<p>FXGlobe Limited este o firm\u0103 de investi\u021bii cipriot\u0103 autorizat\u0103 \u00een mod corespunz\u0103tor s\u0103 furnizeze servicii de investi\u021bii de: Primirea \u0219i transmiterea de ordine \u00een leg\u0103tur\u0103 cu unul sau mai multe instrumente financiare; Executarea ordinelor \u00een numele clien\u021bilor; \u0219i serviciile auxiliare de P\u0103strare \u0219i administrare a instrumentelor financiare, inclusiv servicii de custodie \u0219i servicii conexe; Acordarea de credite sau \u00eemprumuturi pentru unul sau mai multe instrumente financiare, \u00een cazul \u00een care firma care acord\u0103 creditul sau \u00eemprumutul este implicat\u0103 \u00een tranzac\u021bie; \u0219i Servicii de schimb valutar, \u00een cazul \u00een care acestea sunt legate de furnizarea de servicii de investi\u021bii.<\/p>\n<p>FXGlobe Limited este autorizat\u0103 s\u0103 presteze servicii transfrontaliere \u00een statele membre ale Spa\u021biului Economic European. FXGlobe Limited \u00ee\u0219i ofer\u0103 serviciile \u00een baza <a href=\"http:\/\/www.cysec.gov.cy\/en-GB\/entities\/investment-firms\/cypriot\/37672\/\" target=\"_blank\" rel=\"noopener\"> licen\u021bei CySEC (num\u0103r de \u00eenregistrare 205\/13). <\/a><\/p>\n\t\t\t\t\t\t\t\t<\/div>\n\t\t\t\t<\/div>\n\t\t\t\t\t<\/div>\n\t\t\t\t<\/div>\n\t\t<div class=\"elementor-element elementor-element-43aece1 e-flex e-con-boxed e-con e-child\" data-id=\"43aece1\" data-element_type=\"container\" data-e-type=\"container\" data-settings=\"{&quot;background_background&quot;:&quot;classic&quot;}\">\n\t\t\t\t\t<div class=\"e-con-inner\">\n\t\t\t\t<div class=\"elementor-element elementor-element-296dcba elementor-widget__width-inherit elementor-widget elementor-widget-heading\" data-id=\"296dcba\" data-element_type=\"widget\" data-e-type=\"widget\" data-widget_type=\"heading.default\">\n\t\t\t\t<div class=\"elementor-widget-container\">\n\t\t\t\t\t<h2 class=\"elementor-heading-title elementor-size-default\">Manipulare bancar\u0103 \u0219i de bani \u00een condi\u021bii de siguran\u021b\u0103<span style=\"color:#DA2D16\">.<\/span><\/h2>\t\t\t\t<\/div>\n\t\t\t\t<\/div>\n\t\t\t\t<div class=\"elementor-element elementor-element-a2ae439 elementor-widget elementor-widget-text-editor\" data-id=\"a2ae439\" data-element_type=\"widget\" data-e-type=\"widget\" data-widget_type=\"text-editor.default\">\n\t\t\t\t<div class=\"elementor-widget-container\">\n\t\t\t\t\t\t\t\t\t<p>Cel mai important lucru pentru FXGlobe este securitatea fondurilor traderilor no\u0219tri. De aceea, FXGlobe respect\u0103 cele mai \u00eenalte standarde \u0219i folose\u0219te reguli stricte atunci c\u00e2nd gestioneaz\u0103 investi\u021bia dumneavoastr\u0103:<\/p>\n\t\t\t\t\t\t\t\t<\/div>\n\t\t\t\t<\/div>\n\t\t\t\t<div class=\"elementor-element elementor-element-684fffd elementor-icon-list--layout-traditional elementor-list-item-link-full_width elementor-widget elementor-widget-icon-list\" data-id=\"684fffd\" data-element_type=\"widget\" data-e-type=\"widget\" data-widget_type=\"icon-list.default\">\n\t\t\t\t<div class=\"elementor-widget-container\">\n\t\t\t\t\t\t\t<ul class=\"elementor-icon-list-items\">\n\t\t\t\t\t\t\t<li class=\"elementor-icon-list-item\">\n\t\t\t\t\t\t\t\t\t\t\t<span class=\"elementor-icon-list-icon\">\n\t\t\t\t\t\t\t<i aria-hidden=\"true\" class=\"fas fa-circle\"><\/i>\t\t\t\t\t\t<\/span>\n\t\t\t\t\t\t\t\t\t\t<span class=\"elementor-icon-list-text\">  F\u0103r\u0103 comisioane suplimentare sau re-cot\u0103ri  <\/span>\n\t\t\t\t\t\t\t\t\t<\/li>\n\t\t\t\t\t\t\t\t<li class=\"elementor-icon-list-item\">\n\t\t\t\t\t\t\t\t\t\t\t<span class=\"elementor-icon-list-icon\">\n\t\t\t\t\t\t\t<i aria-hidden=\"true\" class=\"fas fa-circle\"><\/i>\t\t\t\t\t\t<\/span>\n\t\t\t\t\t\t\t\t\t\t<span class=\"elementor-icon-list-text\">  Fondurile dvs. sunt separate de fondurile proprii ale FXGlobe \u00een b\u0103nci europene \u0219i nu pot fi folosite de compania noastr\u0103 sau de orice alt\u0103 ter\u021b\u0103 parte, \u00een nici o circumstan\u021b\u0103.  <\/span>\n\t\t\t\t\t\t\t\t\t<\/li>\n\t\t\t\t\t\t\t\t<li class=\"elementor-icon-list-item\">\n\t\t\t\t\t\t\t\t\t\t\t<span class=\"elementor-icon-list-icon\">\n\t\t\t\t\t\t\t<i aria-hidden=\"true\" class=\"fas fa-circle\"><\/i>\t\t\t\t\t\t<\/span>\n\t\t\t\t\t\t\t\t\t\t<span class=\"elementor-icon-list-text\">Date financiare \u0219i personale complet protejate<\/span>\n\t\t\t\t\t\t\t\t\t<\/li>\n\t\t\t\t\t\t\t\t<li class=\"elementor-icon-list-item\">\n\t\t\t\t\t\t\t\t\t\t\t<span class=\"elementor-icon-list-icon\">\n\t\t\t\t\t\t\t<i aria-hidden=\"true\" class=\"fas fa-circle\"><\/i>\t\t\t\t\t\t<\/span>\n\t\t\t\t\t\t\t\t\t\t<span class=\"elementor-icon-list-text\">  Proceduri clare de clasificare a clien\u021bilor \u0219i de evaluare a investi\u021biilor \u00een scopul gestion\u0103rii riscurilor  <\/span>\n\t\t\t\t\t\t\t\t\t<\/li>\n\t\t\t\t\t\t\t\t<li class=\"elementor-icon-list-item\">\n\t\t\t\t\t\t\t\t\t\t\t<span class=\"elementor-icon-list-icon\">\n\t\t\t\t\t\t\t<i aria-hidden=\"true\" class=\"fas fa-circle\"><\/i>\t\t\t\t\t\t<\/span>\n\t\t\t\t\t\t\t\t\t\t<span class=\"elementor-icon-list-text\">  Transparen\u021ba instrumentelor financiare prin utilizarea de date complete privind condi\u021biile de tranzac\u021bionare  <\/span>\n\t\t\t\t\t\t\t\t\t<\/li>\n\t\t\t\t\t\t<\/ul>\n\t\t\t\t\t\t<\/div>\n\t\t\t\t<\/div>\n\t\t\t\t<div class=\"elementor-element elementor-element-aee31ee elementor-widget elementor-widget-text-editor\" data-id=\"aee31ee\" data-element_type=\"widget\" data-e-type=\"widget\" data-widget_type=\"text-editor.default\">\n\t\t\t\t<div class=\"elementor-widget-container\">\n\t\t\t\t\t\t\t\t\t<p>Pentru a vizualiza toate documentele juridice, inclusiv Declara\u021bia de risc \u0219i Politica de confiden\u021bialitate, <a href=\"https:\/\/www.fxglobe.eu\/ro\/comert\/documente-juridice\/\" target=\"_blank\" rel=\"noopener\">consulta\u021bi pagina noastr\u0103 de documente juridice<\/a>.<\/p>\n\t\t\t\t\t\t\t\t<\/div>\n\t\t\t\t<\/div>\n\t\t\t\t\t<\/div>\n\t\t\t\t<\/div>\n\t\t\t\t\t<\/div>\n\t\t\t\t<\/div>\n\t\t\t\t<\/div>\n\t\t","protected":false},"excerpt":{"rendered":"<p>Despre noi Licen\u021b\u0103 \u0219i reglementare. Respir\u0103 u\u0219urat &#8211; suntem licen\u021bia\u021bi \u0219i reglementa\u021bi. Detalii despre licen\u021b\u0103. FXGLOBE LIMITED ESTE STABILIT\u0102 \u00ceN CIPRU, ESTE AUTORIZAT\u0102 \u0218I REGLEMENTAT\u0102 DE C\u0102TRE COMISIA DE VALORI MOBILIARE \u0218I SCHIMB VALUTAR DIN CIPRU (CYSEC), NUM\u0102RUL DE LICEN\u021a\u0102 205\/13. FXGlobe Limited este o firm\u0103 de investi\u021bii cipriot\u0103 autorizat\u0103 \u00een mod corespunz\u0103tor s\u0103 furnizeze [&hellip;]<\/p>\n","protected":false},"author":12,"featured_media":0,"parent":14195,"menu_order":0,"comment_status":"closed","ping_status":"closed","template":"","meta":{"_acf_changed":false,"_seopress_robots_primary_cat":"","_seopress_titles_title":"","_seopress_titles_desc":"","_seopress_robots_index":"","footnotes":""},"class_list":["post-14238","page","type-page","status-publish","hentry"],"acf":[],"_links":{"self":[{"href":"https:\/\/www.fxglobe.eu\/ro\/wp-json\/wp\/v2\/pages\/14238","targetHints":{"allow":["GET"]}}],"collection":[{"href":"https:\/\/www.fxglobe.eu\/ro\/wp-json\/wp\/v2\/pages"}],"about":[{"href":"https:\/\/www.fxglobe.eu\/ro\/wp-json\/wp\/v2\/types\/page"}],"author":[{"embeddable":true,"href":"https:\/\/www.fxglobe.eu\/ro\/wp-json\/wp\/v2\/users\/12"}],"replies":[{"embeddable":true,"href":"https:\/\/www.fxglobe.eu\/ro\/wp-json\/wp\/v2\/comments?post=14238"}],"version-history":[{"count":0,"href":"https:\/\/www.fxglobe.eu\/ro\/wp-json\/wp\/v2\/pages\/14238\/revisions"}],"up":[{"embeddable":true,"href":"https:\/\/www.fxglobe.eu\/ro\/wp-json\/wp\/v2\/pages\/14195"}],"wp:attachment":[{"href":"https:\/\/www.fxglobe.eu\/ro\/wp-json\/wp\/v2\/media?parent=14238"}],"curies":[{"name":"wp","href":"https:\/\/api.w.org\/{rel}","templated":true}]}}