{"id":7494,"date":"2022-09-21T12:31:26","date_gmt":"2022-09-21T12:31:26","guid":{"rendered":"https:\/\/fxglobeeu.wpenginepowered.com\/stante-sa-partnerom\/partneri\/"},"modified":"2024-08-06T10:06:45","modified_gmt":"2024-08-06T10:06:45","slug":"partneri","status":"publish","type":"page","link":"https:\/\/www.fxglobe.eu\/sk\/stante-sa-partnerom\/partneri\/","title":{"rendered":"Partneri"},"content":{"rendered":"\t\t<div data-elementor-type=\"wp-page\" data-elementor-id=\"7494\" class=\"elementor elementor-7494 elementor-540\" data-elementor-post-type=\"page\">\n\t\t\t\t<div class=\"elementor-element elementor-element-ac0b114 e-con-full e-flex e-con e-parent\" data-id=\"ac0b114\" data-element_type=\"container\" data-e-type=\"container\">\n\t\t<div class=\"elementor-element elementor-element-5248545 e-con-full e-flex e-con e-parent\" data-id=\"5248545\" data-element_type=\"container\" data-e-type=\"container\" data-settings=\"{&quot;background_background&quot;:&quot;classic&quot;}\">\n\t\t\t\t<div class=\"elementor-element elementor-element-1b0d07c elementor-widget__width-initial elementor-absolute animated-slow elementor-invisible elementor-widget elementor-widget-image\" data-id=\"1b0d07c\" data-element_type=\"widget\" data-e-type=\"widget\" data-settings=\"{&quot;_position&quot;:&quot;absolute&quot;,&quot;_animation&quot;:&quot;fadeInLeft&quot;}\" data-widget_type=\"image.default\">\n\t\t\t\t<div class=\"elementor-widget-container\">\n\t\t\t\t\t\t\t\t\t\t\t\t\t\t\t<img decoding=\"async\" width=\"117\" height=\"153\" src=\"https:\/\/www.fxglobe.eu\/wp-content\/uploads\/2022\/09\/Big-ball-left.png\" class=\"attachment-full size-full wp-image-7608\" alt=\"\" \/>\t\t\t\t\t\t\t\t\t\t\t\t\t\t\t<\/div>\n\t\t\t\t<\/div>\n\t\t<div class=\"elementor-element elementor-element-d3e4873 e-con-full e-flex e-con e-parent\" data-id=\"d3e4873\" data-element_type=\"container\" data-e-type=\"container\">\n\t\t\t\t<div class=\"elementor-element elementor-element-ebb6564 elementor-widget__width-inherit elementor-widget elementor-widget-heading\" data-id=\"ebb6564\" data-element_type=\"widget\" data-e-type=\"widget\" data-widget_type=\"heading.default\">\n\t\t\t\t<div class=\"elementor-widget-container\">\n\t\t\t\t\t<h6 class=\"elementor-heading-title elementor-size-default\">Partner<\/h6>\t\t\t\t<\/div>\n\t\t\t\t<\/div>\n\t\t\t\t<div class=\"elementor-element elementor-element-9f3d5d4 elementor-widget__width-inherit elementor-widget elementor-widget-heading\" data-id=\"9f3d5d4\" data-element_type=\"widget\" data-e-type=\"widget\" data-widget_type=\"heading.default\">\n\t\t\t\t<div class=\"elementor-widget-container\">\n\t\t\t\t\t<h1 class=\"elementor-heading-title elementor-size-default\">Partneri<span style=\"color:#DA2D16\">.<\/span><\/h1>\t\t\t\t<\/div>\n\t\t\t\t<\/div>\n\t\t\t\t<div class=\"elementor-element elementor-element-3868629 elementor-widget elementor-widget-text-editor\" data-id=\"3868629\" data-element_type=\"widget\" data-e-type=\"widget\" data-widget_type=\"text-editor.default\">\n\t\t\t\t<div class=\"elementor-widget-container\">\n\t\t\t\t\t\t\t\t\t<p>Sn\u00edvate vo ve\u013ekom, alebo za\u010d\u00ednate skromne? Zformovali sme sa do role neocenite\u013en\u00e9ho partnera v r\u00f4znych funkci\u00e1ch pre jednotlivcov aj organiz\u00e1cie po celom svete..<\/p>\n\t\t\t\t\t\t\t\t<\/div>\n\t\t\t\t<\/div>\n\t\t\t\t<\/div>\n\t\t\t\t<\/div>\n\t\t\t\t<\/div>\n\t\t<div class=\"elementor-element elementor-element-3a5324a e-flex e-con-boxed e-con e-parent\" data-id=\"3a5324a\" data-element_type=\"container\" data-e-type=\"container\">\n\t\t\t\t\t<div class=\"e-con-inner\">\n\t\t<div class=\"elementor-element elementor-element-50fae34 e-con-full e-flex e-con e-parent\" data-id=\"50fae34\" data-element_type=\"container\" data-e-type=\"container\">\n\t\t\t\t<div class=\"elementor-element elementor-element-e97aed9 elementor-view-default elementor-position-block-start elementor-mobile-position-block-start elementor-widget elementor-widget-icon-box\" data-id=\"e97aed9\" data-element_type=\"widget\" data-e-type=\"widget\" data-widget_type=\"icon-box.default\">\n\t\t\t\t<div class=\"elementor-widget-container\">\n\t\t\t\t\t\t\t<div class=\"elementor-icon-box-wrapper\">\n\n\t\t\t\t\t\t<div class=\"elementor-icon-box-icon\">\n\t\t\t\t<span  class=\"elementor-icon\">\n\t\t\t\t<svg xmlns=\"http:\/\/www.w3.org\/2000\/svg\" width=\"63\" height=\"63\" viewBox=\"0 0 63 63\" fill=\"none\"><rect opacity=\"0.1\" width=\"63\" height=\"63\" rx=\"10\" fill=\"#DA2D16\"><\/rect><g clip-path=\"url(#clip0_1382_3460)\"><path d=\"M43.3063 36.6747C41.5646 34.9331 39.4915 33.6438 37.2296 32.8633C39.6522 31.1948 41.2437 28.4024 41.2437 25.2448C41.2437 20.1473 37.0965 16 31.9989 16C26.9014 16 22.7541 20.1473 22.7541 25.2448C22.7541 28.4023 24.3457 31.1947 26.7682 32.8633C24.5064 33.6437 22.4333 34.933 20.6916 36.6747C17.6712 39.6951 16.0078 43.7108 16.0078 47.9822H18.5064C18.5064 41.0532 23.7568 35.3285 30.4879 34.5748L28.1175 44.1181L31.9989 48L35.88 44.1181L33.5099 34.5748C40.2409 35.3284 45.4913 41.0532 45.4913 47.9822H47.9899C47.9899 43.7108 46.3266 39.6951 43.3063 36.6747ZM31.9988 44.4662L30.8828 43.35L31.9988 38.8568L33.1147 43.35L31.9988 44.4662ZM31.9989 31.9911C28.2789 31.9911 25.2526 28.9648 25.2526 25.2449C25.2526 21.5251 28.2789 18.4987 31.9989 18.4987C35.7188 18.4987 38.7451 21.525 38.7451 25.2449C38.7451 28.9648 35.7188 31.9911 31.9989 31.9911Z\" fill=\"#DA2D16\"><\/path><\/g><defs><clipPath id=\"clip0_1382_3460\"><rect width=\"32\" height=\"32\" fill=\"white\" transform=\"translate(16 16)\"><\/rect><\/clipPath><\/defs><\/svg>\t\t\t\t<\/span>\n\t\t\t<\/div>\n\t\t\t\n\t\t\t\t\t\t<div class=\"elementor-icon-box-content\">\n\n\t\t\t\t\t\t\t\t\t<h3 class=\"elementor-icon-box-title\">\n\t\t\t\t\t\t<span  >\n\t\t\t\t\t\t\tViazan\u00fd z\u00e1stupci<span style=\"color:#DA2D16\">.<\/span>\t\t\t\t\t\t<\/span>\n\t\t\t\t\t<\/h3>\n\t\t\t\t\n\t\t\t\t\t\t\t\t\t<p class=\"elementor-icon-box-description\">\n\t\t\t\t\t\tUzavrite exkluz\u00edvne partnerstvo TA s FXGlobe a vyu\u017eite na\u0161e fantastick\u00e9 bankovn\u00e9 vz\u0165ahy, u\u017e\u00edvajte si \u0161tedr\u00fdch prov\u00edzi\u00ed a pracujte s jedn\u00fdm z najlep\u0161\u00edch regulovan\u00fdch forexov\u00fdch brokerov v E\u00da. \t\t\t\t\t<\/p>\n\t\t\t\t\n\t\t\t<\/div>\n\t\t\t\n\t\t<\/div>\n\t\t\t\t\t\t<\/div>\n\t\t\t\t<\/div>\n\t\t\t\t<div class=\"elementor-element elementor-element-9dc3d45 elementor-widget__width-inherit elementor-widget elementor-widget-button\" data-id=\"9dc3d45\" data-element_type=\"widget\" data-e-type=\"widget\" data-widget_type=\"button.default\">\n\t\t\t\t<div class=\"elementor-widget-container\">\n\t\t\t\t\t\t\t\t\t<div class=\"elementor-button-wrapper\">\n\t\t\t\t\t<a class=\"elementor-button elementor-button-link elementor-size-sm\" href=\"https:\/\/www.fxglobe.eu\/sk\/kontakt\/\">\n\t\t\t\t\t\t<span class=\"elementor-button-content-wrapper\">\n\t\t\t\t\t\t<span class=\"elementor-button-icon\">\n\t\t\t\t<svg xmlns=\"http:\/\/www.w3.org\/2000\/svg\" id=\"Capa_1\" height=\"512\" viewBox=\"0 0 486.346 486.346\" width=\"512\"><g><g id=\"arrow-1-e_1_\"><path d=\"m284.232 444.575c-16.757-.68-29.791-14.816-29.111-31.573.282-6.959 2.948-13.609 7.55-18.836l151.833-150.315-151.832-150.314c-11.774-11.844-11.774-30.973 0-42.817 11.81-11.907 31.037-11.986 42.945-.176.059.058.118.117.176.176l171.572 171.572c11.907 11.81 11.986 31.037.176 42.945-.058.059-.117.118-.176.176l-171.573 171.571c-5.923 5.242-13.659 7.965-21.56 7.591z\"><\/path><path d=\"m455.5 272.7h-425.133c-16.771 0-30.367-13.596-30.367-30.367s13.596-30.367 30.367-30.367h425.133c16.771 0 30.367 13.596 30.367 30.367s-13.596 30.367-30.367 30.367z\"><\/path><\/g><\/g><\/svg>\t\t\t<\/span>\n\t\t\t\t\t\t\t\t\t<span class=\"elementor-button-text\">Kontaktuje n\u00e1s<\/span>\n\t\t\t\t\t<\/span>\n\t\t\t\t\t<\/a>\n\t\t\t\t<\/div>\n\t\t\t\t\t\t\t\t<\/div>\n\t\t\t\t<\/div>\n\t\t\t\t<\/div>\n\t\t<div class=\"elementor-element elementor-element-829e7dd e-con-full e-flex e-con e-parent\" data-id=\"829e7dd\" data-element_type=\"container\" data-e-type=\"container\">\n\t\t\t\t<div class=\"elementor-element elementor-element-d9d89f3 elementor-view-default elementor-position-block-start elementor-mobile-position-block-start elementor-widget elementor-widget-icon-box\" data-id=\"d9d89f3\" data-element_type=\"widget\" data-e-type=\"widget\" data-widget_type=\"icon-box.default\">\n\t\t\t\t<div class=\"elementor-widget-container\">\n\t\t\t\t\t\t\t<div class=\"elementor-icon-box-wrapper\">\n\n\t\t\t\t\t\t<div class=\"elementor-icon-box-icon\">\n\t\t\t\t<span  class=\"elementor-icon\">\n\t\t\t\t<svg xmlns=\"http:\/\/www.w3.org\/2000\/svg\" width=\"63\" height=\"63\" viewBox=\"0 0 63 63\" fill=\"none\"><rect opacity=\"0.1\" width=\"63\" height=\"63\" rx=\"10\" fill=\"#DA2D16\"><\/rect><g clip-path=\"url(#clip0_1382_3460)\"><path d=\"M43.3063 36.6747C41.5646 34.9331 39.4915 33.6438 37.2296 32.8633C39.6522 31.1948 41.2437 28.4024 41.2437 25.2448C41.2437 20.1473 37.0965 16 31.9989 16C26.9014 16 22.7541 20.1473 22.7541 25.2448C22.7541 28.4023 24.3457 31.1947 26.7682 32.8633C24.5064 33.6437 22.4333 34.933 20.6916 36.6747C17.6712 39.6951 16.0078 43.7108 16.0078 47.9822H18.5064C18.5064 41.0532 23.7568 35.3285 30.4879 34.5748L28.1175 44.1181L31.9989 48L35.88 44.1181L33.5099 34.5748C40.2409 35.3284 45.4913 41.0532 45.4913 47.9822H47.9899C47.9899 43.7108 46.3266 39.6951 43.3063 36.6747ZM31.9988 44.4662L30.8828 43.35L31.9988 38.8568L33.1147 43.35L31.9988 44.4662ZM31.9989 31.9911C28.2789 31.9911 25.2526 28.9648 25.2526 25.2449C25.2526 21.5251 28.2789 18.4987 31.9989 18.4987C35.7188 18.4987 38.7451 21.525 38.7451 25.2449C38.7451 28.9648 35.7188 31.9911 31.9989 31.9911Z\" fill=\"#DA2D16\"><\/path><\/g><defs><clipPath id=\"clip0_1382_3460\"><rect width=\"32\" height=\"32\" fill=\"white\" transform=\"translate(16 16)\"><\/rect><\/clipPath><\/defs><\/svg>\t\t\t\t<\/span>\n\t\t\t<\/div>\n\t\t\t\n\t\t\t\t\t\t<div class=\"elementor-icon-box-content\">\n\n\t\t\t\t\t\t\t\t\t<h3 class=\"elementor-icon-box-title\">\n\t\t\t\t\t\t<span  >\n\t\t\t\t\t\t\tMarketingov\u00e9 agent\u00fary<span style=\"color:#DA2D16\">.<\/span>\t\t\t\t\t\t<\/span>\n\t\t\t\t\t<\/h3>\n\t\t\t\t\n\t\t\t\t\t\t\t\t\t<p class=\"elementor-icon-box-description\">\n\t\t\t\t\t\tPokia\u013e ste marketingov\u00e1 \u010di reklamn\u00e1 agent\u00fara a m\u00e1te \u010do pon\u00faknu\u0165, obr\u00e1\u0165te sa na <a href=\"mailto:marketing@fxglobe.eu\">marketing@fxglobe.eu<\/a>\t\t\t\t\t<\/p>\n\t\t\t\t\n\t\t\t<\/div>\n\t\t\t\n\t\t<\/div>\n\t\t\t\t\t\t<\/div>\n\t\t\t\t<\/div>\n\t\t\t\t<div class=\"elementor-element elementor-element-2bd0f6e elementor-widget__width-inherit elementor-widget elementor-widget-button\" data-id=\"2bd0f6e\" data-element_type=\"widget\" data-e-type=\"widget\" data-widget_type=\"button.default\">\n\t\t\t\t<div class=\"elementor-widget-container\">\n\t\t\t\t\t\t\t\t\t<div class=\"elementor-button-wrapper\">\n\t\t\t\t\t<a class=\"elementor-button elementor-button-link elementor-size-sm\" href=\"https:\/\/www.fxglobe.eu\/sk\/kontakt\/\">\n\t\t\t\t\t\t<span class=\"elementor-button-content-wrapper\">\n\t\t\t\t\t\t<span class=\"elementor-button-icon\">\n\t\t\t\t<svg xmlns=\"http:\/\/www.w3.org\/2000\/svg\" id=\"Capa_1\" height=\"512\" viewBox=\"0 0 486.346 486.346\" width=\"512\"><g><g id=\"arrow-1-e_1_\"><path d=\"m284.232 444.575c-16.757-.68-29.791-14.816-29.111-31.573.282-6.959 2.948-13.609 7.55-18.836l151.833-150.315-151.832-150.314c-11.774-11.844-11.774-30.973 0-42.817 11.81-11.907 31.037-11.986 42.945-.176.059.058.118.117.176.176l171.572 171.572c11.907 11.81 11.986 31.037.176 42.945-.058.059-.117.118-.176.176l-171.573 171.571c-5.923 5.242-13.659 7.965-21.56 7.591z\"><\/path><path d=\"m455.5 272.7h-425.133c-16.771 0-30.367-13.596-30.367-30.367s13.596-30.367 30.367-30.367h425.133c16.771 0 30.367 13.596 30.367 30.367s-13.596 30.367-30.367 30.367z\"><\/path><\/g><\/g><\/svg>\t\t\t<\/span>\n\t\t\t\t\t\t\t\t\t<span class=\"elementor-button-text\">Kontaktuje n\u00e1s<\/span>\n\t\t\t\t\t<\/span>\n\t\t\t\t\t<\/a>\n\t\t\t\t<\/div>\n\t\t\t\t\t\t\t\t<\/div>\n\t\t\t\t<\/div>\n\t\t\t\t<\/div>\n\t\t\t\t\t<\/div>\n\t\t\t\t<\/div>\n\t\t<div class=\"elementor-element elementor-element-1b83bbe e-flex e-con-boxed e-con e-parent\" data-id=\"1b83bbe\" data-element_type=\"container\" data-e-type=\"container\">\n\t\t\t\t\t<div class=\"e-con-inner\">\n\t\t\t\t<div class=\"elementor-element elementor-element-4c43105 elementor-widget__width-inherit elementor-widget elementor-widget-heading\" data-id=\"4c43105\" data-element_type=\"widget\" data-e-type=\"widget\" data-widget_type=\"heading.default\">\n\t\t\t\t<div class=\"elementor-widget-container\">\n\t\t\t\t\t<h2 class=\"elementor-heading-title elementor-size-default\">Ostatn\u00ed partneri<span style=\"color:#DA2D16\">.<\/span><\/h2>\t\t\t\t<\/div>\n\t\t\t\t<\/div>\n\t\t\t\t<div class=\"elementor-element elementor-element-ed8333b elementor-widget elementor-widget-text-editor\" data-id=\"ed8333b\" data-element_type=\"widget\" data-e-type=\"widget\" data-widget_type=\"text-editor.default\">\n\t\t\t\t<div class=\"elementor-widget-container\">\n\t\t\t\t\t\t\t\t\t<p>M\u00e1te na mysli in\u00fd sp\u00f4sob partnerstva? Len do toho, predlo\u017ete n\u00e1m n\u00e1vrh! Sme otvoren\u00ed nov\u00fdm n\u00e1padom na spolupr\u00e1cu, \u010di u\u017e ste jednotlivec alebo organiz\u00e1cia.<\/p>\n\t\t\t\t\t\t\t\t<\/div>\n\t\t\t\t<\/div>\n\t\t\t\t<div class=\"elementor-element elementor-element-48dda8a elementor-align-center elementor-widget elementor-widget-button\" data-id=\"48dda8a\" data-element_type=\"widget\" data-e-type=\"widget\" data-widget_type=\"button.default\">\n\t\t\t\t<div class=\"elementor-widget-container\">\n\t\t\t\t\t\t\t\t\t<div class=\"elementor-button-wrapper\">\n\t\t\t\t\t<a class=\"elementor-button elementor-button-link elementor-size-sm\" href=\"https:\/\/www.fxglobe.eu\/sk\/kontakt\/\">\n\t\t\t\t\t\t<span class=\"elementor-button-content-wrapper\">\n\t\t\t\t\t\t<span class=\"elementor-button-icon\">\n\t\t\t\t<svg xmlns=\"http:\/\/www.w3.org\/2000\/svg\" id=\"Capa_1\" height=\"512\" viewBox=\"0 0 486.346 486.346\" width=\"512\"><g><g id=\"arrow-1-e_1_\"><path d=\"m284.232 444.575c-16.757-.68-29.791-14.816-29.111-31.573.282-6.959 2.948-13.609 7.55-18.836l151.833-150.315-151.832-150.314c-11.774-11.844-11.774-30.973 0-42.817 11.81-11.907 31.037-11.986 42.945-.176.059.058.118.117.176.176l171.572 171.572c11.907 11.81 11.986 31.037.176 42.945-.058.059-.117.118-.176.176l-171.573 171.571c-5.923 5.242-13.659 7.965-21.56 7.591z\"><\/path><path d=\"m455.5 272.7h-425.133c-16.771 0-30.367-13.596-30.367-30.367s13.596-30.367 30.367-30.367h425.133c16.771 0 30.367 13.596 30.367 30.367s-13.596 30.367-30.367 30.367z\"><\/path><\/g><\/g><\/svg>\t\t\t<\/span>\n\t\t\t\t\t\t\t\t\t<span class=\"elementor-button-text\">Kontaktuje n\u00e1s<\/span>\n\t\t\t\t\t<\/span>\n\t\t\t\t\t<\/a>\n\t\t\t\t<\/div>\n\t\t\t\t\t\t\t\t<\/div>\n\t\t\t\t<\/div>\n\t\t\t\t\t<\/div>\n\t\t\t\t<\/div>\n\t\t\t\t<\/div>\n\t\t","protected":false},"excerpt":{"rendered":"<p>Partner Partneri. Sn\u00edvate vo ve\u013ekom, alebo za\u010d\u00ednate skromne? Zformovali sme sa do role neocenite\u013en\u00e9ho partnera v r\u00f4znych funkci\u00e1ch pre jednotlivcov aj organiz\u00e1cie po celom svete.. Viazan\u00fd z\u00e1stupci. Uzavrite exkluz\u00edvne partnerstvo TA s FXGlobe a vyu\u017eite na\u0161e fantastick\u00e9 bankovn\u00e9 vz\u0165ahy, u\u017e\u00edvajte si \u0161tedr\u00fdch prov\u00edzi\u00ed a pracujte s jedn\u00fdm z najlep\u0161\u00edch regulovan\u00fdch forexov\u00fdch brokerov v E\u00da. Kontaktuje [&hellip;]<\/p>\n","protected":false},"author":12,"featured_media":0,"parent":7475,"menu_order":0,"comment_status":"closed","ping_status":"closed","template":"","meta":{"_acf_changed":false,"_seopress_robots_primary_cat":"","_seopress_titles_title":"","_seopress_titles_desc":"","_seopress_robots_index":"","footnotes":""},"class_list":["post-7494","page","type-page","status-publish","hentry"],"acf":[],"_links":{"self":[{"href":"https:\/\/www.fxglobe.eu\/sk\/wp-json\/wp\/v2\/pages\/7494","targetHints":{"allow":["GET"]}}],"collection":[{"href":"https:\/\/www.fxglobe.eu\/sk\/wp-json\/wp\/v2\/pages"}],"about":[{"href":"https:\/\/www.fxglobe.eu\/sk\/wp-json\/wp\/v2\/types\/page"}],"author":[{"embeddable":true,"href":"https:\/\/www.fxglobe.eu\/sk\/wp-json\/wp\/v2\/users\/12"}],"replies":[{"embeddable":true,"href":"https:\/\/www.fxglobe.eu\/sk\/wp-json\/wp\/v2\/comments?post=7494"}],"version-history":[{"count":0,"href":"https:\/\/www.fxglobe.eu\/sk\/wp-json\/wp\/v2\/pages\/7494\/revisions"}],"up":[{"embeddable":true,"href":"https:\/\/www.fxglobe.eu\/sk\/wp-json\/wp\/v2\/pages\/7475"}],"wp:attachment":[{"href":"https:\/\/www.fxglobe.eu\/sk\/wp-json\/wp\/v2\/media?parent=7494"}],"curies":[{"name":"wp","href":"https:\/\/api.w.org\/{rel}","templated":true}]}}