{"id":7522,"date":"2022-09-21T12:30:43","date_gmt":"2022-09-21T12:30:43","guid":{"rendered":"https:\/\/fxglobeeu.wpenginepowered.com\/stante-sa-partnerom\/podmienky-a-provizie\/"},"modified":"2024-08-06T10:06:54","modified_gmt":"2024-08-06T10:06:54","slug":"podmienky-a-provizie","status":"publish","type":"page","link":"https:\/\/www.fxglobe.eu\/sk\/stante-sa-partnerom\/podmienky-a-provizie\/","title":{"rendered":"Podmienky a prov\u00edzie"},"content":{"rendered":"\t\t<div data-elementor-type=\"wp-page\" data-elementor-id=\"7522\" class=\"elementor elementor-7522 elementor-536\" data-elementor-post-type=\"page\">\n\t\t\t\t<div class=\"elementor-element elementor-element-af1c837 e-con-full e-flex e-con e-parent\" data-id=\"af1c837\" data-element_type=\"container\" data-e-type=\"container\">\n\t\t\t\t<div class=\"elementor-element elementor-element-0889b23 elementor-absolute elementor-hidden-mobile elementor-invisible elementor-widget elementor-widget-image\" data-id=\"0889b23\" data-element_type=\"widget\" data-e-type=\"widget\" data-settings=\"{&quot;_position&quot;:&quot;absolute&quot;,&quot;motion_fx_motion_fx_mouse&quot;:&quot;yes&quot;,&quot;motion_fx_mouseTrack_effect&quot;:&quot;yes&quot;,&quot;motion_fx_mouseTrack_speed&quot;:{&quot;unit&quot;:&quot;px&quot;,&quot;size&quot;:0.2,&quot;sizes&quot;:[]},&quot;_animation&quot;:&quot;zoomIn&quot;}\" data-widget_type=\"image.default\">\n\t\t\t\t<div class=\"elementor-widget-container\">\n\t\t\t\t\t\t\t\t\t\t\t\t\t\t\t<img decoding=\"async\" width=\"33\" height=\"33\" src=\"https:\/\/www.fxglobe.eu\/wp-content\/uploads\/2022\/09\/orange-ball.svg\" class=\"attachment-full size-full wp-image-7473\" alt=\"\" \/>\t\t\t\t\t\t\t\t\t\t\t\t\t\t\t<\/div>\n\t\t\t\t<\/div>\n\t\t<div class=\"elementor-element elementor-element-104d4f6 e-con-full e-flex e-con e-parent\" data-id=\"104d4f6\" data-element_type=\"container\" data-e-type=\"container\" data-settings=\"{&quot;background_background&quot;:&quot;classic&quot;}\">\n\t\t\t\t<div class=\"elementor-element elementor-element-636270f elementor-widget__width-initial elementor-absolute animated-slow elementor-invisible elementor-widget elementor-widget-image\" data-id=\"636270f\" data-element_type=\"widget\" data-e-type=\"widget\" data-settings=\"{&quot;_position&quot;:&quot;absolute&quot;,&quot;_animation&quot;:&quot;fadeInLeft&quot;}\" data-widget_type=\"image.default\">\n\t\t\t\t<div class=\"elementor-widget-container\">\n\t\t\t\t\t\t\t\t\t\t\t\t\t\t\t<img decoding=\"async\" width=\"117\" height=\"153\" src=\"https:\/\/www.fxglobe.eu\/wp-content\/uploads\/2022\/09\/Big-ball-left.png\" class=\"attachment-full size-full wp-image-7608\" alt=\"\" \/>\t\t\t\t\t\t\t\t\t\t\t\t\t\t\t<\/div>\n\t\t\t\t<\/div>\n\t\t<div class=\"elementor-element elementor-element-94a6e1c e-con-full e-flex e-con e-parent\" data-id=\"94a6e1c\" data-element_type=\"container\" data-e-type=\"container\">\n\t\t\t\t<div class=\"elementor-element elementor-element-7cb92f1 elementor-widget__width-inherit elementor-widget elementor-widget-heading\" data-id=\"7cb92f1\" data-element_type=\"widget\" data-e-type=\"widget\" data-widget_type=\"heading.default\">\n\t\t\t\t<div class=\"elementor-widget-container\">\n\t\t\t\t\t<h6 class=\"elementor-heading-title elementor-size-default\">Partneri<\/h6>\t\t\t\t<\/div>\n\t\t\t\t<\/div>\n\t\t\t\t<div class=\"elementor-element elementor-element-46368f5 elementor-widget__width-inherit elementor-widget elementor-widget-heading\" data-id=\"46368f5\" data-element_type=\"widget\" data-e-type=\"widget\" data-widget_type=\"heading.default\">\n\t\t\t\t<div class=\"elementor-widget-container\">\n\t\t\t\t\t<h1 class=\"elementor-heading-title elementor-size-default\">Podmienky a prov\u00edzie<span style=\"color:#DA2D16\">.<\/span><\/h1>\t\t\t\t<\/div>\n\t\t\t\t<\/div>\n\t\t\t\t<div class=\"elementor-element elementor-element-e0361bb elementor-widget elementor-widget-text-editor\" data-id=\"e0361bb\" data-element_type=\"widget\" data-e-type=\"widget\" data-widget_type=\"text-editor.default\">\n\t\t\t\t<div class=\"elementor-widget-container\">\n\t\t\t\t\t\t\t\t\t<p>By\u0165 partnerom FXGlobe je ve\u013emi pr\u00ednosn\u00e9.<\/p>\n\t\t\t\t\t\t\t\t<\/div>\n\t\t\t\t<\/div>\n\t\t\t\t<\/div>\n\t\t\t\t<\/div>\n\t\t\t\t<\/div>\n\t\t<div class=\"elementor-element elementor-element-427923c e-flex e-con-boxed e-con e-parent\" data-id=\"427923c\" data-element_type=\"container\" data-e-type=\"container\">\n\t\t\t\t\t<div class=\"e-con-inner\">\n\t\t\t\t<div class=\"elementor-element elementor-element-f4b8630 elementor-widget__width-initial elementor-widget elementor-widget-image\" data-id=\"f4b8630\" data-element_type=\"widget\" data-e-type=\"widget\" data-widget_type=\"image.default\">\n\t\t\t\t<div class=\"elementor-widget-container\">\n\t\t\t\t\t\t\t\t\t\t\t\t\t\t\t<img fetchpriority=\"high\" decoding=\"async\" width=\"613\" height=\"733\" src=\"https:\/\/www.fxglobe.eu\/wp-content\/uploads\/2022\/09\/Commission-CPL..jpg\" class=\"attachment-full size-full wp-image-7523\" alt=\"\" srcset=\"https:\/\/www.fxglobe.eu\/wp-content\/uploads\/2022\/09\/Commission-CPL..jpg 613w, https:\/\/www.fxglobe.eu\/wp-content\/uploads\/2022\/09\/Commission-CPL.-251x300.jpg 251w\" sizes=\"(max-width: 613px) 100vw, 613px\" \/>\t\t\t\t\t\t\t\t\t\t\t\t\t\t\t<\/div>\n\t\t\t\t<\/div>\n\t\t<div class=\"elementor-element elementor-element-810a0f5 e-con-full e-flex e-con e-parent\" data-id=\"810a0f5\" data-element_type=\"container\" data-e-type=\"container\">\n\t\t\t\t<div class=\"elementor-element elementor-element-a28ed3c elementor-widget__width-inherit elementor-widget elementor-widget-heading\" data-id=\"a28ed3c\" data-element_type=\"widget\" data-e-type=\"widget\" data-widget_type=\"heading.default\">\n\t\t\t\t<div class=\"elementor-widget-container\">\n\t\t\t\t\t<h2 class=\"elementor-heading-title elementor-size-default\">Prov\u00edzia-CPL<span style=\"color:#DA2D16\">.<\/span><\/h2>\t\t\t\t<\/div>\n\t\t\t\t<\/div>\n\t\t\t\t<div class=\"elementor-element elementor-element-aeaabde elementor-widget elementor-widget-text-editor\" data-id=\"aeaabde\" data-element_type=\"widget\" data-e-type=\"widget\" data-widget_type=\"text-editor.default\">\n\t\t\t\t<div class=\"elementor-widget-container\">\n\t\t\t\t\t\t\t\t\t<p>Z\u00edskajte prov\u00edziu za ka\u017ed\u00e9ho potencion\u00e1lneho z\u00e1kazn\u00edka, ktor\u00e9ho privediete do FXGlobe pomocou na\u0161eho partnersk\u00e9ho affiliate programu CPL (\u010diastka za jednoho potencion\u00e1lneho z\u00e1kazn\u00edka). <\/p>\n<p>Je ide\u00e1lna pre webmasterov, SEO \u0161pecialistov a marketingov\u00fdch mana\u017e\u00e9rov, ktor\u00ed m\u00f4\u017eu sprostredkova\u0165 v\u00e4\u010d\u0161ie mno\u017estvo n\u00e1v\u0161tevnosti. Mo\u017enosti z\u00e1robku s\u00fa neobmedzen\u00e9! <\/p>\n\t\t\t\t\t\t\t\t<\/div>\n\t\t\t\t<\/div>\n\t\t\t\t<div class=\"elementor-element elementor-element-76db9af elementor-icon-list--layout-traditional elementor-list-item-link-full_width elementor-widget elementor-widget-icon-list\" data-id=\"76db9af\" data-element_type=\"widget\" data-e-type=\"widget\" data-widget_type=\"icon-list.default\">\n\t\t\t\t<div class=\"elementor-widget-container\">\n\t\t\t\t\t\t\t<ul class=\"elementor-icon-list-items\">\n\t\t\t\t\t\t\t<li class=\"elementor-icon-list-item\">\n\t\t\t\t\t\t\t\t\t\t\t<span class=\"elementor-icon-list-icon\">\n\t\t\t\t\t\t\t<svg xmlns=\"http:\/\/www.w3.org\/2000\/svg\" width=\"21\" height=\"22\" viewBox=\"0 0 21 22\" fill=\"none\"><path d=\"M20 10.1314V11.0054C19.9988 13.054 19.3355 15.0474 18.1089 16.6882C16.8823 18.329 15.1581 19.5293 13.1936 20.1101C11.2291 20.691 9.12939 20.6212 7.20775 19.9113C5.2861 19.2013 3.64542 17.8892 2.53041 16.1706C1.4154 14.4521 0.885802 12.4191 1.02059 10.3749C1.15538 8.33077 1.94735 6.38495 3.27837 4.82766C4.60938 3.27037 6.40814 2.18505 8.40638 1.73358C10.4046 1.2821 12.4953 1.48866 14.3665 2.32244\" stroke=\"#DA2D16\" stroke-width=\"2\" stroke-linecap=\"round\" stroke-linejoin=\"round\"><\/path><path d=\"M20.0004 3.40527L10.5004 12.9148L7.65039 10.0648\" stroke=\"#DA2D16\" stroke-width=\"2\" stroke-linecap=\"round\" stroke-linejoin=\"round\"><\/path><\/svg>\t\t\t\t\t\t<\/span>\n\t\t\t\t\t\t\t\t\t\t<span class=\"elementor-icon-list-text\">U\u017eivate\u013esky pr\u00edvetiv\u00e9 preh\u013eady pre anal\u00fdzu va\u0161eho v\u00fdkonu<\/span>\n\t\t\t\t\t\t\t\t\t<\/li>\n\t\t\t\t\t\t\t\t<li class=\"elementor-icon-list-item\">\n\t\t\t\t\t\t\t\t\t\t\t<span class=\"elementor-icon-list-icon\">\n\t\t\t\t\t\t\t<svg xmlns=\"http:\/\/www.w3.org\/2000\/svg\" width=\"21\" height=\"22\" viewBox=\"0 0 21 22\" fill=\"none\"><path d=\"M20 10.1314V11.0054C19.9988 13.054 19.3355 15.0474 18.1089 16.6882C16.8823 18.329 15.1581 19.5293 13.1936 20.1101C11.2291 20.691 9.12939 20.6212 7.20775 19.9113C5.2861 19.2013 3.64542 17.8892 2.53041 16.1706C1.4154 14.4521 0.885802 12.4191 1.02059 10.3749C1.15538 8.33077 1.94735 6.38495 3.27837 4.82766C4.60938 3.27037 6.40814 2.18505 8.40638 1.73358C10.4046 1.2821 12.4953 1.48866 14.3665 2.32244\" stroke=\"#DA2D16\" stroke-width=\"2\" stroke-linecap=\"round\" stroke-linejoin=\"round\"><\/path><path d=\"M20.0004 3.40527L10.5004 12.9148L7.65039 10.0648\" stroke=\"#DA2D16\" stroke-width=\"2\" stroke-linecap=\"round\" stroke-linejoin=\"round\"><\/path><\/svg>\t\t\t\t\t\t<\/span>\n\t\t\t\t\t\t\t\t\t\t<span class=\"elementor-icon-list-text\">Zisky prip\u00edsan\u00e9 na v\u00e1\u0161 \u00fa\u010det ka\u017ed\u00fd mesiac<\/span>\n\t\t\t\t\t\t\t\t\t<\/li>\n\t\t\t\t\t\t\t\t<li class=\"elementor-icon-list-item\">\n\t\t\t\t\t\t\t\t\t\t\t<span class=\"elementor-icon-list-icon\">\n\t\t\t\t\t\t\t<svg xmlns=\"http:\/\/www.w3.org\/2000\/svg\" width=\"21\" height=\"22\" viewBox=\"0 0 21 22\" fill=\"none\"><path d=\"M20 10.1314V11.0054C19.9988 13.054 19.3355 15.0474 18.1089 16.6882C16.8823 18.329 15.1581 19.5293 13.1936 20.1101C11.2291 20.691 9.12939 20.6212 7.20775 19.9113C5.2861 19.2013 3.64542 17.8892 2.53041 16.1706C1.4154 14.4521 0.885802 12.4191 1.02059 10.3749C1.15538 8.33077 1.94735 6.38495 3.27837 4.82766C4.60938 3.27037 6.40814 2.18505 8.40638 1.73358C10.4046 1.2821 12.4953 1.48866 14.3665 2.32244\" stroke=\"#DA2D16\" stroke-width=\"2\" stroke-linecap=\"round\" stroke-linejoin=\"round\"><\/path><path d=\"M20.0004 3.40527L10.5004 12.9148L7.65039 10.0648\" stroke=\"#DA2D16\" stroke-width=\"2\" stroke-linecap=\"round\" stroke-linejoin=\"round\"><\/path><\/svg>\t\t\t\t\t\t<\/span>\n\t\t\t\t\t\t\t\t\t\t<span class=\"elementor-icon-list-text\">R\u00fdchle v\u00fdbery <\/span>\n\t\t\t\t\t\t\t\t\t<\/li>\n\t\t\t\t\t\t\t\t<li class=\"elementor-icon-list-item\">\n\t\t\t\t\t\t\t\t\t\t\t<span class=\"elementor-icon-list-icon\">\n\t\t\t\t\t\t\t<svg xmlns=\"http:\/\/www.w3.org\/2000\/svg\" width=\"21\" height=\"22\" viewBox=\"0 0 21 22\" fill=\"none\"><path d=\"M20 10.1314V11.0054C19.9988 13.054 19.3355 15.0474 18.1089 16.6882C16.8823 18.329 15.1581 19.5293 13.1936 20.1101C11.2291 20.691 9.12939 20.6212 7.20775 19.9113C5.2861 19.2013 3.64542 17.8892 2.53041 16.1706C1.4154 14.4521 0.885802 12.4191 1.02059 10.3749C1.15538 8.33077 1.94735 6.38495 3.27837 4.82766C4.60938 3.27037 6.40814 2.18505 8.40638 1.73358C10.4046 1.2821 12.4953 1.48866 14.3665 2.32244\" stroke=\"#DA2D16\" stroke-width=\"2\" stroke-linecap=\"round\" stroke-linejoin=\"round\"><\/path><path d=\"M20.0004 3.40527L10.5004 12.9148L7.65039 10.0648\" stroke=\"#DA2D16\" stroke-width=\"2\" stroke-linecap=\"round\" stroke-linejoin=\"round\"><\/path><\/svg>\t\t\t\t\t\t<\/span>\n\t\t\t\t\t\t\t\t\t\t<span class=\"elementor-icon-list-text\">Widgety, bannery, a \u010fal\u0161ie propaga\u010dn\u00e9 materi\u00e1ly<\/span>\n\t\t\t\t\t\t\t\t\t<\/li>\n\t\t\t\t\t\t\t\t<li class=\"elementor-icon-list-item\">\n\t\t\t\t\t\t\t\t\t\t\t<span class=\"elementor-icon-list-icon\">\n\t\t\t\t\t\t\t<svg xmlns=\"http:\/\/www.w3.org\/2000\/svg\" width=\"21\" height=\"22\" viewBox=\"0 0 21 22\" fill=\"none\"><path d=\"M20 10.1314V11.0054C19.9988 13.054 19.3355 15.0474 18.1089 16.6882C16.8823 18.329 15.1581 19.5293 13.1936 20.1101C11.2291 20.691 9.12939 20.6212 7.20775 19.9113C5.2861 19.2013 3.64542 17.8892 2.53041 16.1706C1.4154 14.4521 0.885802 12.4191 1.02059 10.3749C1.15538 8.33077 1.94735 6.38495 3.27837 4.82766C4.60938 3.27037 6.40814 2.18505 8.40638 1.73358C10.4046 1.2821 12.4953 1.48866 14.3665 2.32244\" stroke=\"#DA2D16\" stroke-width=\"2\" stroke-linecap=\"round\" stroke-linejoin=\"round\"><\/path><path d=\"M20.0004 3.40527L10.5004 12.9148L7.65039 10.0648\" stroke=\"#DA2D16\" stroke-width=\"2\" stroke-linecap=\"round\" stroke-linejoin=\"round\"><\/path><\/svg>\t\t\t\t\t\t<\/span>\n\t\t\t\t\t\t\t\t\t\t<span class=\"elementor-icon-list-text\">Konkuren\u010dn\u00e9 sadzby z\u00e1robku<\/span>\n\t\t\t\t\t\t\t\t\t<\/li>\n\t\t\t\t\t\t<\/ul>\n\t\t\t\t\t\t<\/div>\n\t\t\t\t<\/div>\n\t\t\t\t<div class=\"elementor-element elementor-element-9ad2d52 elementor-widget elementor-widget-button\" data-id=\"9ad2d52\" data-element_type=\"widget\" data-e-type=\"widget\" data-widget_type=\"button.default\">\n\t\t\t\t<div class=\"elementor-widget-container\">\n\t\t\t\t\t\t\t\t\t<div class=\"elementor-button-wrapper\">\n\t\t\t\t\t<a class=\"elementor-button elementor-button-link elementor-size-sm\" href=\"https:\/\/www.fxglobe.eu\/sk\/kontakt\/\">\n\t\t\t\t\t\t<span class=\"elementor-button-content-wrapper\">\n\t\t\t\t\t\t<span class=\"elementor-button-icon\">\n\t\t\t\t<svg xmlns=\"http:\/\/www.w3.org\/2000\/svg\" id=\"Capa_1\" height=\"512\" viewBox=\"0 0 486.346 486.346\" width=\"512\"><g><g id=\"arrow-1-e_1_\"><path d=\"m284.232 444.575c-16.757-.68-29.791-14.816-29.111-31.573.282-6.959 2.948-13.609 7.55-18.836l151.833-150.315-151.832-150.314c-11.774-11.844-11.774-30.973 0-42.817 11.81-11.907 31.037-11.986 42.945-.176.059.058.118.117.176.176l171.572 171.572c11.907 11.81 11.986 31.037.176 42.945-.058.059-.117.118-.176.176l-171.573 171.571c-5.923 5.242-13.659 7.965-21.56 7.591z\"><\/path><path d=\"m455.5 272.7h-425.133c-16.771 0-30.367-13.596-30.367-30.367s13.596-30.367 30.367-30.367h425.133c16.771 0 30.367 13.596 30.367 30.367s-13.596 30.367-30.367 30.367z\"><\/path><\/g><\/g><\/svg>\t\t\t<\/span>\n\t\t\t\t\t\t\t\t\t<span class=\"elementor-button-text\">Kontaktuje n\u00e1s<\/span>\n\t\t\t\t\t<\/span>\n\t\t\t\t\t<\/a>\n\t\t\t\t<\/div>\n\t\t\t\t\t\t\t\t<\/div>\n\t\t\t\t<\/div>\n\t\t\t\t<\/div>\n\t\t\t\t\t<\/div>\n\t\t\t\t<\/div>\n\t\t<div class=\"elementor-element elementor-element-f46510a e-flex e-con-boxed e-con e-parent\" data-id=\"f46510a\" data-element_type=\"container\" data-e-type=\"container\">\n\t\t\t\t\t<div class=\"e-con-inner\">\n\t\t<div class=\"elementor-element elementor-element-03f1546 e-flex e-con-boxed e-con e-parent\" data-id=\"03f1546\" data-element_type=\"container\" data-e-type=\"container\" data-settings=\"{&quot;background_background&quot;:&quot;classic&quot;}\">\n\t\t\t\t\t<div class=\"e-con-inner\">\n\t\t\t\t<div class=\"elementor-element elementor-element-88369b5 elementor-widget__width-inherit elementor-widget elementor-widget-heading\" data-id=\"88369b5\" data-element_type=\"widget\" data-e-type=\"widget\" data-widget_type=\"heading.default\">\n\t\t\t\t<div class=\"elementor-widget-container\">\n\t\t\t\t\t<h2 class=\"elementor-heading-title elementor-size-default\">Podmienky a zmluva<span style=\"color:#DA2D16\">.<\/span><\/h2>\t\t\t\t<\/div>\n\t\t\t\t<\/div>\n\t\t\t\t<div class=\"elementor-element elementor-element-d89e2ea elementor-widget elementor-widget-text-editor\" data-id=\"d89e2ea\" data-element_type=\"widget\" data-e-type=\"widget\" data-widget_type=\"text-editor.default\">\n\t\t\t\t<div class=\"elementor-widget-container\">\n\t\t\t\t\t\t\t\t\t<p>Ak ste pripraven\u00ed zastupova\u0165 spolo\u010dnos\u0165 FXGlobe a predstavi\u0165 n\u00e1s svojej sieti, radi v\u00e1s zozn\u00e1mime so zmluvou, ktor\u00fa spolu podp\u00ed\u0161eme. Pros\u00edm pre\u010d\u00edtajte si podmienky, partnersk\u00fa zmluvu a v\u0161eobecn\u00e9 pr\u00e1vne dokumenty. Ak sme odpovedali na v\u0161etky va\u0161e dotazy, m\u00f4\u017eeme za\u010da\u0165! Nastavte si \u00fa\u010det svojho partnera a dohodnite si s na\u0161\u00edm t\u00edmom telef\u00f3nny hovor, aby ste sa dozvedeli, ak\u00e9 bud\u00fa va\u0161e \u010fal\u0161ie kroky.<\/p>\n\t\t\t\t\t\t\t\t<\/div>\n\t\t\t\t<\/div>\n\t\t\t\t\t<\/div>\n\t\t\t\t<\/div>\n\t\t<div class=\"elementor-element elementor-element-a840155 e-flex e-con-boxed e-con e-parent\" data-id=\"a840155\" data-element_type=\"container\" data-e-type=\"container\" data-settings=\"{&quot;background_background&quot;:&quot;classic&quot;}\">\n\t\t\t\t\t<div class=\"e-con-inner\">\n\t\t\t\t<div class=\"elementor-element elementor-element-b2b7aa1 elementor-widget__width-inherit elementor-widget elementor-widget-heading\" data-id=\"b2b7aa1\" data-element_type=\"widget\" data-e-type=\"widget\" data-widget_type=\"heading.default\">\n\t\t\t\t<div class=\"elementor-widget-container\">\n\t\t\t\t\t<h2 class=\"elementor-heading-title elementor-size-default\">Z\u013eava z prov\u00edzie<span style=\"color:#DA2D16\">.<\/span><\/h2>\t\t\t\t<\/div>\n\t\t\t\t<\/div>\n\t\t\t\t<div class=\"elementor-element elementor-element-047d423 elementor-widget elementor-widget-text-editor\" data-id=\"047d423\" data-element_type=\"widget\" data-e-type=\"widget\" data-widget_type=\"text-editor.default\">\n\t\t\t\t<div class=\"elementor-widget-container\">\n\t\t\t\t\t\t\t\t\t<p>N\u00e1\u0161 model z\u013eavy z prov\u00edzie v\u00e1m umo\u017e\u0148uje z\u00edska\u0165 sp\u00e4\u0165 \u010das spreadov \u010di poplatku, ktor\u00e9 ste u\u017e zaplatili za svoje vlastn\u00e9 obchody s FXGlobe. Vypl\u00e1came z\u013eavy z oboch obchodn\u00fdch podmienok, tak\u017ee m\u00f4\u017eete zv\u00fd\u0161i\u0165 svoje zisky alebo zn\u00ed\u017ei\u0165 svoje straty. V\u00fd\u0161ka zliav, ktor\u00e9 z\u00edskate, z\u00e1vis\u00ed na veciach, s ktor\u00fdmi obchodujete a na objemu a mno\u017estvu transakci\u00ed. Z\u013eavy je mo\u017en\u00e9 vypo\u010d\u00edta\u0165 pomocou po\u010dtu pipov, percenta z prov\u00edzie alebo pod\u013ea USD za lot.<\/p>\n\t\t\t\t\t\t\t\t<\/div>\n\t\t\t\t<\/div>\n\t\t\t\t\t<\/div>\n\t\t\t\t<\/div>\n\t\t<div class=\"elementor-element elementor-element-a893fca e-flex e-con-boxed e-con e-parent\" data-id=\"a893fca\" data-element_type=\"container\" data-e-type=\"container\" data-settings=\"{&quot;background_background&quot;:&quot;classic&quot;}\">\n\t\t\t\t\t<div class=\"e-con-inner\">\n\t\t\t\t<div class=\"elementor-element elementor-element-2732e0e elementor-widget__width-inherit elementor-widget elementor-widget-heading\" data-id=\"2732e0e\" data-element_type=\"widget\" data-e-type=\"widget\" data-widget_type=\"heading.default\">\n\t\t\t\t<div class=\"elementor-widget-container\">\n\t\t\t\t\t<h2 class=\"elementor-heading-title elementor-size-default\">Prov\u00edzia z podielu na pr\u00edjmoch<span style=\"color:#DA2D16\">.<\/span><\/h2>\t\t\t\t<\/div>\n\t\t\t\t<\/div>\n\t\t\t\t<div class=\"elementor-element elementor-element-ee32d4c elementor-widget elementor-widget-text-editor\" data-id=\"ee32d4c\" data-element_type=\"widget\" data-e-type=\"widget\" data-widget_type=\"text-editor.default\">\n\t\t\t\t<div class=\"elementor-widget-container\">\n\t\t\t\t\t\t\t\t\t<p>V modelu podielu na pr\u00edjmoch, zn\u00e1my tie\u017e ako podiel na obrate alebo na spreadu, dost\u00e1vate percentu z pr\u00edjmov, ktor\u00e9 FXGlobe z\u00edska od obchodn\u00edkov, ktor\u00fdch k n\u00e1m po\u0161lete. Toto zah\u0155\u0148a podiel na zisku, str\u00e1tach a n\u00e1kupoch va\u0161ich akt\u00edvnych doporu\u010den\u00fdch klientov. Hlavn\u00fd benefit tohoto modelu je potenci\u00e1l pre dlhodob\u00e9 zisky, kedy v\u00e1m plat\u00edme tak dlho, dokia\u013e va\u0161i klienti akt\u00edvne obchoduj\u00fa. Preto\u017ee je t\u00e1to \u0161trukt\u00fara zameran\u00e1 na vz\u00e1jomn\u00fd a trval\u00fd \u00faspech, m\u00f4\u017eete zar\u00e1ba\u0165 dlho do bud\u00facna.<\/p>\n\t\t\t\t\t\t\t\t<\/div>\n\t\t\t\t<\/div>\n\t\t\t\t\t<\/div>\n\t\t\t\t<\/div>\n\t\t<div class=\"elementor-element elementor-element-026bca2 e-flex e-con-boxed e-con e-parent\" data-id=\"026bca2\" data-element_type=\"container\" data-e-type=\"container\" data-settings=\"{&quot;background_background&quot;:&quot;classic&quot;}\">\n\t\t\t\t\t<div class=\"e-con-inner\">\n\t\t\t\t<div class=\"elementor-element elementor-element-e90c438 elementor-widget__width-inherit elementor-widget elementor-widget-heading\" data-id=\"e90c438\" data-element_type=\"widget\" data-e-type=\"widget\" data-widget_type=\"heading.default\">\n\t\t\t\t<div class=\"elementor-widget-container\">\n\t\t\t\t\t<h2 class=\"elementor-heading-title elementor-size-default\">\nProv\u00edzia-CPA<span style=\"color:#DA2D16\">.<\/span><\/h2>\t\t\t\t<\/div>\n\t\t\t\t<\/div>\n\t\t\t\t<div class=\"elementor-element elementor-element-1231b7f elementor-widget elementor-widget-text-editor\" data-id=\"1231b7f\" data-element_type=\"widget\" data-e-type=\"widget\" data-widget_type=\"text-editor.default\">\n\t\t\t\t<div class=\"elementor-widget-container\">\n\t\t\t\t\t\t\t\t\t<p>Cena za akciu (CPA) je provizn\u00e1 \u0161trukt\u00fara, kedy v\u00e1m plat\u00edme za u\u017e\u00edvate\u013ea, ktor\u00ed urobia ur\u010dit\u00fa akciu, ako je registrovanie do obchodn\u00e9ho \u00fa\u010dtu, alebo n\u00e1m zavolaj\u00fa na telef\u00f3n. Tento model affiliate marketingu je vhodn\u00fd pre partnerov, ktor\u00ed chc\u00fa plynule za\u010dleni\u0165 reklamu na svoje webov\u00e9 str\u00e1nky. To znamen\u00e1, \u017ee odkazy m\u00f4\u017eete zahrn\u00fa\u0165 do dizajnu webu. Napr\u00edklad, ak nechcete pou\u017e\u00edva\u0165 reklamn\u00e9 bannery, m\u00f4\u017ee to by\u0165 dobr\u00e1 vo\u013eba.<\/p>\n\t\t\t\t\t\t\t\t<\/div>\n\t\t\t\t<\/div>\n\t\t\t\t\t<\/div>\n\t\t\t\t<\/div>\n\t\t<div class=\"elementor-element elementor-element-cf19c7c e-flex e-con-boxed e-con e-parent\" data-id=\"cf19c7c\" data-element_type=\"container\" data-e-type=\"container\" data-settings=\"{&quot;background_background&quot;:&quot;classic&quot;}\">\n\t\t\t\t\t<div class=\"e-con-inner\">\n\t\t\t\t<div class=\"elementor-element elementor-element-2e9eea4 elementor-widget__width-inherit elementor-widget elementor-widget-heading\" data-id=\"2e9eea4\" data-element_type=\"widget\" data-e-type=\"widget\" data-widget_type=\"heading.default\">\n\t\t\t\t<div class=\"elementor-widget-container\">\n\t\t\t\t\t<h2 class=\"elementor-heading-title elementor-size-default\">\u010eal\u0161ie z\u00e1kazky na mieru<span style=\"color:#DA2D16\">.<\/span><\/h2>\t\t\t\t<\/div>\n\t\t\t\t<\/div>\n\t\t\t\t<div class=\"elementor-element elementor-element-c4edfc4 elementor-widget elementor-widget-text-editor\" data-id=\"c4edfc4\" data-element_type=\"widget\" data-e-type=\"widget\" data-widget_type=\"text-editor.default\">\n\t\t\t\t<div class=\"elementor-widget-container\">\n\t\t\t\t\t\t\t\t\t<p>Ch\u00e1peme, \u017ee niektor\u00ed \u013eudia h\u013eadaj\u00fa in\u00fd druh partnerstva, nie\u010do prisp\u00f4soben\u00e9 ich obchodn\u00e9mu modelu. Ak m\u00e1te pocit, \u017ee medzi nami panuje ur\u010dit\u00e1 ch\u00e9mia pre dlhodob\u00e9 a d\u00f4veryhodn\u00e9 partnerstvo, ozvite sa n\u00e1m, aby sme o tom mohli podiskutova\u0165.<\/p>\n\t\t\t\t\t\t\t\t<\/div>\n\t\t\t\t<\/div>\n\t\t\t\t\t<\/div>\n\t\t\t\t<\/div>\n\t\t\t\t\t<\/div>\n\t\t\t\t<\/div>\n\t\t\t\t<\/div>\n\t\t","protected":false},"excerpt":{"rendered":"<p>Partneri Podmienky a prov\u00edzie. By\u0165 partnerom FXGlobe je ve\u013emi pr\u00ednosn\u00e9. Prov\u00edzia-CPL. Z\u00edskajte prov\u00edziu za ka\u017ed\u00e9ho potencion\u00e1lneho z\u00e1kazn\u00edka, ktor\u00e9ho privediete do FXGlobe pomocou na\u0161eho partnersk\u00e9ho affiliate programu CPL (\u010diastka za jednoho potencion\u00e1lneho z\u00e1kazn\u00edka). Je ide\u00e1lna pre webmasterov, SEO \u0161pecialistov a marketingov\u00fdch mana\u017e\u00e9rov, ktor\u00ed m\u00f4\u017eu sprostredkova\u0165 v\u00e4\u010d\u0161ie mno\u017estvo n\u00e1v\u0161tevnosti. Mo\u017enosti z\u00e1robku s\u00fa neobmedzen\u00e9! U\u017eivate\u013esky pr\u00edvetiv\u00e9 preh\u013eady pre [&hellip;]<\/p>\n","protected":false},"author":12,"featured_media":0,"parent":7475,"menu_order":0,"comment_status":"closed","ping_status":"closed","template":"","meta":{"_acf_changed":false,"_seopress_robots_primary_cat":"","_seopress_titles_title":"","_seopress_titles_desc":"","_seopress_robots_index":"","footnotes":""},"class_list":["post-7522","page","type-page","status-publish","hentry"],"acf":[],"_links":{"self":[{"href":"https:\/\/www.fxglobe.eu\/sk\/wp-json\/wp\/v2\/pages\/7522","targetHints":{"allow":["GET"]}}],"collection":[{"href":"https:\/\/www.fxglobe.eu\/sk\/wp-json\/wp\/v2\/pages"}],"about":[{"href":"https:\/\/www.fxglobe.eu\/sk\/wp-json\/wp\/v2\/types\/page"}],"author":[{"embeddable":true,"href":"https:\/\/www.fxglobe.eu\/sk\/wp-json\/wp\/v2\/users\/12"}],"replies":[{"embeddable":true,"href":"https:\/\/www.fxglobe.eu\/sk\/wp-json\/wp\/v2\/comments?post=7522"}],"version-history":[{"count":0,"href":"https:\/\/www.fxglobe.eu\/sk\/wp-json\/wp\/v2\/pages\/7522\/revisions"}],"up":[{"embeddable":true,"href":"https:\/\/www.fxglobe.eu\/sk\/wp-json\/wp\/v2\/pages\/7475"}],"wp:attachment":[{"href":"https:\/\/www.fxglobe.eu\/sk\/wp-json\/wp\/v2\/media?parent=7522"}],"curies":[{"name":"wp","href":"https:\/\/api.w.org\/{rel}","templated":true}]}}