{"id":7566,"date":"2022-09-21T11:59:57","date_gmt":"2022-09-21T11:59:57","guid":{"rendered":"https:\/\/fxglobeeu.wpenginepowered.com\/kontakt\/"},"modified":"2025-12-15T15:24:38","modified_gmt":"2025-12-15T15:24:38","slug":"kontakt","status":"publish","type":"page","link":"https:\/\/www.fxglobe.eu\/sk\/kontakt\/","title":{"rendered":"Kontakt"},"content":{"rendered":"\t\t<div data-elementor-type=\"wp-page\" data-elementor-id=\"7566\" class=\"elementor elementor-7566 elementor-508\" data-elementor-post-type=\"page\">\n\t\t\t\t<div class=\"elementor-element elementor-element-b918f86 e-con-full e-flex e-con e-parent\" data-id=\"b918f86\" data-element_type=\"container\" data-e-type=\"container\">\n\t\t<div class=\"elementor-element elementor-element-7fe6b41 e-flex e-con-boxed e-con e-child\" data-id=\"7fe6b41\" data-element_type=\"container\" data-e-type=\"container\" data-settings=\"{&quot;background_background&quot;:&quot;classic&quot;}\">\n\t\t\t\t\t<div class=\"e-con-inner\">\n\t\t\t\t<div class=\"elementor-element elementor-element-30c983e elementor-widget__width-initial elementor-absolute animated-slow elementor-invisible elementor-widget elementor-widget-image\" data-id=\"30c983e\" data-element_type=\"widget\" data-e-type=\"widget\" data-settings=\"{&quot;_position&quot;:&quot;absolute&quot;,&quot;_animation&quot;:&quot;fadeInLeft&quot;}\" data-widget_type=\"image.default\">\n\t\t\t\t<div class=\"elementor-widget-container\">\n\t\t\t\t\t\t\t\t\t\t\t\t\t\t\t<img decoding=\"async\" width=\"117\" height=\"153\" src=\"https:\/\/www.fxglobe.eu\/wp-content\/uploads\/2022\/09\/Big-ball-left.png\" class=\"attachment-full size-full wp-image-7608\" alt=\"\" \/>\t\t\t\t\t\t\t\t\t\t\t\t\t\t\t<\/div>\n\t\t\t\t<\/div>\n\t\t<div class=\"elementor-element elementor-element-b95003e e-con-full e-flex e-con e-child\" data-id=\"b95003e\" data-element_type=\"container\" data-e-type=\"container\">\n\t\t\t\t<div class=\"elementor-element elementor-element-3eaa836 elementor-widget__width-inherit elementor-widget elementor-widget-heading\" data-id=\"3eaa836\" data-element_type=\"widget\" data-e-type=\"widget\" data-widget_type=\"heading.default\">\n\t\t\t\t<div class=\"elementor-widget-container\">\n\t\t\t\t\t<h6 class=\"elementor-heading-title elementor-size-default\">Kontakt<\/h6>\t\t\t\t<\/div>\n\t\t\t\t<\/div>\n\t\t\t\t<div class=\"elementor-element elementor-element-03d6db0 elementor-widget__width-inherit elementor-widget elementor-widget-heading\" data-id=\"03d6db0\" data-element_type=\"widget\" data-e-type=\"widget\" data-widget_type=\"heading.default\">\n\t\t\t\t<div class=\"elementor-widget-container\">\n\t\t\t\t\t<h1 class=\"elementor-heading-title elementor-size-default\">Spojte sa s nami<span style=\"color:#DA2D16\">.<\/span><\/h1>\t\t\t\t<\/div>\n\t\t\t\t<\/div>\n\t\t\t\t<div class=\"elementor-element elementor-element-06a4747 elementor-widget elementor-widget-text-editor\" data-id=\"06a4747\" data-element_type=\"widget\" data-e-type=\"widget\" data-widget_type=\"text-editor.default\">\n\t\t\t\t<div class=\"elementor-widget-container\">\n\t\t\t\t\t\t\t\t\t<p>Ak m\u00e1te ak\u00e9ko\u013evek dotazy k na\u0161im produktom \u010di slu\u017eb\u00e1m, alebo potrebujete pom\u00f4c\u0165 s nastaven\u00edm \u00fa\u010dtu, kontaktujte n\u00e1s.<\/p>\t\t\t\t\t\t\t\t<\/div>\n\t\t\t\t<\/div>\n\t\t\t\t<\/div>\n\t\t<div class=\"elementor-element elementor-element-50b928d e-con-full e-flex e-con e-child\" data-id=\"50b928d\" data-element_type=\"container\" data-e-type=\"container\" data-settings=\"{&quot;background_background&quot;:&quot;classic&quot;}\">\n\t\t\t\t<div class=\"elementor-element elementor-element-60ee805 elementor-widget elementor-widget-heading\" data-id=\"60ee805\" data-element_type=\"widget\" data-e-type=\"widget\" data-widget_type=\"heading.default\">\n\t\t\t\t<div class=\"elementor-widget-container\">\n\t\t\t\t\t<h2 class=\"elementor-heading-title elementor-size-default\">Po\u0161lite n\u00e1m spr\u00e1vu.<\/h2>\t\t\t\t<\/div>\n\t\t\t\t<\/div>\n\t\t\t\t<div class=\"elementor-element elementor-element-197b6b3 elementor-button-align-stretch elementor-widget elementor-widget-form\" data-id=\"197b6b3\" data-element_type=\"widget\" data-e-type=\"widget\" data-settings=\"{&quot;step_next_label&quot;:&quot;\\u010eal\\u0161ie&quot;,&quot;step_previous_label&quot;:&quot;Predo\\u0161l\\u00e9&quot;,&quot;button_width&quot;:&quot;100&quot;,&quot;step_type&quot;:&quot;number_text&quot;,&quot;step_icon_shape&quot;:&quot;circle&quot;}\" data-widget_type=\"form.default\">\n\t\t\t\t<div class=\"elementor-widget-container\">\n\t\t\t\t\t\t\t<form class=\"elementor-form\" method=\"post\" name=\"Kontaktn\u00fd formul\u00e1r\" aria-label=\"Kontaktn\u00fd formul\u00e1r\">\n\t\t\t<input type=\"hidden\" name=\"post_id\" value=\"7566\"\/>\n\t\t\t<input type=\"hidden\" name=\"form_id\" value=\"197b6b3\"\/>\n\t\t\t<input type=\"hidden\" name=\"referer_title\" value=\"\" \/>\n\n\t\t\t\n\t\t\t<div class=\"elementor-form-fields-wrapper elementor-labels-\">\n\t\t\t\t\t\t\t\t<div class=\"elementor-field-type-text elementor-field-group elementor-column elementor-field-group-f_name elementor-col-50 elementor-field-required\">\n\t\t\t\t\t\t\t\t\t\t\t\t<label for=\"form-field-f_name\" class=\"elementor-field-label elementor-screen-only\">\n\t\t\t\t\t\t\t\tKrstn\u00e9 meno\t\t\t\t\t\t\t<\/label>\n\t\t\t\t\t\t\t\t\t\t\t\t\t\t<input size=\"1\" type=\"text\" name=\"form_fields[f_name]\" id=\"form-field-f_name\" class=\"elementor-field elementor-size-sm  elementor-field-textual\" placeholder=\"Krstn\u00e9 meno\" required=\"required\">\n\t\t\t\t\t\t\t\t\t\t\t<\/div>\n\t\t\t\t\t\t\t\t<div class=\"elementor-field-type-text elementor-field-group elementor-column elementor-field-group-l_name elementor-col-50 elementor-field-required\">\n\t\t\t\t\t\t\t\t\t\t\t\t<label for=\"form-field-l_name\" class=\"elementor-field-label elementor-screen-only\">\n\t\t\t\t\t\t\t\tPriezvisko\t\t\t\t\t\t\t<\/label>\n\t\t\t\t\t\t\t\t\t\t\t\t\t\t<input size=\"1\" type=\"text\" name=\"form_fields[l_name]\" id=\"form-field-l_name\" class=\"elementor-field elementor-size-sm  elementor-field-textual\" placeholder=\"Priezvisko\" required=\"required\">\n\t\t\t\t\t\t\t\t\t\t\t<\/div>\n\t\t\t\t\t\t\t\t<div class=\"elementor-field-type-text elementor-field-group elementor-column elementor-field-group-phone elementor-col-100 elementor-field-required\">\n\t\t\t\t\t\t\t\t\t\t\t\t<label for=\"form-field-phone\" class=\"elementor-field-label elementor-screen-only\">\n\t\t\t\t\t\t\t\tTelef\u00f3nne \u010d\u00edslo\t\t\t\t\t\t\t<\/label>\n\t\t\t\t\t\t\t\t\t\t\t\t\t\t<input size=\"1\" type=\"text\" name=\"form_fields[phone]\" id=\"form-field-phone\" class=\"elementor-field elementor-size-sm  elementor-field-textual\" placeholder=\"Telef\u00f3nne \u010d\u00edslo\" required=\"required\">\n\t\t\t\t\t\t\t\t\t\t\t<\/div>\n\t\t\t\t\t\t\t\t<div class=\"elementor-field-type-email elementor-field-group elementor-column elementor-field-group-email elementor-col-100 elementor-field-required\">\n\t\t\t\t\t\t\t\t\t\t\t\t<label for=\"form-field-email\" class=\"elementor-field-label elementor-screen-only\">\n\t\t\t\t\t\t\t\tEmail\t\t\t\t\t\t\t<\/label>\n\t\t\t\t\t\t\t\t\t\t\t\t\t\t<input size=\"1\" type=\"email\" name=\"form_fields[email]\" id=\"form-field-email\" class=\"elementor-field elementor-size-sm  elementor-field-textual\" placeholder=\"V\u00e1\u0161 Email\" required=\"required\">\n\t\t\t\t\t\t\t\t\t\t\t<\/div>\n\t\t\t\t\t\t\t\t<div class=\"elementor-field-type-textarea elementor-field-group elementor-column elementor-field-group-message elementor-col-100\">\n\t\t\t\t\t\t\t\t\t\t\t\t<label for=\"form-field-message\" class=\"elementor-field-label elementor-screen-only\">\n\t\t\t\t\t\t\t\tSpr\u00e1va\t\t\t\t\t\t\t<\/label>\n\t\t\t\t\t\t<textarea class=\"elementor-field-textual elementor-field  elementor-size-sm\" name=\"form_fields[message]\" id=\"form-field-message\" rows=\"4\" placeholder=\"Spr\u00e1va\"><\/textarea>\t\t\t\t<\/div>\n\t\t\t\t\t\t\t\t<div class=\"elementor-field-type-acceptance elementor-field-group elementor-column elementor-field-group-field_ff10ee3 elementor-col-100 elementor-field-required\">\n\t\t\t\t\t\t\t<div class=\"elementor-field-subgroup\">\n\t\t\t<span class=\"elementor-field-option\">\n\t\t\t\t<input type=\"checkbox\" name=\"form_fields[field_ff10ee3]\" id=\"form-field-field_ff10ee3\" class=\"elementor-field elementor-size-sm  elementor-acceptance-field\" required=\"required\">\n\t\t\t\t<label for=\"form-field-field_ff10ee3\">S\u00fahlas\u00edm s t\u00fdm, aby spolo\u010dnos\u0165 FXGlobe Limited uchov\u00e1vala a zpracov\u00e1vala moje osobn\u00e9 \u00fadaje.<\/label>\t\t\t<\/span>\n\t\t<\/div>\n\t\t\t\t\t\t<\/div>\n\t\t\t\t\t\t\t\t<div class=\"elementor-field-group elementor-column elementor-field-type-submit elementor-col-100 e-form__buttons\">\n\t\t\t\t\t<button class=\"elementor-button elementor-size-sm\" type=\"submit\">\n\t\t\t\t\t\t<span class=\"elementor-button-content-wrapper\">\n\t\t\t\t\t\t\t\t\t\t\t\t\t\t\t\t\t\t\t\t\t\t<span class=\"elementor-button-text\">Posla\u0165 spr\u00e1vu<\/span>\n\t\t\t\t\t\t\t\t\t\t\t\t\t<\/span>\n\t\t\t\t\t<\/button>\n\t\t\t\t<\/div>\n\t\t\t<\/div>\n\t\t<input\n                    class=\"apbct_special_field apbct_email_id__elementor_form\"\n                    name=\"apbct__email_id__elementor_form\"\n                    aria-label=\"apbct__label_id__elementor_form\"\n                    type=\"text\" size=\"30\" maxlength=\"200\" autocomplete=\"off\"\n                    value=\"\"\n                \/><\/form>\n\t\t\t\t\t\t<\/div>\n\t\t\t\t<\/div>\n\t\t\t\t<\/div>\n\t\t\t\t\t<\/div>\n\t\t\t\t<\/div>\n\t\t\t\t<\/div>\n\t\t<div class=\"elementor-element elementor-element-bd9d020 e-flex e-con-boxed e-con e-parent\" data-id=\"bd9d020\" data-element_type=\"container\" data-e-type=\"container\">\n\t\t\t\t\t<div class=\"e-con-inner\">\n\t\t<div class=\"elementor-element elementor-element-f79cef4 e-con-full e-flex e-con e-child\" data-id=\"f79cef4\" data-element_type=\"container\" data-e-type=\"container\">\n\t\t\t\t<div class=\"elementor-element elementor-element-c14afe6 elementor-icon-list--layout-traditional elementor-list-item-link-full_width elementor-widget elementor-widget-icon-list\" data-id=\"c14afe6\" data-element_type=\"widget\" data-e-type=\"widget\" data-widget_type=\"icon-list.default\">\n\t\t\t\t<div class=\"elementor-widget-container\">\n\t\t\t\t\t\t\t<ul class=\"elementor-icon-list-items\">\n\t\t\t\t\t\t\t<li class=\"elementor-icon-list-item\">\n\t\t\t\t\t\t\t\t\t\t\t<a href=\"tel:+35725262681\">\n\n\t\t\t\t\t\t\t\t\t\t\t\t<span class=\"elementor-icon-list-icon\">\n\t\t\t\t\t\t\t<svg xmlns=\"http:\/\/www.w3.org\/2000\/svg\" width=\"22\" height=\"22\" viewBox=\"0 0 22 22\" fill=\"none\"><path d=\"M17.8197 11.9166C17.6181 11.9166 17.4072 11.8525 17.2056 11.8066C16.7972 11.7167 16.3958 11.5972 16.0047 11.4491C15.5795 11.2944 15.112 11.3025 14.6923 11.4717C14.2727 11.6409 13.9304 11.9594 13.7314 12.3658L13.5297 12.7783C12.6369 12.2816 11.8165 11.6648 11.0914 10.945C10.3716 10.2199 9.75473 9.39948 9.25806 8.50665L9.64306 8.24998C10.0495 8.05099 10.3679 7.70872 10.5372 7.28903C10.7064 6.86935 10.7144 6.4019 10.5597 5.97665C10.4142 5.5847 10.2948 5.18355 10.2022 4.77581C10.1564 4.57415 10.1197 4.36331 10.0922 4.15248C9.98091 3.5068 9.64272 2.92208 9.13855 2.50362C8.63438 2.08516 7.99736 1.86046 7.34223 1.86998H4.59223C4.19717 1.86627 3.80596 1.94773 3.44521 2.1088C3.08446 2.26987 2.76266 2.50679 2.5017 2.80341C2.24075 3.10003 2.04677 3.44939 1.93297 3.82772C1.81916 4.20605 1.78822 4.60445 1.84223 4.99581C2.33057 8.83608 4.08442 12.4042 6.82674 15.1366C9.56906 17.8689 13.1435 19.6098 16.9856 20.0841H17.3339C18.0099 20.0851 18.6625 19.8371 19.1672 19.3875C19.4572 19.1281 19.6889 18.8101 19.8469 18.4546C20.0049 18.0991 20.0857 17.714 20.0839 17.325V14.575C20.0727 13.9382 19.8408 13.3252 19.4279 12.8403C19.0149 12.3555 18.4466 12.0291 17.8197 11.9166ZM18.2781 17.4166C18.2779 17.5468 18.25 17.6754 18.1963 17.794C18.1425 17.9125 18.0642 18.0182 17.9664 18.1041C17.8643 18.1931 17.7445 18.2594 17.615 18.2989C17.4855 18.3384 17.3491 18.3501 17.2147 18.3333C13.7817 17.8931 10.5929 16.3226 8.15138 13.8694C5.70982 11.4162 4.15444 8.22004 3.73056 4.78498C3.71597 4.65071 3.72876 4.51487 3.76814 4.38567C3.80753 4.25648 3.87271 4.13661 3.95973 4.03331C4.04563 3.93553 4.15137 3.85717 4.26991 3.80343C4.38845 3.74969 4.51707 3.72181 4.64723 3.72165H7.39723C7.61039 3.7169 7.81855 3.78662 7.98586 3.9188C8.15317 4.05097 8.26917 4.23734 8.31389 4.44581C8.35056 4.69637 8.39639 4.94387 8.45139 5.18831C8.55729 5.67153 8.69821 6.1464 8.87306 6.60915L7.58973 7.20498C7.48 7.25532 7.3813 7.32685 7.29929 7.41544C7.21728 7.50404 7.15358 7.60796 7.11184 7.72124C7.07011 7.83452 7.05116 7.95493 7.05609 8.07556C7.06102 8.19618 7.08972 8.31465 7.14056 8.42415C8.45983 11.25 10.7314 13.5215 13.5572 14.8408C13.7804 14.9325 14.0307 14.9325 14.2539 14.8408C14.3682 14.7999 14.4733 14.7367 14.563 14.6549C14.6527 14.5731 14.7252 14.4742 14.7764 14.3641L15.3447 13.0808C15.8186 13.2503 16.3023 13.3911 16.7931 13.5025C17.0375 13.5575 17.285 13.6033 17.5356 13.64C17.744 13.6847 17.9304 13.8007 18.0626 13.968C18.1948 14.1353 18.2645 14.3435 18.2597 14.5566L18.2781 17.4166Z\" fill=\"#DA2D16\"><\/path><\/svg>\t\t\t\t\t\t<\/span>\n\t\t\t\t\t\t\t\t\t\t<span class=\"elementor-icon-list-text\">+357 25262681<\/span>\n\t\t\t\t\t\t\t\t\t\t\t<\/a>\n\t\t\t\t\t\t\t\t\t<\/li>\n\t\t\t\t\t\t<\/ul>\n\t\t\t\t\t\t<\/div>\n\t\t\t\t<\/div>\n\t\t\t\t<div class=\"elementor-element elementor-element-b6dfa8e elementor-icon-list--layout-traditional elementor-list-item-link-full_width elementor-widget elementor-widget-icon-list\" data-id=\"b6dfa8e\" data-element_type=\"widget\" data-e-type=\"widget\" data-widget_type=\"icon-list.default\">\n\t\t\t\t<div class=\"elementor-widget-container\">\n\t\t\t\t\t\t\t<ul class=\"elementor-icon-list-items\">\n\t\t\t\t\t\t\t<li class=\"elementor-icon-list-item\">\n\t\t\t\t\t\t\t\t\t\t\t<a href=\"mailto:support@fxglobe.eu\">\n\n\t\t\t\t\t\t\t\t\t\t\t\t<span class=\"elementor-icon-list-icon\">\n\t\t\t\t\t\t\t<svg xmlns=\"http:\/\/www.w3.org\/2000\/svg\" width=\"22\" height=\"22\" viewBox=\"0 0 22 22\" fill=\"none\"><path d=\"M17.4193 3.66669H4.58594C3.85659 3.66669 3.15712 3.95642 2.64139 4.47214C2.12567 4.98787 1.83594 5.68734 1.83594 6.41669V15.5834C1.83594 16.3127 2.12567 17.0122 2.64139 17.5279C3.15712 18.0436 3.85659 18.3334 4.58594 18.3334H17.4193C18.1486 18.3334 18.8481 18.0436 19.3638 17.5279C19.8795 17.0122 20.1693 16.3127 20.1693 15.5834V6.41669C20.1693 5.68734 19.8795 4.98787 19.3638 4.47214C18.8481 3.95642 18.1486 3.66669 17.4193 3.66669ZM17.0434 5.50002L11.6534 10.89C11.5682 10.9759 11.4668 11.0441 11.3551 11.0907C11.2434 11.1372 11.1236 11.1612 11.0026 11.1612C10.8816 11.1612 10.7618 11.1372 10.6501 11.0907C10.5384 11.0441 10.437 10.9759 10.3518 10.89L4.96177 5.50002H17.0434ZM18.3359 15.5834C18.3359 15.8265 18.2394 16.0596 18.0675 16.2315C17.8955 16.4034 17.6624 16.5 17.4193 16.5H4.58594C4.34282 16.5 4.10966 16.4034 3.93776 16.2315C3.76585 16.0596 3.66927 15.8265 3.66927 15.5834V6.79252L9.05927 12.1825C9.5749 12.6975 10.2739 12.9868 11.0026 12.9868C11.7314 12.9868 12.4303 12.6975 12.9459 12.1825L18.3359 6.79252V15.5834Z\" fill=\"#DA2D16\"><\/path><\/svg>\t\t\t\t\t\t<\/span>\n\t\t\t\t\t\t\t\t\t\t<span class=\"elementor-icon-list-text\">support@fxglobe.eu<\/span>\n\t\t\t\t\t\t\t\t\t\t\t<\/a>\n\t\t\t\t\t\t\t\t\t<\/li>\n\t\t\t\t\t\t<\/ul>\n\t\t\t\t\t\t<\/div>\n\t\t\t\t<\/div>\n\t\t\t\t<div class=\"elementor-element elementor-element-d4c3d55 elementor-icon-list--layout-traditional elementor-list-item-link-full_width elementor-widget elementor-widget-icon-list\" data-id=\"d4c3d55\" data-element_type=\"widget\" data-e-type=\"widget\" data-widget_type=\"icon-list.default\">\n\t\t\t\t<div class=\"elementor-widget-container\">\n\t\t\t\t\t\t\t<ul class=\"elementor-icon-list-items\">\n\t\t\t\t\t\t\t<li class=\"elementor-icon-list-item\">\n\t\t\t\t\t\t\t\t\t\t\t<span class=\"elementor-icon-list-icon\">\n\t\t\t\t\t\t\t<svg xmlns=\"http:\/\/www.w3.org\/2000\/svg\" width=\"22\" height=\"22\" viewBox=\"0 0 22 22\" fill=\"none\"><path d=\"M11.0885 1.70874C9.27555 1.70874 7.50327 2.24636 5.99582 3.2536C4.48837 4.26085 3.31345 5.69249 2.61965 7.36748C1.92585 9.04246 1.74432 10.8856 2.09801 12.6637C2.45171 14.4419 3.32475 16.0752 4.60673 17.3572C5.88872 18.6392 7.52206 19.5122 9.30022 19.8659C11.0784 20.2196 12.9215 20.0381 14.5965 19.3443C16.2715 18.6505 17.7031 17.4756 18.7104 15.9681C19.7176 14.4607 20.2552 12.6884 20.2552 10.8754C20.2552 9.67162 20.0181 8.47963 19.5574 7.36748C19.0968 6.25532 18.4216 5.2448 17.5704 4.39359C16.7192 3.54239 15.7086 2.86718 14.5965 2.40651C13.4843 1.94584 12.2923 1.70874 11.0885 1.70874ZM11.0885 18.2087C9.63815 18.2087 8.22032 17.7786 7.01436 16.9728C5.8084 16.1671 4.86847 15.0217 4.31343 13.6818C3.75839 12.3418 3.61316 10.8673 3.89612 9.44474C4.17908 8.02222 4.87751 6.71554 5.9031 5.68996C6.92868 4.66437 8.23536 3.96594 9.65788 3.68298C11.0804 3.40002 12.5549 3.54525 13.8949 4.10029C15.2349 4.65533 16.3802 5.59526 17.186 6.80122C17.9918 8.00719 18.4219 9.42501 18.4219 10.8754C18.4219 12.8203 17.6493 14.6856 16.274 16.0609C14.8987 17.4361 13.0335 18.2087 11.0885 18.2087ZM13.9302 11.4529L12.0052 10.3437V6.29207C12.0052 6.04896 11.9086 5.8158 11.7367 5.64389C11.5648 5.47198 11.3317 5.37541 11.0885 5.37541C10.8454 5.37541 10.6123 5.47198 10.4404 5.64389C10.2685 5.8158 10.1719 6.04896 10.1719 6.29207V10.8754C10.1719 10.8754 10.1719 10.9487 10.1719 10.9854C10.1773 11.0486 10.1928 11.1105 10.2177 11.1687C10.2366 11.2231 10.2612 11.2754 10.291 11.3246C10.3161 11.3767 10.3469 11.4259 10.3827 11.4712L10.5294 11.5904L10.6119 11.6729L12.9952 13.0479C13.1349 13.1271 13.293 13.1682 13.4535 13.1671C13.6565 13.1685 13.8542 13.1025 14.0156 12.9795C14.1771 12.8564 14.2931 12.6833 14.3455 12.4872C14.3979 12.2911 14.3838 12.0832 14.3053 11.896C14.2269 11.7088 14.0885 11.553 13.9119 11.4529H13.9302Z\" fill=\"#DA2D16\"><\/path><\/svg>\t\t\t\t\t\t<\/span>\n\t\t\t\t\t\t\t\t\t\t<span class=\"elementor-icon-list-text\"><strong>Pon-Pia:<\/strong> 8:00 - 18:00 (6am-4pm GMT) &nbsp;&nbsp;&nbsp;<strong>So-Ne:<\/strong> Nepracujeme<\/span>\n\t\t\t\t\t\t\t\t\t<\/li>\n\t\t\t\t\t\t<\/ul>\n\t\t\t\t\t\t<\/div>\n\t\t\t\t<\/div>\n\t\t\t\t<\/div>\n\t\t\t\t\t<\/div>\n\t\t\t\t<\/div>\n\t\t\t\t<\/div>\n\t\t","protected":false},"excerpt":{"rendered":"<p>Kontakt Spojte sa s nami. Ak m\u00e1te ak\u00e9ko\u013evek dotazy k na\u0161im produktom \u010di slu\u017eb\u00e1m, alebo potrebujete pom\u00f4c\u0165 s nastaven\u00edm \u00fa\u010dtu, kontaktujte n\u00e1s. Po\u0161lite n\u00e1m spr\u00e1vu. +357 25262681 support@fxglobe.eu Pon-Pia: 8:00 &#8211; 18:00 (6am-4pm GMT) &nbsp;&nbsp;&nbsp;So-Ne: Nepracujeme<\/p>\n","protected":false},"author":12,"featured_media":0,"parent":0,"menu_order":0,"comment_status":"closed","ping_status":"closed","template":"","meta":{"_acf_changed":false,"_seopress_robots_primary_cat":"","_seopress_titles_title":"","_seopress_titles_desc":"","_seopress_robots_index":"","footnotes":""},"class_list":["post-7566","page","type-page","status-publish","hentry"],"acf":[],"_links":{"self":[{"href":"https:\/\/www.fxglobe.eu\/sk\/wp-json\/wp\/v2\/pages\/7566","targetHints":{"allow":["GET"]}}],"collection":[{"href":"https:\/\/www.fxglobe.eu\/sk\/wp-json\/wp\/v2\/pages"}],"about":[{"href":"https:\/\/www.fxglobe.eu\/sk\/wp-json\/wp\/v2\/types\/page"}],"author":[{"embeddable":true,"href":"https:\/\/www.fxglobe.eu\/sk\/wp-json\/wp\/v2\/users\/12"}],"replies":[{"embeddable":true,"href":"https:\/\/www.fxglobe.eu\/sk\/wp-json\/wp\/v2\/comments?post=7566"}],"version-history":[{"count":0,"href":"https:\/\/www.fxglobe.eu\/sk\/wp-json\/wp\/v2\/pages\/7566\/revisions"}],"wp:attachment":[{"href":"https:\/\/www.fxglobe.eu\/sk\/wp-json\/wp\/v2\/media?parent=7566"}],"curies":[{"name":"wp","href":"https:\/\/api.w.org\/{rel}","templated":true}]}}