{"id":7666,"date":"2022-09-21T12:34:46","date_gmt":"2022-09-21T12:34:46","guid":{"rendered":"https:\/\/fxglobeeu.wpenginepowered.com\/pravne-dokumenty\/"},"modified":"2025-12-15T16:47:21","modified_gmt":"2025-12-15T16:47:21","slug":"pravne-dokumenty","status":"publish","type":"page","link":"https:\/\/www.fxglobe.eu\/sk\/obchodovanie\/pravne-dokumenty\/","title":{"rendered":"Pr\u00e1vne dokumenty"},"content":{"rendered":"\t\t<div data-elementor-type=\"wp-page\" data-elementor-id=\"7666\" class=\"elementor elementor-7666 elementor-562\" data-elementor-post-type=\"page\">\n\t\t\t\t<div class=\"elementor-element elementor-element-64623ad e-con-full e-flex e-con e-parent\" data-id=\"64623ad\" data-element_type=\"container\" data-e-type=\"container\">\n\t\t\t\t<div class=\"elementor-element elementor-element-2f9c884 elementor-absolute elementor-hidden-mobile elementor-invisible elementor-widget elementor-widget-image\" data-id=\"2f9c884\" data-element_type=\"widget\" data-e-type=\"widget\" data-settings=\"{&quot;_position&quot;:&quot;absolute&quot;,&quot;motion_fx_motion_fx_mouse&quot;:&quot;yes&quot;,&quot;motion_fx_mouseTrack_effect&quot;:&quot;yes&quot;,&quot;motion_fx_mouseTrack_speed&quot;:{&quot;unit&quot;:&quot;px&quot;,&quot;size&quot;:0.2,&quot;sizes&quot;:[]},&quot;_animation&quot;:&quot;zoomIn&quot;}\" data-widget_type=\"image.default\">\n\t\t\t\t<div class=\"elementor-widget-container\">\n\t\t\t\t\t\t\t\t\t\t\t\t\t\t\t<img decoding=\"async\" width=\"33\" height=\"33\" src=\"https:\/\/www.fxglobe.eu\/wp-content\/uploads\/2022\/09\/orange-ball.svg\" class=\"attachment-full size-full wp-image-7473\" alt=\"\" \/>\t\t\t\t\t\t\t\t\t\t\t\t\t\t\t<\/div>\n\t\t\t\t<\/div>\n\t\t<div class=\"elementor-element elementor-element-ccf0a30 e-con-full e-flex e-con e-child\" data-id=\"ccf0a30\" data-element_type=\"container\" data-e-type=\"container\" data-settings=\"{&quot;background_background&quot;:&quot;classic&quot;}\">\n\t\t\t\t<div class=\"elementor-element elementor-element-7533332 elementor-widget__width-initial elementor-absolute animated-slow elementor-invisible elementor-widget elementor-widget-image\" data-id=\"7533332\" data-element_type=\"widget\" data-e-type=\"widget\" data-settings=\"{&quot;_position&quot;:&quot;absolute&quot;,&quot;_animation&quot;:&quot;fadeInLeft&quot;}\" data-widget_type=\"image.default\">\n\t\t\t\t<div class=\"elementor-widget-container\">\n\t\t\t\t\t\t\t\t\t\t\t\t\t\t\t<img decoding=\"async\" width=\"117\" height=\"153\" src=\"https:\/\/www.fxglobe.eu\/wp-content\/uploads\/2022\/09\/Big-ball-left.png\" class=\"attachment-full size-full wp-image-7608\" alt=\"\" \/>\t\t\t\t\t\t\t\t\t\t\t\t\t\t\t<\/div>\n\t\t\t\t<\/div>\n\t\t<div class=\"elementor-element elementor-element-e5f8c0b e-con-full e-flex e-con e-child\" data-id=\"e5f8c0b\" data-element_type=\"container\" data-e-type=\"container\">\n\t\t\t\t<div class=\"elementor-element elementor-element-b740344 elementor-widget__width-inherit elementor-widget elementor-widget-heading\" data-id=\"b740344\" data-element_type=\"widget\" data-e-type=\"widget\" data-widget_type=\"heading.default\">\n\t\t\t\t<div class=\"elementor-widget-container\">\n\t\t\t\t\t<h6 class=\"elementor-heading-title elementor-size-default\">O n\u00e1s<\/h6>\t\t\t\t<\/div>\n\t\t\t\t<\/div>\n\t\t\t\t<div class=\"elementor-element elementor-element-fe5e795 elementor-widget__width-inherit elementor-widget elementor-widget-heading\" data-id=\"fe5e795\" data-element_type=\"widget\" data-e-type=\"widget\" data-widget_type=\"heading.default\">\n\t\t\t\t<div class=\"elementor-widget-container\">\n\t\t\t\t\t<h1 class=\"elementor-heading-title elementor-size-default\">Pr\u00e1vne dokumenty<span style=\"color:#DA2D16\">.<\/span><\/h1>\t\t\t\t<\/div>\n\t\t\t\t<\/div>\n\t\t\t\t<\/div>\n\t\t\t\t<\/div>\n\t\t\t\t<\/div>\n\t\t<div class=\"elementor-element elementor-element-6caa244 e-flex e-con-boxed e-con e-parent\" data-id=\"6caa244\" data-element_type=\"container\" data-e-type=\"container\">\n\t\t\t\t\t<div class=\"e-con-inner\">\n\t\t<div class=\"elementor-element elementor-element-8c111e3 e-flex e-con-boxed e-con e-child\" data-id=\"8c111e3\" data-element_type=\"container\" data-e-type=\"container\" data-settings=\"{&quot;background_background&quot;:&quot;classic&quot;}\">\n\t\t\t\t\t<div class=\"e-con-inner\">\n\t\t\t\t<div class=\"elementor-element elementor-element-919de90 elementor-widget__width-inherit elementor-widget elementor-widget-heading\" data-id=\"919de90\" data-element_type=\"widget\" data-e-type=\"widget\" data-widget_type=\"heading.default\">\n\t\t\t\t<div class=\"elementor-widget-container\">\n\t\t\t\t\t<h2 class=\"elementor-heading-title elementor-size-default\">Dokumenty<span style=\"color:#DA2D16\">.<\/span><\/h2>\t\t\t\t<\/div>\n\t\t\t\t<\/div>\n\t\t\t\t<div class=\"elementor-element elementor-element-35cc106 elementor-widget elementor-widget-text-editor\" data-id=\"35cc106\" data-element_type=\"widget\" data-e-type=\"widget\" data-widget_type=\"text-editor.default\">\n\t\t\t\t<div class=\"elementor-widget-container\">\n\t\t\t\t\t\t\t\t\t<p>A teraz tie nudnej\u0161ie veci. Pred obchodovan\u00edm sa uistite, \u017ee rozumiete t\u00fdmto dokumentom. Doporu\u010dujeme v\u00e1m nalia\u0165 si nie\u010do dobr\u00e9, posadi\u0165 sa k ve\u010deru pln\u00e9mu \u010d\u00edtania a da\u0165 si nohy na st\u00f4l.<\/p><p>Ke\u010f\u017ee sa jedn\u00e1 o regulovan\u00e9ho brokera, je d\u00f4le\u017eit\u00e9, aby ste t\u00fdmto podmienkam pred obchodovan\u00edm rozumeli. Pokia\u013e potrebujete papierov\u00fa k\u00f3piu dokument\u00e1cie alebo m\u00e1te ak\u00e9ko\u013evek dotazy \u010di pripomienky, <a href=\"https:\/\/www.fxglobe.eu\/sk\/kontakt\/\">kontaktuje n\u00e1s.<\/a><\/p><p>&#8211; <a href=\"https:\/\/www.fxglobe.eu\/wp-content\/uploads\/2024\/02\/FXGlobe_Securities-Dealing-Agreement_Version-04.2023-1.pdf\" target=\"_blank\" rel=\"noopener\">Securities Services Agreement<\/a><\/p><p><span data-preserver-spaces=\"true\">&#8211; <\/span><a class=\"editor-rtfLink\" href=\"https:\/\/www.fxglobe.eu\/wp-content\/uploads\/COOKIES-POLICY-EU.pdf\" target=\"_blank\" rel=\"noopener\"><span data-preserver-spaces=\"true\">Z\u00e1sady pou\u017e\u00edvania s\u00faborov cookies <\/span><\/a><\/p><p><span data-preserver-spaces=\"true\">&#8211; <\/span><a class=\"editor-rtfLink\" href=\"https:\/\/www.fxglobe.eu\/wp-content\/uploads\/PRIVACY-POLICY-EU.pdf\" target=\"_blank\" rel=\"noopener\"><span data-preserver-spaces=\"true\">Z\u00e1sady ochrany osobn\u00fdch \u00fadajov<\/span><\/a><\/p><p><span data-preserver-spaces=\"true\">&#8211; <\/span><a class=\"editor-rtfLink\" href=\"https:\/\/www.fxglobe.eu\/wp-content\/uploads\/RISK-DISCLOSURE-POLICY-EU.pdf\" target=\"_blank\" rel=\"noopener\"><span data-preserver-spaces=\"true\">Z\u00e1sady zverej\u0148ovania riz\u00edk <\/span><\/a><\/p><p><span data-preserver-spaces=\"true\">&#8211; <\/span><a class=\"editor-rtfLink\" href=\"https:\/\/www.fxglobe.eu\/wp-content\/uploads\/ORDER-EXECUTION-POLICY-EU.pdf\" target=\"_blank\" rel=\"noopener\"><span data-preserver-spaces=\"true\">Z\u00e1sady vykon\u00e1vania objedn\u00e1vok <\/span><\/a><\/p><p><span data-preserver-spaces=\"true\">&#8211; <\/span><a class=\"editor-rtfLink\" href=\"https:\/\/www.fxglobe.eu\/wp-content\/uploads\/CLIENT-AGREEMENT-TERMS-AND-CONDITIONS-EU.pdf\" target=\"_blank\" rel=\"noopener\"><span data-preserver-spaces=\"true\">Zmluvn\u00e9 podmienky pre klientov <\/span><\/a><\/p><p><span data-preserver-spaces=\"true\">&#8211; <\/span><a class=\"editor-rtfLink\" href=\"https:\/\/www.fxglobe.eu\/wp-content\/uploads\/CLIENT-CATEGORISATION-POLICY-EU.pdf\" target=\"_blank\" rel=\"noopener\"><span data-preserver-spaces=\"true\">Z\u00e1sady kategoriz\u00e1cia klientov<\/span><\/a><\/p><p><span data-preserver-spaces=\"true\">&#8211; <\/span><a class=\"editor-rtfLink\" href=\"https:\/\/www.fxglobe.eu\/wp-content\/uploads\/CONFLICTS-OF-INTERESTS-POLICY-EU.pdf\" target=\"_blank\" rel=\"noopener\"><span data-preserver-spaces=\"true\">Politika stretov z\u00e1ujmov<\/span><\/a><\/p><p><span data-preserver-spaces=\"true\">&#8211; <\/span><a class=\"editor-rtfLink\" href=\"https:\/\/www.fxglobe.eu\/wp-content\/uploads\/COMPLAINTS-HANDLING-POLICY-EU.pdf\" target=\"_blank\" rel=\"noopener\"><span data-preserver-spaces=\"true\">Z\u00e1sady vybavovania s\u0165a\u017enost\u00ed <\/span><\/a><\/p><p><span data-preserver-spaces=\"true\">&#8211; <\/span><a class=\"editor-rtfLink\" href=\"https:\/\/www.fxglobe.eu\/wp-content\/uploads\/EXECUTION-QUALITY-SUMMARY-STATEMENT-2018-EU.pdf\" target=\"_blank\" rel=\"noopener\"><span data-preserver-spaces=\"true\">EQSS 2018<\/span><\/a><\/p><p><span data-preserver-spaces=\"true\">&#8211; <\/span><a class=\"editor-rtfLink\" href=\"https:\/\/www.fxglobe.eu\/wp-content\/uploads\/EXECUTION-QUALITY-SUMMARY-STATEMENT-2019-EU.pdf\" target=\"_blank\" rel=\"noopener\"><span data-preserver-spaces=\"true\">EQSS 2019<\/span><\/a><\/p><p><span data-preserver-spaces=\"true\">&#8211; <\/span><a class=\"editor-rtfLink\" href=\"https:\/\/www.fxglobe.eu\/wp-content\/uploads\/EXECUTION-QUALITY-SUMMARY-STATEMENT-2020-EU.pdf\" target=\"_blank\" rel=\"noopener\"><span data-preserver-spaces=\"true\">EQSS 2020<\/span><\/a><\/p><p><span data-preserver-spaces=\"true\">&#8211; <\/span><a class=\"editor-rtfLink\" href=\"https:\/\/www.fxglobe.eu\/wp-content\/uploads\/EXECUTION-QUALITY-SUMMARY-STATEMENT-2021-EU.pdf\" target=\"_blank\" rel=\"noopener\"><span data-preserver-spaces=\"true\">EQSS 2021<\/span><\/a><\/p><p>&#8211; <a href=\"https:\/\/www.fxglobe.eu\/wp-content\/uploads\/2023\/04\/EQSS-2022.pdf\">EQSS 2022<\/a><\/p><p><a href=\"https:\/\/www.fxglobe.eu\/wp-content\/uploads\/EQSS-2023.pdf\" target=\"_blank\" rel=\"noopener\">&#8211; EQSS 2023<\/a><\/p><p>&#8211; <a href=\"https:\/\/www.fxglobe.eu\/wp-content\/uploads\/EQSS-2024.pdf\" target=\"_blank\" rel=\"noopener\">EQSS 2024<\/a><\/p><p><span data-preserver-spaces=\"true\">&#8211; <\/span><a class=\"editor-rtfLink\" href=\"https:\/\/www.fxglobe.eu\/wp-content\/uploads\/INVESTOR-COMPENSATION-FUND-POLICY-EU.pdf\" target=\"_blank\" rel=\"noopener\"><span data-preserver-spaces=\"true\">Z\u00e1sady fondu pre od\u0161kodnenie investorov<\/span><\/a><\/p><p><span data-preserver-spaces=\"true\">&#8211; <\/span><a class=\"editor-rtfLink\" href=\"https:\/\/www.fxglobe.eu\/wp-content\/uploads\/2023\/12\/202311_Key_Information_Document_Commodities_Slovak-V4.pdf\" target=\"_blank\" rel=\"noopener\"><span data-preserver-spaces=\"true\">Dokument s inform\u00e1ciami o komodit\u00e1ch CFD<\/span><\/a><\/p><p><span data-preserver-spaces=\"true\">&#8211; <\/span><a class=\"editor-rtfLink\" href=\"https:\/\/www.fxglobe.eu\/wp-content\/uploads\/2023\/12\/202311_Key_Information_Document_Indices_Slovak-V4.pdf\" target=\"_blank\" rel=\"noopener\"><span data-preserver-spaces=\"true\">KID Index CFDs<\/span><\/a><\/p><p><span data-preserver-spaces=\"true\">&#8211; <\/span><a class=\"editor-rtfLink\" href=\"https:\/\/www.fxglobe.eu\/wp-content\/uploads\/2023\/12\/202311__Key-information-document-Equities_Slovak-V4.pdf\" target=\"_blank\" rel=\"noopener\"><span data-preserver-spaces=\"true\">Dokument s k\u013e\u00fa\u010dov\u00fdmi inform\u00e1ciami o vlastnom kapit\u00e1le CFD<\/span><\/a><\/p><p><span data-preserver-spaces=\"true\">&#8211; <\/span><a class=\"editor-rtfLink\" href=\"https:\/\/www.fxglobe.eu\/wp-content\/uploads\/2023\/12\/202311__Key_Information_Document_FX_Slovak-V4.pdf\" target=\"_blank\" rel=\"noopener\"><span data-preserver-spaces=\"true\">Dokument s k\u013e\u00fa\u010dov\u00fdmi inform\u00e1ciami o Forex CFD<\/span><\/a><\/p><p><span data-preserver-spaces=\"true\">&#8211; <\/span><a class=\"editor-rtfLink\" href=\"https:\/\/www.fxglobe.eu\/wp-content\/uploads\/2022\/12\/esma70.pdf\" target=\"_blank\" rel=\"noopener\"><span data-preserver-spaces=\"true\">Osobn\u00e9 identifika\u010dn\u00e9 \u010d\u00edslo pod\u013ea krajiny<\/span><\/a><\/p><p><span data-preserver-spaces=\"true\">&#8211; <a href=\"https:\/\/www.fxglobe.eu\/wp-content\/uploads\/2022\/12\/Pillar_III_Disclosures.pdf\">Zverejnenie inform\u00e1ci\u00ed v r\u00e1mci piliera III<\/a><\/span><\/p><p><span data-preserver-spaces=\"true\">&#8211; <a href=\"https:\/\/www.fxglobe.eu\/wp-content\/uploads\/2022\/12\/newFxGlobe_Pillar3-2020.pdf\">Zverejnenie inform\u00e1ci\u00ed v r\u00e1mci piliera III 2020<\/a><\/span><\/p><p><span data-preserver-spaces=\"true\">&#8211; <a href=\"https:\/\/www.fxglobe.eu\/wp-content\/uploads\/2022\/12\/newFxGlobe_Pillar3-2021.pdf\" target=\"_blank\" rel=\"noopener\">Zverejnenie inform\u00e1ci\u00ed v r\u00e1mci piliera III 2021<\/a><\/span><\/p><p><span data-preserver-spaces=\"true\">&#8211; <a href=\"https:\/\/www.fxglobe.eu\/wp-content\/uploads\/2024\/01\/FXGlobe-Limited-Pillar-III-2022.pdf\" target=\"_blank\" rel=\"noopener\">Zverej\u0148ovanie inform\u00e1ci\u00ed v r\u00e1mci III. piliera 2022 <\/a><\/span><\/p><p><a href=\"https:\/\/www.fxglobe.eu\/wp-content\/uploads\/FXGlobe-Limited-Pillar-III-2023.pdf\" target=\"_blank\" rel=\"noopener\">&#8211; Zverej\u0148ovanie inform\u00e1ci\u00ed v r\u00e1mci III. piliera 2023<\/a><\/p><p>&#8211; <a href=\"https:\/\/www.fxglobe.eu\/wp-content\/uploads\/FXGLOBE-Pillar-III-2024.pdf\" target=\"_blank\" rel=\"noopener\">Zverej\u0148ovanie inform\u00e1ci\u00ed v r\u00e1mci III. piliera 2024<\/a><\/p>\t\t\t\t\t\t\t\t<\/div>\n\t\t\t\t<\/div>\n\t\t\t\t\t<\/div>\n\t\t\t\t<\/div>\n\t\t\t\t\t<\/div>\n\t\t\t\t<\/div>\n\t\t\t\t<\/div>\n\t\t","protected":false},"excerpt":{"rendered":"<p>O n\u00e1s Pr\u00e1vne dokumenty. Dokumenty. A teraz tie nudnej\u0161ie veci. Pred obchodovan\u00edm sa uistite, \u017ee rozumiete t\u00fdmto dokumentom. Doporu\u010dujeme v\u00e1m nalia\u0165 si nie\u010do dobr\u00e9, posadi\u0165 sa k ve\u010deru pln\u00e9mu \u010d\u00edtania a da\u0165 si nohy na st\u00f4l. Ke\u010f\u017ee sa jedn\u00e1 o regulovan\u00e9ho brokera, je d\u00f4le\u017eit\u00e9, aby ste t\u00fdmto podmienkam pred obchodovan\u00edm rozumeli. Pokia\u013e potrebujete papierov\u00fa k\u00f3piu [&hellip;]<\/p>\n","protected":false},"author":12,"featured_media":0,"parent":7690,"menu_order":0,"comment_status":"closed","ping_status":"closed","template":"","meta":{"_acf_changed":false,"_seopress_robots_primary_cat":"","_seopress_titles_title":"","_seopress_titles_desc":"","_seopress_robots_index":"","footnotes":""},"class_list":["post-7666","page","type-page","status-publish","hentry"],"acf":[],"_links":{"self":[{"href":"https:\/\/www.fxglobe.eu\/sk\/wp-json\/wp\/v2\/pages\/7666","targetHints":{"allow":["GET"]}}],"collection":[{"href":"https:\/\/www.fxglobe.eu\/sk\/wp-json\/wp\/v2\/pages"}],"about":[{"href":"https:\/\/www.fxglobe.eu\/sk\/wp-json\/wp\/v2\/types\/page"}],"author":[{"embeddable":true,"href":"https:\/\/www.fxglobe.eu\/sk\/wp-json\/wp\/v2\/users\/12"}],"replies":[{"embeddable":true,"href":"https:\/\/www.fxglobe.eu\/sk\/wp-json\/wp\/v2\/comments?post=7666"}],"version-history":[{"count":0,"href":"https:\/\/www.fxglobe.eu\/sk\/wp-json\/wp\/v2\/pages\/7666\/revisions"}],"up":[{"embeddable":true,"href":"https:\/\/www.fxglobe.eu\/sk\/wp-json\/wp\/v2\/pages\/7690"}],"wp:attachment":[{"href":"https:\/\/www.fxglobe.eu\/sk\/wp-json\/wp\/v2\/media?parent=7666"}],"curies":[{"name":"wp","href":"https:\/\/api.w.org\/{rel}","templated":true}]}}